{"id":6384,"date":"2025-10-05T20:48:15","date_gmt":"2025-10-05T18:48:15","guid":{"rendered":"https:\/\/modeco-sklep.pl\/?post_type=product&#038;p=6384"},"modified":"2025-10-05T20:48:47","modified_gmt":"2025-10-05T18:48:47","slug":"rattan-seawood","status":"publish","type":"product","link":"https:\/\/modeco-sklep.pl\/it\/rattan-seawood\/","title":{"rendered":"RATTAN SEAWOOD"},"content":{"rendered":"<h3 data-start=\"167\" data-end=\"230\"><strong data-start=\"171\" data-end=\"230\"> Il rattan: uno stile che conferisce carattere agli interni<\/strong><\/h3>\n<h4 data-start=\"232\" data-end=\"616\">Distinguete la vostra auto con uno stile unico grazie alla pelle ecologica Rattan, un materiale che unisce la classica eleganza dell'intreccio alla moderna resistenza e al comfort d'uso.<br data-start=\"409\" data-end=\"412\" \/>Il delicato motivo goffrato ispirato al rattan naturale conferisce agli interni una profondit\u00e0 unica e un aspetto lussuoso, integrandosi perfettamente con i design classici e moderni dei rivestimenti per auto.<\/h4>\n<h4 data-start=\"618\" data-end=\"879\">\u00c8 la scelta perfetta per chi apprezza il design, la durata e la facilit\u00e0 di manutenzione. L'ecopelle Rattan \u00e8 resistente all'abrasione, ai raggi UV e agli sbalzi di temperatura: \u00e8 ideale sia per il restauro di auto d'epoca che per progetti personalizzati moderni.<\/h4>\n<p>&nbsp;<\/p>\n<p>&nbsp;<\/p>\n<p><strong data-start=\"733\" data-end=\"760\">Caratteristiche tecniche:<\/strong><\/p>\n<p data-start=\"1022\" data-end=\"1051\"><strong data-start=\"1022\" data-end=\"1032\">Composizione:<\/strong> 100% Vinile (PVC)<\/p>\n<p data-start=\"1054\" data-end=\"1083\"><strong data-start=\"1054\" data-end=\"1066\">Fondotinta:<\/strong> 100% Poliestere<\/p>\n<p data-start=\"1086\" data-end=\"1111\"><strong data-start=\"1086\" data-end=\"1100\">Grammatura:<\/strong> 850 g\/m\u00b2<\/p>\n<p data-start=\"1114\" data-end=\"1142\"><strong data-start=\"1114\" data-end=\"1128\">Larghezza:<\/strong> 140 cm \u00b1 2%<\/p>\n<p data-start=\"1145\" data-end=\"1189\"><strong data-start=\"1145\" data-end=\"1180\">Resistenza ai raggi UV:<\/strong> alta<\/p>\n<p data-start=\"1192\" data-end=\"1212\"><strong data-start=\"1192\" data-end=\"1210\">Difficolt\u00e0 di combustione:<\/strong><\/p>\n<p data-start=\"1217\" data-end=\"1238\">UNE 1021 parte 1 e 2<\/p>\n<p data-start=\"1243\" data-end=\"1250\">AM 18<\/p>\n<p data-start=\"1255\" data-end=\"1259\">M2<\/p>\n<p data-start=\"1264\" data-end=\"1293\">BS 5852 (Sigaretta e fiammifero)<\/p>\n<p data-start=\"1296\" data-end=\"1378\"><strong data-start=\"1296\" data-end=\"1321\">Resistenza all'usura:<\/strong> alta \u2013 materiale dedicato alla tappezzeria automobilistica<\/p>\n<p data-start=\"1381\" data-end=\"1454\"><strong data-start=\"1381\" data-end=\"1403\">Facile manutenzione:<\/strong> pu\u00f2 essere pulito con prodotti standard per pelle ecologica<\/p>\n<p>&nbsp;<\/p>\n<p>Il prezzo si riferisce a 1 metro lineare (100 x 140 cm)<\/p>","protected":false},"excerpt":{"rendered":"<p>Rattan: uno stile che conferisce carattere agli interni Distinguete la vostra auto con uno stile unico grazie alla pelle ecologica Rattan, un materiale che unisce la classica eleganza dell'intreccio alla moderna resistenza e al comfort d'uso.Il delicato motivo goffrato ispirato al rattan naturale conferisce agli interni una profondit\u00e0 unica e un aspetto lussuoso, integrandosi perfettamente con i design classici e moderni dei rivestimenti per auto. \u00c8 la scelta perfetta per...<\/p>","protected":false},"featured_media":6385,"comment_status":"open","ping_status":"closed","template":"","meta":{"_acf_changed":false,"_kad_blocks_custom_css":"","_kad_blocks_head_custom_js":"","_kad_blocks_body_custom_js":"","_kad_blocks_footer_custom_js":"","_kad_post_transparent":"","_kad_post_title":"","_kad_post_layout":"","_kad_post_sidebar_id":"","_kad_post_content_style":"","_kad_post_vertical_padding":"","_kad_post_feature":"","_kad_post_feature_position":"","_kad_post_header":false,"_kad_post_footer":false,"_kad_post_classname":""},"product_brand":[17],"product_cat":[135],"product_tag":[],"class_list":{"0":"post-6384","1":"product","2":"type-product","3":"status-publish","4":"has-post-thumbnail","6":"product_brand-modeco","7":"product_cat-rattan","9":"first","10":"instock","11":"shipping-taxable","12":"purchasable","13":"product-type-simple","14":"entry","15":"content-bg","16":"loop-entry"},"acf":[],"taxonomy_info":{"product_brand":[{"value":17,"label":"MODECO"}],"product_cat":[{"value":135,"label":"RATTAN"}]},"featured_image_src_large":["https:\/\/modeco-sklep.pl\/wp-content\/uploads\/2025\/10\/seawood-1024x683.jpg",1024,683,true],"author_info":[],"comment_info":0,"_links":{"self":[{"href":"https:\/\/modeco-sklep.pl\/it\/wp-json\/wp\/v2\/product\/6384","targetHints":{"allow":["GET"]}}],"collection":[{"href":"https:\/\/modeco-sklep.pl\/it\/wp-json\/wp\/v2\/product"}],"about":[{"href":"https:\/\/modeco-sklep.pl\/it\/wp-json\/wp\/v2\/types\/product"}],"replies":[{"embeddable":true,"href":"https:\/\/modeco-sklep.pl\/it\/wp-json\/wp\/v2\/comments?post=6384"}],"wp:featuredmedia":[{"embeddable":true,"href":"https:\/\/modeco-sklep.pl\/it\/wp-json\/wp\/v2\/media\/6385"}],"wp:attachment":[{"href":"https:\/\/modeco-sklep.pl\/it\/wp-json\/wp\/v2\/media?parent=6384"}],"wp:term":[{"taxonomy":"product_brand","embeddable":true,"href":"https:\/\/modeco-sklep.pl\/it\/wp-json\/wp\/v2\/product_brand?post=6384"},{"taxonomy":"product_cat","embeddable":true,"href":"https:\/\/modeco-sklep.pl\/it\/wp-json\/wp\/v2\/product_cat?post=6384"},{"taxonomy":"product_tag","embeddable":true,"href":"https:\/\/modeco-sklep.pl\/it\/wp-json\/wp\/v2\/product_tag?post=6384"}],"curies":[{"name":"wp","href":"https:\/\/api.w.org\/{rel}","templated":true}]}}