{"id":6038,"date":"2025-09-14T20:53:38","date_gmt":"2025-09-14T18:53:38","guid":{"rendered":"https:\/\/modeco-sklep.pl\/?post_type=product&#038;p=6038"},"modified":"2025-09-14T20:54:21","modified_gmt":"2025-09-14T18:54:21","slug":"superplush-quadrato-blu","status":"publish","type":"product","link":"https:\/\/modeco-sklep.pl\/it\/superplush-square-blue\/","title":{"rendered":"SUPERPLUSH SQUARE \u2013 BLU"},"content":{"rendered":"<p data-start=\"129\" data-end=\"174\"><strong data-start=\"129\" data-end=\"172\">SUPERPLUSH \u2013 il lusso nella tua auto<\/strong><\/p>\n<p data-start=\"176\" data-end=\"372\">Il materiale SUPERPLUSH \u00e8 sinonimo di comfort e prestigio all'interno del veicolo. Il velluto morbido e piacevole al tatto \u00e8 perfetto come rivestimento per auto, conferendo agli interni un carattere unico.<\/p>\n<p data-start=\"631\" data-end=\"860\">SUPERPLUSH \u00e8 perfetto sia per rivestire i sedili che per tappezzare le pareti o i soffitti dei veicoli. \u00c8 la scelta ideale per l'allestimento e la conversione di camper, dove contano l'aspetto lussuoso e il massimo comfort di viaggio.<\/p>\n<hr data-start=\"862\" data-end=\"867\" \/>\n<p data-rm-block-id=\"block-2\"><strong>Propriet\u00e0:<\/strong><\/p>\n<ul>\n<li data-rm-block-id=\"block-3\">Morbido al tatto<\/li>\n<li data-rm-block-id=\"block-4\">Traspirante<\/li>\n<li data-rm-block-id=\"block-5\">Struttura di lusso<\/li>\n<li data-rm-block-id=\"block-6\">Ottima durata<\/li>\n<li data-rm-block-id=\"block-8\">Temperatura superficiale confortevole, indipendentemente dalla temperatura ambiente<\/li>\n<li data-rm-block-id=\"block-9\">Facile da pulire e mantenere<\/li>\n<li data-rm-block-id=\"block-10\">Ampia possibilit\u00e0 di adattamento a diverse specifiche, funzioni e applicazioni<\/li>\n<\/ul>\n<p data-rm-block-id=\"block-11\"><strong>Specifiche:<\/strong><\/p>\n<ul>\n<li data-rm-block-id=\"block-12\">Larghezza: 150 cm<\/li>\n<li data-rm-block-id=\"block-13\">Composizione: 100% poliestere<\/li>\n<\/ul>\n<p data-rm-block-id=\"block-14\">Applicazione:<\/p>\n<ul>\n<li data-rm-block-id=\"block-15\">Rivestimento dei sedili<\/li>\n<li data-rm-block-id=\"block-16\">Pareti e soffitto nei furgoni<\/li>\n<\/ul>\n<p data-rm-block-id=\"block-18\"><span style=\"font-size: 16px;\"><strong>Dettagli del prodotto:<\/strong><\/span><\/p>\n<p data-rm-block-id=\"block-19\"><span style=\"font-size: 16px;\">Acquistando 1 pezzo, acquisti 1 metro lineare di materiale (100 cm x 150 cm).<\/span><\/p>","protected":false},"excerpt":{"rendered":"<p>SUPERPLUSH \u2013 il lusso nella tua auto Il materiale SUPERPLUSH \u00e8 sinonimo di comfort e prestigio all'interno del veicolo. Morbido e piacevole al tatto, il velluto \u00e8 perfetto come rivestimento per auto, conferendo agli interni un carattere unico. SUPERPLUSH \u00e8 ideale sia per rivestire i sedili che per tappezzare le pareti o i soffitti del veicolo. \u00c8 la scelta perfetta per l'allestimento e la conversione di camper,...<\/p>","protected":false},"featured_media":6039,"comment_status":"closed","ping_status":"closed","template":"","meta":{"_acf_changed":false,"_kad_blocks_custom_css":"","_kad_blocks_head_custom_js":"","_kad_blocks_body_custom_js":"","_kad_blocks_footer_custom_js":"","_kad_post_transparent":"","_kad_post_title":"","_kad_post_layout":"","_kad_post_sidebar_id":"","_kad_post_content_style":"","_kad_post_vertical_padding":"","_kad_post_feature":"","_kad_post_feature_position":"","_kad_post_header":false,"_kad_post_footer":false,"_kad_post_classname":""},"product_brand":[17],"product_cat":[147],"product_tag":[],"class_list":{"0":"post-6038","1":"product","2":"type-product","3":"status-publish","4":"has-post-thumbnail","6":"product_brand-modeco","7":"product_cat-superplush","9":"first","10":"instock","11":"purchasable","12":"product-type-simple","13":"entry","14":"content-bg","15":"loop-entry"},"acf":[],"taxonomy_info":{"product_brand":[{"value":17,"label":"MODECO"}],"product_cat":[{"value":147,"label":"SUPREME SUPERPLUSH"}]},"featured_image_src_large":["https:\/\/modeco-sklep.pl\/wp-content\/uploads\/2025\/09\/IMG_20250914_0017-1024x683.jpg",1024,683,true],"author_info":[],"comment_info":0,"_links":{"self":[{"href":"https:\/\/modeco-sklep.pl\/it\/wp-json\/wp\/v2\/product\/6038","targetHints":{"allow":["GET"]}}],"collection":[{"href":"https:\/\/modeco-sklep.pl\/it\/wp-json\/wp\/v2\/product"}],"about":[{"href":"https:\/\/modeco-sklep.pl\/it\/wp-json\/wp\/v2\/types\/product"}],"replies":[{"embeddable":true,"href":"https:\/\/modeco-sklep.pl\/it\/wp-json\/wp\/v2\/comments?post=6038"}],"wp:featuredmedia":[{"embeddable":true,"href":"https:\/\/modeco-sklep.pl\/it\/wp-json\/wp\/v2\/media\/6039"}],"wp:attachment":[{"href":"https:\/\/modeco-sklep.pl\/it\/wp-json\/wp\/v2\/media?parent=6038"}],"wp:term":[{"taxonomy":"product_brand","embeddable":true,"href":"https:\/\/modeco-sklep.pl\/it\/wp-json\/wp\/v2\/product_brand?post=6038"},{"taxonomy":"product_cat","embeddable":true,"href":"https:\/\/modeco-sklep.pl\/it\/wp-json\/wp\/v2\/product_cat?post=6038"},{"taxonomy":"product_tag","embeddable":true,"href":"https:\/\/modeco-sklep.pl\/it\/wp-json\/wp\/v2\/product_tag?post=6038"}],"curies":[{"name":"wp","href":"https:\/\/api.w.org\/{rel}","templated":true}]}}