{"id":6019,"date":"2025-09-14T13:00:41","date_gmt":"2025-09-14T11:00:41","guid":{"rendered":"https:\/\/modeco-sklep.pl\/?post_type=product&#038;p=6019"},"modified":"2026-02-02T20:24:07","modified_gmt":"2026-02-02T19:24:07","slug":"slim-supreme-pelle-scamosciata-beige-chiaro","status":"publish","type":"product","link":"https:\/\/modeco-sklep.pl\/it\/slim-supreme-suede-light-beige\/","title":{"rendered":"SLIM SUPREME SUEDE \u2013 BEIGE CHIARO"},"content":{"rendered":"<h4><strong>Tessuto per auto SLIM  SUPREME SUEDE STRETCH<\/strong><\/h4>\n<h4>Materiale speciale SUEDE<br \/>\nHa un pelo corto e morbido che cambia direzione quando lo si sfiora con la mano. \u00c8 elastico e si adatta perfettamente alla forma degli elementi. Il materiale ha uno speciale rivestimento, non ha spugna. Non appesantisce gli elementi incollati. Creato per incollare montanti e tendine parasole. Utilizzato anche per incollare battenti di porte, cruscotti, elementi decorativi.<\/h4>\n<h4>\u2705 <strong>Flessibile e facile da montare<\/strong><br \/>\n\u2705 <strong>Larghezza del tessuto: 150 cm<\/strong><\/h4>\n<h2 style=\"color: #444444; display: block; box-sizing: border-box; background-color: transparent;\"><span style=\"font-size: 11pt;\"><span style=\"line-height: normal;\"><span style=\"font-size: 12.0pt;\"><span style=\"color: #444444;\">Il prezzo si intende per 1 metro lineare (100 x 150 cm).<\/span><\/span><\/span><\/span><br \/>\n<span style=\"font-size: 11pt;\"><span style=\"line-height: normal;\"><span style=\"font-size: 12.0pt;\"><span style=\"color: #444444;\">In caso di acquisto di pi\u00f9 metri, cerchiamo di inviare il materiale in un unico pezzo.<\/span><\/span><\/span><\/span><\/h2>\n<p>&nbsp;<\/p>\n<p>&nbsp;<\/p>\n<p>&nbsp;<\/p>\n<p>&nbsp;<\/p>\n<p>&nbsp;<\/p>\n<p>&nbsp;<\/p>\n<p>&nbsp;<\/p>\n<p>&nbsp;<\/p>","protected":false},"excerpt":{"rendered":"<p>Tessuto per auto SLIM  SUPREME SUEDE STRETCH Materiale speciale SUEDE Ha un pelo corto e morbido che cambia direzione quando lo si sfiora con la mano. \u00c8 elastico e si adatta perfettamente alla forma degli elementi. Il materiale ha uno speciale rivestimento, non ha spugna. Non appesantisce gli elementi rivestiti. Creato per rivestire montanti e tendine parasole. Utilizzato anche per incollare i battitacchi delle portiere, i cruscotti, gli elementi decorativi...<\/p>","protected":false},"featured_media":7366,"comment_status":"closed","ping_status":"closed","template":"","meta":{"_acf_changed":false,"_kad_blocks_custom_css":"","_kad_blocks_head_custom_js":"","_kad_blocks_body_custom_js":"","_kad_blocks_footer_custom_js":"","_kad_post_transparent":"default","_kad_post_title":"","_kad_post_layout":"default","_kad_post_sidebar_id":"","_kad_post_content_style":"default","_kad_post_vertical_padding":"default","_kad_post_feature":"","_kad_post_feature_position":"","_kad_post_header":false,"_kad_post_footer":false,"_kad_post_classname":""},"product_brand":[17],"product_cat":[117,110,125,18],"product_tag":[],"class_list":{"0":"post-6019","1":"product","2":"type-product","3":"status-publish","4":"has-post-thumbnail","6":"product_brand-modeco","7":"product_cat-material-na-slupki","8":"product_cat-supreme-suede-stretch","9":"product_cat-material-na-slupki-supreme-suede-podsufitki","10":"product_cat-tkaniny-na-podsufitki-samochodowe","12":"first","13":"instock","14":"purchasable","15":"product-type-simple","16":"entry","17":"content-bg","18":"loop-entry"},"acf":[],"taxonomy_info":{"product_brand":[{"value":17,"label":"MODECO"}],"product_cat":[{"value":117,"label":"MATERIA\u0141 NA S\u0141UPKI ( bez pianki)"},{"value":110,"label":"SUPREME SUEDE STRETCH"},{"value":125,"label":"SUPREME SUEDE STRETCH SLIM - S\u0141UPKI"},{"value":18,"label":"TKANINY NA PODSUFITKI"}]},"featured_image_src_large":["https:\/\/modeco-sklep.pl\/wp-content\/uploads\/2025\/09\/light-beige-1-1024x683.png",1024,683,true],"author_info":[],"comment_info":0,"_links":{"self":[{"href":"https:\/\/modeco-sklep.pl\/it\/wp-json\/wp\/v2\/product\/6019","targetHints":{"allow":["GET"]}}],"collection":[{"href":"https:\/\/modeco-sklep.pl\/it\/wp-json\/wp\/v2\/product"}],"about":[{"href":"https:\/\/modeco-sklep.pl\/it\/wp-json\/wp\/v2\/types\/product"}],"replies":[{"embeddable":true,"href":"https:\/\/modeco-sklep.pl\/it\/wp-json\/wp\/v2\/comments?post=6019"}],"wp:featuredmedia":[{"embeddable":true,"href":"https:\/\/modeco-sklep.pl\/it\/wp-json\/wp\/v2\/media\/7366"}],"wp:attachment":[{"href":"https:\/\/modeco-sklep.pl\/it\/wp-json\/wp\/v2\/media?parent=6019"}],"wp:term":[{"taxonomy":"product_brand","embeddable":true,"href":"https:\/\/modeco-sklep.pl\/it\/wp-json\/wp\/v2\/product_brand?post=6019"},{"taxonomy":"product_cat","embeddable":true,"href":"https:\/\/modeco-sklep.pl\/it\/wp-json\/wp\/v2\/product_cat?post=6019"},{"taxonomy":"product_tag","embeddable":true,"href":"https:\/\/modeco-sklep.pl\/it\/wp-json\/wp\/v2\/product_tag?post=6019"}],"curies":[{"name":"wp","href":"https:\/\/api.w.org\/{rel}","templated":true}]}}