{"id":5909,"date":"2025-09-06T23:33:51","date_gmt":"2025-09-06T21:33:51","guid":{"rendered":"https:\/\/modeco-sklep.pl\/?post_type=product&#038;p=5909"},"modified":"2025-09-06T23:34:27","modified_gmt":"2025-09-06T21:34:27","slug":"pietra-delloasi","status":"publish","type":"product","link":"https:\/\/modeco-sklep.pl\/it\/oasis-stone\/","title":{"rendered":"OASIS STONE"},"content":{"rendered":"<h2 data-start=\"168\" data-end=\"241\">Rivestimento esterno per terrazza MIAMI \u2013 pavimento lussuoso e impermeabile<\/h2>\n<p data-start=\"243\" data-end=\"556\"><strong data-start=\"243\" data-end=\"283\">Rivestimento esterno per terrazza MIAMI<\/strong> \u00e8 la soluzione ideale per chi cerca un pavimento esterno resistente ed elegante. Il prodotto \u00e8 realizzato in <strong data-start=\"398\" data-end=\"432\">100% in materiale impermeabile<\/strong>, grazie al quale mantiene il suo aspetto e la sua funzionalit\u00e0 durante tutto l'anno, indipendentemente dalla pioggia o dal sole intenso.<\/p>\n<p data-start=\"558\" data-end=\"776\">Il nostro lussuoso rivestimento presenta <strong data-start=\"593\" data-end=\"648\">speciale sottofondo resistente all'uso intensivo<\/strong>, il che lo rende perfetto non solo per terrazze, ma anche per balconi, patii o zone relax in giardino.<\/p>\n<h3 data-start=\"778\" data-end=\"821\">Perch\u00e9 scegliere la moquette MIAMI?<\/h3>\n<ul data-start=\"822\" data-end=\"1111\">\n<li data-start=\"822\" data-end=\"882\">\n<p data-start=\"824\" data-end=\"882\">100% impermeabilit\u00e0 e resistenza agli agenti atmosferici,<\/p>\n<\/li>\n<li data-start=\"883\" data-end=\"943\">\n<p data-start=\"885\" data-end=\"943\">design elegante e moderno che si adatta a qualsiasi terrazza,<\/p>\n<\/li>\n<li data-start=\"944\" data-end=\"1005\">\n<p data-start=\"946\" data-end=\"1005\">struttura resistente adatta ad un uso frequente<\/p>\n<\/li>\n<li data-start=\"944\" data-end=\"1005\">\n<p data-start=\"946\" data-end=\"1005\">\u00a0pulizia rapida,<\/p>\n<\/li>\n<li data-start=\"1046\" data-end=\"1111\">\n<p data-start=\"1048\" data-end=\"1111\">ideale per <strong data-start=\"1059\" data-end=\"1108\">terrazza, balcone, patio e zona piscina<\/strong>.<\/p>\n<\/li>\n<\/ul>\n<p data-start=\"415\" data-end=\"972\"><strong>Larghezza del rivestimento: 400 cm\u00a0<\/strong><\/p>\n<p data-start=\"415\" data-end=\"972\"><strong>Composizione: 100% Polipropilene<\/strong><\/p>\n<p data-start=\"415\" data-end=\"972\"><strong>Spessore totale: 6 mm<\/strong><\/p>\n<p data-start=\"415\" data-end=\"972\"><strong>Resistenza alla luce: &gt;5\u00a0<\/strong><\/p>\n<p>&nbsp;<\/p>\n<p>Il prezzo si riferisce a 1 metro lineare 100 x 400 cm.<\/p>\n<p>Ordine minimo da 2 metri lineari<\/p>\n<p>&nbsp;<\/p>\n<p>&nbsp;<\/p>","protected":false},"excerpt":{"rendered":"<p>Rivestimento esterno per terrazze MIAMI \u2013 pavimento lussuoso e impermeabile Il rivestimento esterno per terrazze MIAMI \u00e8 la soluzione ideale per chi cerca un pavimento esterno resistente ed elegante. Il prodotto \u00e8 realizzato in 100%, un materiale impermeabile che mantiene il suo aspetto e la sua funzionalit\u00e0 tutto l'anno, indipendentemente dalla pioggia o dal sole intenso. Il nostro...<\/p>","protected":false},"featured_media":5910,"comment_status":"open","ping_status":"closed","template":"","meta":{"_acf_changed":false,"_kad_blocks_custom_css":"","_kad_blocks_head_custom_js":"","_kad_blocks_body_custom_js":"","_kad_blocks_footer_custom_js":"","_kad_post_transparent":"","_kad_post_title":"","_kad_post_layout":"","_kad_post_sidebar_id":"","_kad_post_content_style":"","_kad_post_vertical_padding":"","_kad_post_feature":"","_kad_post_feature_position":"","_kad_post_header":false,"_kad_post_footer":false,"_kad_post_classname":""},"product_brand":[17],"product_cat":[153],"product_tag":[],"class_list":{"0":"post-5909","1":"product","2":"type-product","3":"status-publish","4":"has-post-thumbnail","6":"product_brand-modeco","7":"product_cat-wykladziny-zewnetrzne","9":"first","10":"onbackorder","11":"shipping-taxable","12":"purchasable","13":"product-type-simple","14":"entry","15":"content-bg","16":"loop-entry"},"acf":[],"taxonomy_info":{"product_brand":[{"value":17,"label":"MODECO"}],"product_cat":[{"value":153,"label":"WYK\u0141ADZINY ZEWN\u0118TRZNE NA TARAS"}]},"featured_image_src_large":["https:\/\/modeco-sklep.pl\/wp-content\/uploads\/2025\/09\/03_OASI_STONE_650-e1699271338813.jpg",1000,667,false],"author_info":[],"comment_info":0,"_links":{"self":[{"href":"https:\/\/modeco-sklep.pl\/it\/wp-json\/wp\/v2\/product\/5909","targetHints":{"allow":["GET"]}}],"collection":[{"href":"https:\/\/modeco-sklep.pl\/it\/wp-json\/wp\/v2\/product"}],"about":[{"href":"https:\/\/modeco-sklep.pl\/it\/wp-json\/wp\/v2\/types\/product"}],"replies":[{"embeddable":true,"href":"https:\/\/modeco-sklep.pl\/it\/wp-json\/wp\/v2\/comments?post=5909"}],"wp:featuredmedia":[{"embeddable":true,"href":"https:\/\/modeco-sklep.pl\/it\/wp-json\/wp\/v2\/media\/5910"}],"wp:attachment":[{"href":"https:\/\/modeco-sklep.pl\/it\/wp-json\/wp\/v2\/media?parent=5909"}],"wp:term":[{"taxonomy":"product_brand","embeddable":true,"href":"https:\/\/modeco-sklep.pl\/it\/wp-json\/wp\/v2\/product_brand?post=5909"},{"taxonomy":"product_cat","embeddable":true,"href":"https:\/\/modeco-sklep.pl\/it\/wp-json\/wp\/v2\/product_cat?post=5909"},{"taxonomy":"product_tag","embeddable":true,"href":"https:\/\/modeco-sklep.pl\/it\/wp-json\/wp\/v2\/product_tag?post=5909"}],"curies":[{"name":"wp","href":"https:\/\/api.w.org\/{rel}","templated":true}]}}