{"id":5853,"date":"2025-09-03T22:53:00","date_gmt":"2025-09-03T20:53:00","guid":{"rendered":"https:\/\/modeco-sklep.pl\/?post_type=product&#038;p=5853"},"modified":"2025-09-03T22:53:30","modified_gmt":"2025-09-03T20:53:30","slug":"oceania-cirro","status":"publish","type":"product","link":"https:\/\/modeco-sklep.pl\/it\/oceania-cirro\/","title":{"rendered":"OCEANIA CIRRO"},"content":{"rendered":"<p><strong data-start=\"89\" data-end=\"100\">Oceania<\/strong> \u00e8 una moquette di tipo tufting cut pile realizzata in 100% in poliammide. Questo materiale si distingue per la sua eccezionale durata e il rapido processo di produzione, che lo rende perfetto per il settore nautico, dove sono fondamentali la resistenza all'uso intensivo e la puntualit\u00e0 nella realizzazione.<br data-start=\"381\" data-end=\"384\" \/>Oceania \u00e8 disponibile in una ricca gamma di 50 tonalit\u00e0, che offre ampie possibilit\u00e0 di arredamento e consente di adattare la moquette al carattere individuale di ogni unit\u00e0.<\/p>\n<p data-start=\"415\" data-end=\"972\"><strong>Larghezza del rivestimento: 400 cm\u00a0<\/strong><\/p>\n<p data-start=\"415\" data-end=\"972\"><strong>Spessore totale: 5,8 mm<\/strong><\/p>\n<p data-start=\"415\" data-end=\"972\"><strong>Resistenza alla luce: &gt;5\u00a0<\/strong><\/p>\n<p data-start=\"576\" data-end=\"600\"><strong data-start=\"576\" data-end=\"598\">Resistenza al fuoco: classe Bfl-s1<\/strong><\/p>\n<p>&nbsp;<\/p>\n<p>Il prezzo si riferisce a 1 metro lineare 100 x 400 cm.<\/p>\n<p>Ordine minimo da 2 metri lineari<\/p>\n<p>&nbsp;<\/p>\n<p>&nbsp;<\/p>","protected":false},"excerpt":{"rendered":"<p>Oceania \u00e8 una moquette tufting cut pile realizzata in 100% in poliammide. Questo materiale si distingue per la sua eccezionale durata e il rapido processo di produzione, che lo rendono perfetto per il settore nautico, dove sono fondamentali la resistenza all'uso intensivo e la puntualit\u00e0 nella realizzazione. Oceania \u00e8 disponibile in una ricca palette di 50 tonalit\u00e0, che offre ampie possibilit\u00e0 di arredamento e permette...<\/p>","protected":false},"featured_media":5854,"comment_status":"open","ping_status":"closed","template":"","meta":{"_acf_changed":false,"_kad_blocks_custom_css":"","_kad_blocks_head_custom_js":"","_kad_blocks_body_custom_js":"","_kad_blocks_footer_custom_js":"","_kad_post_transparent":"","_kad_post_title":"","_kad_post_layout":"","_kad_post_sidebar_id":"","_kad_post_content_style":"","_kad_post_vertical_padding":"","_kad_post_feature":"","_kad_post_feature_position":"","_kad_post_header":false,"_kad_post_footer":false,"_kad_post_classname":""},"product_brand":[17],"product_cat":[151],"product_tag":[],"class_list":{"0":"post-5853","1":"product","2":"type-product","3":"status-publish","4":"has-post-thumbnail","6":"product_brand-modeco","7":"product_cat-oceania","9":"first","10":"onbackorder","11":"shipping-taxable","12":"purchasable","13":"product-type-simple","14":"entry","15":"content-bg","16":"loop-entry"},"acf":[],"taxonomy_info":{"product_brand":[{"value":17,"label":"MODECO"}],"product_cat":[{"value":151,"label":"Oceania"}]},"featured_image_src_large":["https:\/\/modeco-sklep.pl\/wp-content\/uploads\/2025\/09\/32_OCEANIA_CIRRO_2104_650.jpg",1000,667,false],"author_info":[],"comment_info":0,"_links":{"self":[{"href":"https:\/\/modeco-sklep.pl\/it\/wp-json\/wp\/v2\/product\/5853","targetHints":{"allow":["GET"]}}],"collection":[{"href":"https:\/\/modeco-sklep.pl\/it\/wp-json\/wp\/v2\/product"}],"about":[{"href":"https:\/\/modeco-sklep.pl\/it\/wp-json\/wp\/v2\/types\/product"}],"replies":[{"embeddable":true,"href":"https:\/\/modeco-sklep.pl\/it\/wp-json\/wp\/v2\/comments?post=5853"}],"wp:featuredmedia":[{"embeddable":true,"href":"https:\/\/modeco-sklep.pl\/it\/wp-json\/wp\/v2\/media\/5854"}],"wp:attachment":[{"href":"https:\/\/modeco-sklep.pl\/it\/wp-json\/wp\/v2\/media?parent=5853"}],"wp:term":[{"taxonomy":"product_brand","embeddable":true,"href":"https:\/\/modeco-sklep.pl\/it\/wp-json\/wp\/v2\/product_brand?post=5853"},{"taxonomy":"product_cat","embeddable":true,"href":"https:\/\/modeco-sklep.pl\/it\/wp-json\/wp\/v2\/product_cat?post=5853"},{"taxonomy":"product_tag","embeddable":true,"href":"https:\/\/modeco-sklep.pl\/it\/wp-json\/wp\/v2\/product_tag?post=5853"}],"curies":[{"name":"wp","href":"https:\/\/api.w.org\/{rel}","templated":true}]}}