{"id":5767,"date":"2025-09-03T09:33:54","date_gmt":"2025-09-03T07:33:54","guid":{"rendered":"https:\/\/modeco-sklep.pl\/?post_type=product&#038;p=5767"},"modified":"2025-09-03T09:34:41","modified_gmt":"2025-09-03T07:34:41","slug":"marina-tuft-teak-crema","status":"publish","type":"product","link":"https:\/\/modeco-sklep.pl\/it\/marine-tuft-teak-cream\/","title":{"rendered":"Marine Tuft Teak Crema"},"content":{"rendered":"<p data-start=\"58\" data-end=\"130\"><strong data-start=\"58\" data-end=\"128\">Marine Tuft \u2013 Pavimentazione elegante, resistente e versatile<\/strong><\/p>\n<p data-start=\"132\" data-end=\"437\">Marine Tuft \u00e8 un rivestimento per pavimenti unico nel suo genere, adatto sia per interni che per esterni, che unisce stile, comfort e resistenza. Grazie al suo carattere marino, \u00e8 perfetto per il settore nautico e degli sport acquatici, ma trova con successo applicazione anche in molti altri ambiti.<\/p>\n<p data-start=\"439\" data-end=\"719\">Realizzato con materiali di altissima qualit\u00e0, Marine Tuft \u00e8 stato progettato per resistere alle condizioni pi\u00f9 difficili. Le fibre resistenti ai raggi UV, all'acqua salata e al cloro e il supporto permeabile Aquabac garantiscono una lunga durata anche negli ambienti pi\u00f9 difficili.<\/p>\n<p data-start=\"721\" data-end=\"947\">Morbida e piacevole al tatto, ma allo stesso tempo estremamente resistente, Marine Tuft \u00e8 leggera, facile da pulire, fonoassorbente e resistente alle alte temperature. Pu\u00f2 essere posata sfusa o incollata, garantendo flessibilit\u00e0 di installazione.<\/p>\n<p data-start=\"949\" data-end=\"1082\">Marine Tuft \u00e8 una soluzione pratica ed elegante per pavimenti, ideale per barche, roulotte, piscine, giardini.<\/p>\n<p>&nbsp;<\/p>\n<p data-start=\"415\" data-end=\"972\"><strong>Larghezza del rivestimento: 195 cm\u00a0<\/strong><\/p>\n<p data-start=\"415\" data-end=\"972\">(su richiesta sono disponibili rivestimenti con larghezza 395 cm)<\/p>\n<p data-start=\"415\" data-end=\"972\"><strong>Resistenza alla luce: &gt;7 ISO 105-B02 (Scala blu di lana)\u00a0<\/strong><\/p>\n<p data-start=\"415\" data-end=\"972\"><strong>REACH \/ riciclabilit\u00e0<\/strong><\/p>\n<p data-start=\"576\" data-end=\"600\"><strong data-start=\"576\" data-end=\"598\">Resistenza al fuoco: ISO 9239.1\u00a0<\/strong><\/p>\n<p>&nbsp;<\/p>\n<p>Il prezzo si riferisce a 1 metro lineare 100 x 195 cm.<\/p>\n<p>Ordine minimo da 2 metri lineari<\/p>\n<p>&nbsp;<\/p>\n<p>&nbsp;<\/p>","protected":false},"excerpt":{"rendered":"<p>Marine Tuft \u2013 Pavimentazione elegante, resistente e versatile Marine Tuft \u00e8 una pavimentazione unica per interni ed esterni che unisce stile, comfort e resistenza. Grazie al suo carattere marittimo, \u00e8 perfetto per il settore nautico e degli sport acquatici, ma trova con successo applicazione anche in molti altri ambiti. Realizzato con materiali di altissima qualit\u00e0...<\/p>","protected":false},"featured_media":5768,"comment_status":"open","ping_status":"closed","template":"","meta":{"_acf_changed":false,"_kad_blocks_custom_css":"","_kad_blocks_head_custom_js":"","_kad_blocks_body_custom_js":"","_kad_blocks_footer_custom_js":"","_kad_post_transparent":"","_kad_post_title":"","_kad_post_layout":"","_kad_post_sidebar_id":"","_kad_post_content_style":"","_kad_post_vertical_padding":"","_kad_post_feature":"","_kad_post_feature_position":"","_kad_post_header":false,"_kad_post_footer":false,"_kad_post_classname":""},"product_brand":[17],"product_cat":[150],"product_tag":[],"class_list":{"0":"post-5767","1":"product","2":"type-product","3":"status-publish","4":"has-post-thumbnail","6":"product_brand-modeco","7":"product_cat-marine-tuft","9":"first","10":"onbackorder","11":"shipping-taxable","12":"purchasable","13":"product-type-simple","14":"entry","15":"content-bg","16":"loop-entry"},"acf":[],"taxonomy_info":{"product_brand":[{"value":17,"label":"MODECO"}],"product_cat":[{"value":150,"label":"Marine Tuft"}]},"featured_image_src_large":["https:\/\/modeco-sklep.pl\/wp-content\/uploads\/2025\/09\/teak-cream.jpg",960,540,false],"author_info":[],"comment_info":0,"_links":{"self":[{"href":"https:\/\/modeco-sklep.pl\/it\/wp-json\/wp\/v2\/product\/5767","targetHints":{"allow":["GET"]}}],"collection":[{"href":"https:\/\/modeco-sklep.pl\/it\/wp-json\/wp\/v2\/product"}],"about":[{"href":"https:\/\/modeco-sklep.pl\/it\/wp-json\/wp\/v2\/types\/product"}],"replies":[{"embeddable":true,"href":"https:\/\/modeco-sklep.pl\/it\/wp-json\/wp\/v2\/comments?post=5767"}],"wp:featuredmedia":[{"embeddable":true,"href":"https:\/\/modeco-sklep.pl\/it\/wp-json\/wp\/v2\/media\/5768"}],"wp:attachment":[{"href":"https:\/\/modeco-sklep.pl\/it\/wp-json\/wp\/v2\/media?parent=5767"}],"wp:term":[{"taxonomy":"product_brand","embeddable":true,"href":"https:\/\/modeco-sklep.pl\/it\/wp-json\/wp\/v2\/product_brand?post=5767"},{"taxonomy":"product_cat","embeddable":true,"href":"https:\/\/modeco-sklep.pl\/it\/wp-json\/wp\/v2\/product_cat?post=5767"},{"taxonomy":"product_tag","embeddable":true,"href":"https:\/\/modeco-sklep.pl\/it\/wp-json\/wp\/v2\/product_tag?post=5767"}],"curies":[{"name":"wp","href":"https:\/\/api.w.org\/{rel}","templated":true}]}}