{"id":5631,"date":"2025-09-02T23:46:45","date_gmt":"2025-09-02T21:46:45","guid":{"rendered":"https:\/\/modeco-sklep.pl\/?post_type=product&#038;p=5631"},"modified":"2025-09-02T23:48:22","modified_gmt":"2025-09-02T21:48:22","slug":"meglio-del-teak-black","status":"publish","type":"product","link":"https:\/\/modeco-sklep.pl\/it\/better-than-teak-boardwalk-black\/","title":{"rendered":"Migliore del teak Boardwalk Black"},"content":{"rendered":"<p data-start=\"58\" data-end=\"413\"><strong data-start=\"58\" data-end=\"70\">Infinity<\/strong> si distingue per l'esclusivo supporto vinilico espanso, che lo rende perfetto per diversi tipi di superficie. <strong data-start=\"196\" data-end=\"227\">Vinile intrecciato di lusso Infinity<\/strong> \u00e8 un materiale resistente, confortevole, moderno e funzionale, ideale per applicazioni nel settore marittimo, contract, alberghiero, medico, wellness e anche negli interni domestici.<\/p>\n<p data-start=\"415\" data-end=\"972\">Infinity \u00e8 facile da pulire, resistente ai raggi UV e alle macchie, respinge lo sporco, si asciuga rapidamente e dispone di una tecnologia antibatterica e antimicotica che impedisce lo sviluppo di microrganismi. Il materiale \u00e8 resistente alla benzina, al gasolio e agli oli motore e non viene danneggiato dagli escrementi di uccelli o ragni. Rispetto ad altri tipi di pavimentazioni, si caratterizza per bassi costi di esercizio nel lungo periodo. \u00c8 durevole, assorbe i rumori ed \u00e8 riciclabile al 100%.<\/p>\n<p data-start=\"415\" data-end=\"972\"><strong>Larghezza del rivestimento: 150 cm\u00a0<\/strong><\/p>\n<p data-start=\"415\" data-end=\"972\">(su richiesta sono disponibili rivestimenti con larghezza 300 cm)<\/p>\n<p data-start=\"415\" data-end=\"972\"><strong>Resistenza alla luce: &gt;6<\/strong><\/p>\n<p data-start=\"415\" data-end=\"972\"><strong>REACH \/ riciclabilit\u00e0<\/strong><\/p>\n<p data-start=\"576\" data-end=\"600\"><strong data-start=\"576\" data-end=\"598\">Resistenza al fuoco:<\/strong><\/p>\n<ul data-start=\"601\" data-end=\"770\">\n<li data-start=\"601\" data-end=\"647\">\n<p data-start=\"603\" data-end=\"647\">ASTM E648 \u2013 Flusso radiante critico, Classe 1<\/p>\n<\/li>\n<li data-start=\"648\" data-end=\"685\">\n<p data-start=\"650\" data-end=\"685\">ASTM E662 \u2013 Densit\u00e0 ottica del fumo<\/p>\n<\/li>\n<li data-start=\"686\" data-end=\"731\">\n<p data-start=\"688\" data-end=\"731\">FMVSS 302 \u2013 Norma di sicurezza per i veicoli a motore<\/p>\n<\/li>\n<li data-start=\"732\" data-end=\"770\">\n<p data-start=\"734\" data-end=\"770\">ASTM C-518 \u2013 fattore R<\/p>\n<\/li>\n<\/ul>\n<p>&nbsp;<\/p>\n<p>Il prezzo si riferisce a 1 metro lineare 100 x 150 cm.<\/p>\n<p>Ordine minimo da 2 metri lineari<\/p>\n<p>&nbsp;<\/p>\n<p>&nbsp;<\/p>","protected":false},"excerpt":{"rendered":"<p>Infinity \u00e8 caratterizzato da un esclusivo supporto in vinile espanso che lo rende ideale per una variet\u00e0 di superfici. Infinity Luxury Woven Vinyl \u00e8 durevole, confortevole, moderno e funzionale, ideale per la nautica, il contract, l'ospitalit\u00e0, il settore medico, il benessere e gli interni domestici. Infinity \u00e8 facile da pulire, resistente ai raggi UV e alle macchie,...<\/p>","protected":false},"featured_media":5632,"comment_status":"open","ping_status":"closed","template":"","meta":{"_acf_changed":false,"_kad_blocks_custom_css":"","_kad_blocks_head_custom_js":"","_kad_blocks_body_custom_js":"","_kad_blocks_footer_custom_js":"","_kad_post_transparent":"","_kad_post_title":"","_kad_post_layout":"","_kad_post_sidebar_id":"","_kad_post_content_style":"","_kad_post_vertical_padding":"","_kad_post_feature":"","_kad_post_feature_position":"","_kad_post_header":false,"_kad_post_footer":false,"_kad_post_classname":""},"product_brand":[17],"product_cat":[149],"product_tag":[],"class_list":{"0":"post-5631","1":"product","2":"type-product","3":"status-publish","4":"has-post-thumbnail","6":"product_brand-modeco","7":"product_cat-infinity-luxury-woven-vinyl","9":"first","10":"onbackorder","11":"shipping-taxable","12":"purchasable","13":"product-type-simple","14":"entry","15":"content-bg","16":"loop-entry"},"acf":[],"taxonomy_info":{"product_brand":[{"value":17,"label":"MODECO"}],"product_cat":[{"value":149,"label":"Infinity Luxury Woven Vinyl"}]},"featured_image_src_large":["https:\/\/modeco-sklep.pl\/wp-content\/uploads\/2025\/09\/Better-Than-Teak-II-Boardwalk-Black.jpg",960,540,false],"author_info":[],"comment_info":0,"_links":{"self":[{"href":"https:\/\/modeco-sklep.pl\/it\/wp-json\/wp\/v2\/product\/5631","targetHints":{"allow":["GET"]}}],"collection":[{"href":"https:\/\/modeco-sklep.pl\/it\/wp-json\/wp\/v2\/product"}],"about":[{"href":"https:\/\/modeco-sklep.pl\/it\/wp-json\/wp\/v2\/types\/product"}],"replies":[{"embeddable":true,"href":"https:\/\/modeco-sklep.pl\/it\/wp-json\/wp\/v2\/comments?post=5631"}],"wp:featuredmedia":[{"embeddable":true,"href":"https:\/\/modeco-sklep.pl\/it\/wp-json\/wp\/v2\/media\/5632"}],"wp:attachment":[{"href":"https:\/\/modeco-sklep.pl\/it\/wp-json\/wp\/v2\/media?parent=5631"}],"wp:term":[{"taxonomy":"product_brand","embeddable":true,"href":"https:\/\/modeco-sklep.pl\/it\/wp-json\/wp\/v2\/product_brand?post=5631"},{"taxonomy":"product_cat","embeddable":true,"href":"https:\/\/modeco-sklep.pl\/it\/wp-json\/wp\/v2\/product_cat?post=5631"},{"taxonomy":"product_tag","embeddable":true,"href":"https:\/\/modeco-sklep.pl\/it\/wp-json\/wp\/v2\/product_tag?post=5631"}],"curies":[{"name":"wp","href":"https:\/\/api.w.org\/{rel}","templated":true}]}}