{"id":1873,"date":"2025-06-30T23:14:38","date_gmt":"2025-06-30T21:14:38","guid":{"rendered":"https:\/\/modeco-sklep.pl\/?post_type=product&#038;p=1873"},"modified":"2026-02-02T20:19:14","modified_gmt":"2026-02-02T19:19:14","slug":"slim-supreme-in-pelle-scamosciata-argento","status":"publish","type":"product","link":"https:\/\/modeco-sklep.pl\/it\/slim-supreme-suede-silver\/","title":{"rendered":"CAMOSCIO SLIM SUPREME - ARGENTO"},"content":{"rendered":"<h4><strong>Tessuto per auto SLIM  SUPREME SUEDE STRETCH<\/strong><\/h4>\n<h4>Materiale speciale SUEDE<br \/>\nHa un pelo corto e morbido che cambia direzione quando lo si sfiora con la mano. \u00c8 elastico e si adatta perfettamente alla forma degli elementi. Il materiale ha uno speciale rivestimento, non ha spugna. Non appesantisce gli elementi incollati. Creato per incollare montanti e tendine parasole. Utilizzato anche per incollare battenti di porte, cruscotti, elementi decorativi.<\/h4>\n<h4>\u2705 <strong>Flessibile e facile da montare<\/strong><br \/>\n\u2705 <strong>Larghezza del tessuto: 150 cm<\/strong><\/h4>\n<h2 style=\"color: #444444; display: block; box-sizing: border-box; background-color: transparent;\"><span style=\"font-size: 11pt;\"><span style=\"line-height: normal;\"><span style=\"font-size: 12.0pt;\"><span style=\"color: #444444;\">Il prezzo si intende per 1 metro lineare (100 x 150 cm).<\/span><\/span><\/span><\/span><br \/>\n<span style=\"font-size: 11pt;\"><span style=\"line-height: normal;\"><span style=\"font-size: 12.0pt;\"><span style=\"color: #444444;\">In caso di acquisto di pi\u00f9 metri, cerchiamo di inviare il materiale in un unico pezzo.<\/span><\/span><\/span><\/span><\/h2>\n<p>&nbsp;<\/p>","protected":false},"excerpt":{"rendered":"<p>Tessuto per auto SLIM  SUPREME SUEDE STRETCH Materiale speciale SUEDE Ha un pelo corto e morbido che cambia direzione quando lo si sfiora con la mano. \u00c8 elastico e si adatta perfettamente alla forma degli elementi. Il materiale ha uno speciale rivestimento, non ha spugna. Non appesantisce gli elementi rivestiti. Creato per rivestire montanti e tendine parasole. Utilizzato anche per incollare i battitacchi delle portiere, i cruscotti, gli elementi decorativi...<\/p>","protected":false},"featured_media":7146,"comment_status":"closed","ping_status":"closed","template":"","meta":{"_acf_changed":false,"_kad_blocks_custom_css":"","_kad_blocks_head_custom_js":"","_kad_blocks_body_custom_js":"","_kad_blocks_footer_custom_js":"","_kad_post_transparent":"default","_kad_post_title":"","_kad_post_layout":"default","_kad_post_sidebar_id":"","_kad_post_content_style":"default","_kad_post_vertical_padding":"default","_kad_post_feature":"","_kad_post_feature_position":"","_kad_post_header":false,"_kad_post_footer":false,"_kad_post_classname":""},"product_brand":[17],"product_cat":[117,158,125],"product_tag":[],"class_list":{"0":"post-1873","1":"product","2":"type-product","3":"status-publish","4":"has-post-thumbnail","6":"product_brand-modeco","7":"product_cat-material-na-slupki","8":"product_cat-supreme-suede-stretch-tkaniny-na-podsufitki-samochodowe","9":"product_cat-material-na-slupki-supreme-suede-podsufitki","11":"first","12":"instock","13":"purchasable","14":"product-type-simple","15":"entry","16":"content-bg","17":"loop-entry"},"acf":[],"taxonomy_info":{"product_brand":[{"value":17,"label":"MODECO"}],"product_cat":[{"value":117,"label":"MATERIA\u0141 NA S\u0141UPKI ( bez pianki)"},{"value":158,"label":"SUPREME SUEDE STRETCH"},{"value":125,"label":"SUPREME SUEDE STRETCH SLIM - S\u0141UPKI"}]},"featured_image_src_large":["https:\/\/modeco-sklep.pl\/wp-content\/uploads\/2025\/06\/ChatGPT-Image-1-sty-2026-18_17_42-1024x683.png",1024,683,true],"author_info":[],"comment_info":0,"_links":{"self":[{"href":"https:\/\/modeco-sklep.pl\/it\/wp-json\/wp\/v2\/product\/1873","targetHints":{"allow":["GET"]}}],"collection":[{"href":"https:\/\/modeco-sklep.pl\/it\/wp-json\/wp\/v2\/product"}],"about":[{"href":"https:\/\/modeco-sklep.pl\/it\/wp-json\/wp\/v2\/types\/product"}],"replies":[{"embeddable":true,"href":"https:\/\/modeco-sklep.pl\/it\/wp-json\/wp\/v2\/comments?post=1873"}],"wp:featuredmedia":[{"embeddable":true,"href":"https:\/\/modeco-sklep.pl\/it\/wp-json\/wp\/v2\/media\/7146"}],"wp:attachment":[{"href":"https:\/\/modeco-sklep.pl\/it\/wp-json\/wp\/v2\/media?parent=1873"}],"wp:term":[{"taxonomy":"product_brand","embeddable":true,"href":"https:\/\/modeco-sklep.pl\/it\/wp-json\/wp\/v2\/product_brand?post=1873"},{"taxonomy":"product_cat","embeddable":true,"href":"https:\/\/modeco-sklep.pl\/it\/wp-json\/wp\/v2\/product_cat?post=1873"},{"taxonomy":"product_tag","embeddable":true,"href":"https:\/\/modeco-sklep.pl\/it\/wp-json\/wp\/v2\/product_tag?post=1873"}],"curies":[{"name":"wp","href":"https:\/\/api.w.org\/{rel}","templated":true}]}}