{"id":1658,"date":"2025-06-19T13:02:08","date_gmt":"2025-06-19T11:02:08","guid":{"rendered":"https:\/\/modeco-sklep.pl\/?post_type=product&#038;p=1658"},"modified":"2025-12-28T13:22:44","modified_gmt":"2025-12-28T12:22:44","slug":"colla-permatex-per-il-rivestimento-interno-dellauto","status":"publish","type":"product","link":"https:\/\/modeco-sklep.pl\/it\/klej-permatex-do-podsufitki-samochodowej\/","title":{"rendered":"Colla PERMATEX"},"content":{"rendered":"<p><strong>COLLA PER TAPPEZZIERE PERMATEX<\/strong><\/p>\n<p>Colla spray per il fissaggio permanente e temporaneo di tappezzeria, tappetini, rivestimenti interni. Crea un legame elastico. A presa rapida, resistente all'acqua e all'umidit\u00e0. Per incollaggi permanenti e temporanei. Non trasuda attraverso il materiale.<\/p>\n<p>Propriet\u00e0:<\/p>\n<p>si lega rapidamente creando un collegamento elastico<br \/>\nresistente all'acqua e all'umidit\u00e0<br \/>\na seconda delle esigenze, la colla unisce in modo permanente o temporaneo<br \/>\nnon trasuda attraverso il tessuto<br \/>\nincolla superfici lisce e porose<br \/>\nsicuro per tutti i materiali \u2013 non si restringe<br \/>\nnon contiene solventi aggressivi<\/p>\n<p>Applicazione:<\/p>\n<p>per incollare materiali quali: carta, metallo, tessuti, pelle, plastica, gomma, cartone, feltro, sughero, vetro, legno, pellicola<\/p>\n<p>Modalit\u00e0 d'uso:<\/p>\n<p>pulire e sgrassare le superfici da incollare<br \/>\nproteggere le aree circostanti da sporco indesiderato causato dalla colla<br \/>\nagitare energicamente il contenitore<br \/>\ntemperatura consigliata del prodotto circa 18 \u00b0C<\/p>\n<p>Incollaggio non permanente<\/p>\n<p>coprire una superficie con la colla<br \/>\ndopo alcuni secondi applicare il secondo elemento<br \/>\npremere e lasciare asciugare per circa un minuto<br \/>\nPer modificare la posizione dell'elemento incollato, afferrare l'elemento per un angolo, staccarlo e riposizionarlo.<\/p>\n<p>Incollaggio permanente<\/p>\n<p>ricoprire entrambe le superfici da incollare con un sottile strato di colla<br \/>\nattendere circa un minuto e unire i due elementi<br \/>\npremere e lasciare asciugare per circa 1 minuto<br \/>\nnel caso di incollaggio di superfici molto porose, applicare uno strato abbondante di colla su entrambe le superfici<\/p>\n<p>\u2013 capacit\u00e0 297 g<\/p>\n<p><strong data-start=\"1641\" data-end=\"1678\">\u00a0Distributore in Polonia:<\/strong><br data-start=\"1678\" data-end=\"1681\" \/>Amtra Sp. z o.o.<br data-start=\"1701\" data-end=\"1704\" \/>Schons 3, 41-200 Sosnowiec, Polonia<br data-start=\"1739\" data-end=\"1742\" \/>\ud83d\udce7 <a class=\"decorated-link cursor-pointer\" rel=\"noopener\" data-start=\"1745\" data-end=\"1759\">amtra@amtra.pl<\/a><\/p>\n<h5 data-start=\"1637\" data-end=\"1702\">Informazioni sui pericoli<\/h5>\n<p data-start=\"1704\" data-end=\"1802\">Attenzione: il prodotto pu\u00f2 presentare dei pericoli, quindi leggere le informazioni riportate di seguito prima dell'uso.<\/p>\n<p data-start=\"1804\" data-end=\"1833\">\ud83d\udd25 Potenziali rischi<\/p>\n<ul data-start=\"1834\" data-end=\"2103\">\n<li data-start=\"1834\" data-end=\"1871\">\n<p data-start=\"1836\" data-end=\"1871\">Prodotto infiammabile (aerosol).<\/p>\n<\/li>\n<li data-start=\"1872\" data-end=\"1921\">\n<p data-start=\"1874\" data-end=\"1921\">Pu\u00f2 causare irritazione alla pelle e agli occhi.<\/p>\n<\/li>\n<li data-start=\"1922\" data-end=\"1988\">\n<p data-start=\"1924\" data-end=\"1988\">L'inalazione dei vapori pu\u00f2 provocare sonnolenza o vertigini.<\/p>\n<\/li>\n<li data-start=\"1989\" data-end=\"2103\">\n<p data-start=\"1991\" data-end=\"2103\">Contenitore pressurizzato: pu\u00f2 scoppiare se esposto a temperature elevate.<\/p>\n<\/li>\n<\/ul>\n<p data-start=\"2105\" data-end=\"2131\">\ud83d\udee1\ufe0f Precauzioni<\/p>\n<ul data-start=\"2132\" data-end=\"2584\">\n<li data-start=\"2132\" data-end=\"2188\">\n<p data-start=\"2134\" data-end=\"2188\">Utilizzare in aree ben ventilate.<\/p>\n<\/li>\n<li data-start=\"2189\" data-end=\"2250\">\n<p data-start=\"2191\" data-end=\"2250\">Tenere lontano da fuoco, scintille e fonti di accensione.<\/p>\n<\/li>\n<li data-start=\"2251\" data-end=\"2313\">\n<p data-start=\"2253\" data-end=\"2313\">Non forare o incenerire il contenitore, anche dopo l'uso.<\/p>\n<\/li>\n<li data-start=\"2314\" data-end=\"2414\">\n<p data-start=\"2316\" data-end=\"2414\">Evitare il contatto con gli occhi e la pelle - utilizzare dispositivi di protezione adeguati (guanti, occhiali).<\/p>\n<\/li>\n<li data-start=\"2415\" data-end=\"2482\">\n<p data-start=\"2417\" data-end=\"2482\">In caso di contatto con gli occhi, sciacquare con acqua per alcuni minuti.<\/p>\n<\/li>\n<li data-start=\"2483\" data-end=\"2584\">\n<p data-start=\"2485\" data-end=\"2584\">Conservare in un luogo fresco, fuori dalla portata dei bambini.<\/p>\n<\/li>\n<\/ul>\n<p data-start=\"2586\" data-end=\"2613\">\ud83d\udcc4 Informazioni aggiuntive<\/p>\n<ul data-start=\"2614\" data-end=\"2784\">\n<li data-start=\"2614\" data-end=\"2699\">\n<p data-start=\"2616\" data-end=\"2699\">Il prodotto contiene solventi e aerosol: utilizzare secondo le istruzioni.<\/p>\n<\/li>\n<li data-start=\"2700\" data-end=\"2784\">\n<p data-start=\"2702\" data-end=\"2784\">Scheda di sicurezza (SDS) disponibile su richiesta presso il rivenditore o il produttore.<\/p>\n<\/li>\n<\/ul>\n<p>&nbsp;<\/p>","protected":false},"excerpt":{"rendered":"<p>COLLA PER TAPPEZZERIA PERMATEX Colla spray per il fissaggio permanente e temporaneo di tappezzeria, tappeti, rivestimenti interni. Crea un legame elastico. A presa rapida, resistente all'acqua e all'umidit\u00e0. Per incollaggi permanenti e temporanei. Non penetra attraverso il tessuto. Propriet\u00e0: asciuga rapidamente creando un legame elastico, resistente all'acqua e all'umidit\u00e0, a seconda delle esigenze l'adesivo crea un legame permanente o temporaneo...<\/p>","protected":false},"featured_media":1660,"comment_status":"open","ping_status":"closed","template":"","meta":{"_acf_changed":false,"_kad_blocks_custom_css":"","_kad_blocks_head_custom_js":"","_kad_blocks_body_custom_js":"","_kad_blocks_footer_custom_js":"","_kad_post_transparent":"default","_kad_post_title":"","_kad_post_layout":"default","_kad_post_sidebar_id":"","_kad_post_content_style":"default","_kad_post_vertical_padding":"default","_kad_post_feature":"","_kad_post_feature_position":"","_kad_post_header":false,"_kad_post_footer":false,"_kad_post_classname":""},"product_brand":[66],"product_cat":[80],"product_tag":[],"class_list":{"0":"post-1658","1":"product","2":"type-product","3":"status-publish","4":"has-post-thumbnail","6":"product_brand-permatex","7":"product_cat-kleje-do-podsufitek-samochodowych","9":"first","10":"instock","11":"shipping-taxable","12":"purchasable","13":"product-type-simple","14":"entry","15":"content-bg","16":"loop-entry"},"acf":[],"taxonomy_info":{"product_brand":[{"value":66,"label":"PERMATEX"}],"product_cat":[{"value":80,"label":"KLEJE"}]},"featured_image_src_large":["https:\/\/modeco-sklep.pl\/wp-content\/uploads\/2025\/06\/permatex-2.jpg",800,785,false],"author_info":[],"comment_info":0,"_links":{"self":[{"href":"https:\/\/modeco-sklep.pl\/it\/wp-json\/wp\/v2\/product\/1658","targetHints":{"allow":["GET"]}}],"collection":[{"href":"https:\/\/modeco-sklep.pl\/it\/wp-json\/wp\/v2\/product"}],"about":[{"href":"https:\/\/modeco-sklep.pl\/it\/wp-json\/wp\/v2\/types\/product"}],"replies":[{"embeddable":true,"href":"https:\/\/modeco-sklep.pl\/it\/wp-json\/wp\/v2\/comments?post=1658"}],"wp:featuredmedia":[{"embeddable":true,"href":"https:\/\/modeco-sklep.pl\/it\/wp-json\/wp\/v2\/media\/1660"}],"wp:attachment":[{"href":"https:\/\/modeco-sklep.pl\/it\/wp-json\/wp\/v2\/media?parent=1658"}],"wp:term":[{"taxonomy":"product_brand","embeddable":true,"href":"https:\/\/modeco-sklep.pl\/it\/wp-json\/wp\/v2\/product_brand?post=1658"},{"taxonomy":"product_cat","embeddable":true,"href":"https:\/\/modeco-sklep.pl\/it\/wp-json\/wp\/v2\/product_cat?post=1658"},{"taxonomy":"product_tag","embeddable":true,"href":"https:\/\/modeco-sklep.pl\/it\/wp-json\/wp\/v2\/product_tag?post=1658"}],"curies":[{"name":"wp","href":"https:\/\/api.w.org\/{rel}","templated":true}]}}