{"id":1399,"date":"2025-06-12T18:08:43","date_gmt":"2025-06-12T18:08:43","guid":{"rendered":"https:\/\/modeco.mywebwork.net\/produkt\/suede-slim-light-beige\/"},"modified":"2026-02-02T21:01:19","modified_gmt":"2026-02-02T20:01:19","slug":"suede-slim-beige-chiaro","status":"publish","type":"product","link":"https:\/\/modeco-sklep.pl\/it\/suede-slim-light-beige\/","title":{"rendered":"SUEDE SLIM BEIGE CHIARO"},"content":{"rendered":"<h3><strong>SUEDE SLIM<\/strong><\/h3>\n<p>Per rifinire cabine di pilotaggio, elementi della cabina di pilotaggio, montanti e parti in plastica<\/p>\n<p>Il materiale \u00e8 sottile, quindi non appesantisce significativamente gli elementi rivestiti. Ci\u00f2 facilita l'adattamento delle griglie di ventilazione e degli altri componenti del cruscotto.<\/p>\n<p>Inoltre, il materiale \u00e8 caratterizzato da un'elevata elasticit\u00e0, che consente un adattamento perfetto alla forma del cruscotto.<\/p>\n<p>SUEDE \u00e8 uno speciale materiale per soffitti dall'aspetto e dalla struttura simili a quelli dei tessuti pi\u00f9 diffusi. Ha un pelo corto che cambia direzione quando lo si sfiora con la mano, proprio come l'originale. \u00c8 elastico, si adatta perfettamente alla superficie del soffitto e la sua spugna non assorbe la colla.<\/p>\n<h3><strong>Versioni disponibili del materiale SUEDE:<\/strong><\/h3>\n<p>\u2714 <strong>Per il soffitto \u2013 liscio<\/strong><br \/>\n\u2714 <strong>Per il soffitto \u2013 cucito<\/strong><br \/>\n\u2714 <strong>Senza schiuma, su uno speciale supporto<\/strong> (per montanti, cabine di pilotaggio, ecc.)<\/p>\n<h3><strong>Specifiche:<\/strong><\/h3>\n<ul>\n<li><strong>Larghezza:<\/strong> 150 cm<\/li>\n<li><strong>Un pezzo<\/strong> = 1 metro lineare di materiale<\/li>\n<li>Se compri pi\u00f9 pezzi, ti mandiamo tutto in un unico pezzo (senza tagliarlo).<\/li>\n<\/ul>\n<h3><\/h3>\n<p style=\"color: #444444; box-sizing: border-box; background-color: transparent;\">","protected":false},"excerpt":{"rendered":"<p>SUEDE SLIM Per rivestire cruscotti, elementi del cruscotto, montanti e parti in plastica Il materiale \u00e8 sottile, quindi non appesantisce in modo significativo gli elementi rivestiti. Ci\u00f2 facilita l'adattamento delle griglie di ventilazione e degli altri componenti del cruscotto. Inoltre, il materiale \u00e8 caratterizzato da un'elevata elasticit\u00e0, che consente un adattamento perfetto alla forma del cruscotto. SUEDE \u00e8 uno speciale materiale per il rivestimento del tetto con un aspetto e una struttura...<\/p>","protected":false},"featured_media":7374,"comment_status":"closed","ping_status":"closed","template":"","meta":{"_acf_changed":false,"_kad_blocks_custom_css":"","_kad_blocks_head_custom_js":"","_kad_blocks_body_custom_js":"","_kad_blocks_footer_custom_js":"","_kad_post_transparent":"default","_kad_post_title":"","_kad_post_layout":"default","_kad_post_sidebar_id":"","_kad_post_content_style":"default","_kad_post_vertical_padding":"default","_kad_post_feature":"","_kad_post_feature_position":"","_kad_post_header":false,"_kad_post_footer":false,"_kad_post_classname":""},"product_brand":[17],"product_cat":[100],"product_tag":[],"class_list":{"0":"post-1399","1":"product","2":"type-product","3":"status-publish","4":"has-post-thumbnail","6":"product_brand-modeco","7":"product_cat-tkaniny-na-deski-rozdzielcze","9":"first","10":"instock","11":"purchasable","12":"product-type-simple","13":"entry","14":"content-bg","15":"loop-entry"},"acf":[],"taxonomy_info":{"product_brand":[{"value":17,"label":"MODECO"}],"product_cat":[{"value":100,"label":"TKANINY NA DESKI ROZDZIELCZE"}]},"featured_image_src_large":["https:\/\/modeco-sklep.pl\/wp-content\/uploads\/2025\/06\/ChatGPT-Image-2-lut-2026-21_00_48-1024x683.png",1024,683,true],"author_info":[],"comment_info":0,"_links":{"self":[{"href":"https:\/\/modeco-sklep.pl\/it\/wp-json\/wp\/v2\/product\/1399","targetHints":{"allow":["GET"]}}],"collection":[{"href":"https:\/\/modeco-sklep.pl\/it\/wp-json\/wp\/v2\/product"}],"about":[{"href":"https:\/\/modeco-sklep.pl\/it\/wp-json\/wp\/v2\/types\/product"}],"replies":[{"embeddable":true,"href":"https:\/\/modeco-sklep.pl\/it\/wp-json\/wp\/v2\/comments?post=1399"}],"wp:featuredmedia":[{"embeddable":true,"href":"https:\/\/modeco-sklep.pl\/it\/wp-json\/wp\/v2\/media\/7374"}],"wp:attachment":[{"href":"https:\/\/modeco-sklep.pl\/it\/wp-json\/wp\/v2\/media?parent=1399"}],"wp:term":[{"taxonomy":"product_brand","embeddable":true,"href":"https:\/\/modeco-sklep.pl\/it\/wp-json\/wp\/v2\/product_brand?post=1399"},{"taxonomy":"product_cat","embeddable":true,"href":"https:\/\/modeco-sklep.pl\/it\/wp-json\/wp\/v2\/product_cat?post=1399"},{"taxonomy":"product_tag","embeddable":true,"href":"https:\/\/modeco-sklep.pl\/it\/wp-json\/wp\/v2\/product_tag?post=1399"}],"curies":[{"name":"wp","href":"https:\/\/api.w.org\/{rel}","templated":true}]}}