{"id":1236,"date":"2025-06-12T18:07:15","date_gmt":"2025-06-12T18:07:15","guid":{"rendered":"https:\/\/modeco.mywebwork.net\/produkt\/klej-permatex\/"},"modified":"2025-07-20T12:44:52","modified_gmt":"2025-07-20T10:44:52","slug":"colla-permatex","status":"publish","type":"product","link":"https:\/\/modeco-sklep.pl\/it\/klej-permatex\/","title":{"rendered":"Colla PERMATEX"},"content":{"rendered":"<h1><strong><span style=\"font-size: 20px;\">COLLA PER TAPPEZZERIA PER SOFFITTI DI AUTOMOBILI PERMATEX<\/span><\/strong><\/h1>\n<h1>COLLA PER TAPPEZZIERE PERMATEX<\/h1>\n<h2><span style=\"font-size: 20px;\">Colla spray per il fissaggio permanente e temporaneo di tappezzeria, tappetini, rivestimenti interni. Crea un legame elastico. A presa rapida, resistente all'acqua e all'umidit\u00e0. Per incollaggi permanenti e temporanei. Non trasuda attraverso il materiale.<\/span><\/h2>\n<p><b>Propriet\u00e0:<\/b><\/p>\n<ul>\n<li>si lega rapidamente creando un collegamento elastico<\/li>\n<li>resistente all'acqua e all'umidit\u00e0<\/li>\n<li>a seconda delle esigenze, la colla unisce in modo permanente o temporaneo<\/li>\n<li>non trasuda attraverso il tessuto<\/li>\n<li>incolla superfici lisce e porose<\/li>\n<li>sicuro per tutti i materiali \u2013 non si restringe<\/li>\n<li>non contiene solventi aggressivi<\/li>\n<\/ul>\n<p><b>Applicazione:<\/b><\/p>\n<ul>\n<li>per incollare materiali quali: carta, metallo, tessuti, pelle, plastica, gomma, cartone, feltro, sughero, vetro, legno, pellicola<\/li>\n<\/ul>\n<p><b>Modalit\u00e0 d'uso:<\/b><\/p>\n<ul>\n<li>pulire e sgrassare le superfici da incollare<\/li>\n<li>proteggere le aree circostanti da sporco indesiderato causato dalla colla<\/li>\n<li>agitare energicamente il contenitore<\/li>\n<li>temperatura consigliata del prodotto circa 18 \u00b0C<\/li>\n<\/ul>\n<p>Incollaggio non permanente<\/p>\n<ul>\n<li>coprire una superficie con la colla<\/li>\n<li>dopo alcuni secondi applicare il secondo elemento<\/li>\n<li>premere e lasciare asciugare per circa un minuto<\/li>\n<li>Per modificare la posizione dell'elemento incollato, afferrare l'elemento per un angolo, staccarlo e riposizionarlo.<\/li>\n<\/ul>\n<p>Incollaggio permanente<\/p>\n<ul>\n<li>ricoprire entrambe le superfici da incollare con un sottile strato di colla<\/li>\n<li>attendere circa un minuto e unire i due elementi<\/li>\n<li>premere e lasciare asciugare per circa 1 minuto<\/li>\n<li>nel caso di incollaggio di superfici molto porose, applicare uno strato abbondante di colla su entrambe le superfici<\/li>\n<\/ul>\n<h2>\u2013 capacit\u00e0 297 g<\/h2>","protected":false},"excerpt":{"rendered":"<p>COLLA PER TAPpezzeria PER I SOFFITTI DELLE AUTOMOBILI PERMATEX COLLA PER TAPPEZZERIA PERMATEX Colla spray per il fissaggio permanente e temporaneo di tappezzeria, tappetini e soffitti. Crea un legame elastico. A presa rapida, resistente all'acqua e all'umidit\u00e0. Per incollaggi permanenti e non permanenti. Non penetra attraverso il materiale. Propriet\u00e0: asciuga rapidamente creando un legame elastico resistente all'acqua e all'umidit\u00e0 a seconda di...<\/p>","protected":false},"featured_media":2180,"comment_status":"closed","ping_status":"closed","template":"","meta":{"_acf_changed":false,"_kad_blocks_custom_css":"","_kad_blocks_head_custom_js":"","_kad_blocks_body_custom_js":"","_kad_blocks_footer_custom_js":"","_kad_post_transparent":"","_kad_post_title":"","_kad_post_layout":"","_kad_post_sidebar_id":"","_kad_post_content_style":"","_kad_post_vertical_padding":"","_kad_post_feature":"","_kad_post_feature_position":"","_kad_post_header":false,"_kad_post_footer":false,"_kad_post_classname":""},"product_brand":[66],"product_cat":[22,18],"product_tag":[],"class_list":{"0":"post-1236","1":"product","2":"type-product","3":"status-publish","4":"has-post-thumbnail","6":"product_brand-permatex","7":"product_cat-klej-do-podsufitek","8":"product_cat-tkaniny-na-podsufitki-samochodowe","10":"first","11":"instock","12":"purchasable","13":"product-type-simple","14":"entry","15":"content-bg","16":"loop-entry"},"acf":[],"taxonomy_info":{"product_brand":[{"value":66,"label":"PERMATEX"}],"product_cat":[{"value":22,"label":"KLEJ DO PODSUFITEK"},{"value":18,"label":"TKANINY NA PODSUFITKI"}]},"featured_image_src_large":["https:\/\/modeco-sklep.pl\/wp-content\/uploads\/2025\/06\/permatex-3.jpg",800,533,false],"author_info":[],"comment_info":0,"_links":{"self":[{"href":"https:\/\/modeco-sklep.pl\/it\/wp-json\/wp\/v2\/product\/1236","targetHints":{"allow":["GET"]}}],"collection":[{"href":"https:\/\/modeco-sklep.pl\/it\/wp-json\/wp\/v2\/product"}],"about":[{"href":"https:\/\/modeco-sklep.pl\/it\/wp-json\/wp\/v2\/types\/product"}],"replies":[{"embeddable":true,"href":"https:\/\/modeco-sklep.pl\/it\/wp-json\/wp\/v2\/comments?post=1236"}],"wp:featuredmedia":[{"embeddable":true,"href":"https:\/\/modeco-sklep.pl\/it\/wp-json\/wp\/v2\/media\/2180"}],"wp:attachment":[{"href":"https:\/\/modeco-sklep.pl\/it\/wp-json\/wp\/v2\/media?parent=1236"}],"wp:term":[{"taxonomy":"product_brand","embeddable":true,"href":"https:\/\/modeco-sklep.pl\/it\/wp-json\/wp\/v2\/product_brand?post=1236"},{"taxonomy":"product_cat","embeddable":true,"href":"https:\/\/modeco-sklep.pl\/it\/wp-json\/wp\/v2\/product_cat?post=1236"},{"taxonomy":"product_tag","embeddable":true,"href":"https:\/\/modeco-sklep.pl\/it\/wp-json\/wp\/v2\/product_tag?post=1236"}],"curies":[{"name":"wp","href":"https:\/\/api.w.org\/{rel}","templated":true}]}}