{"id":1223,"date":"2025-06-12T18:07:06","date_gmt":"2025-06-12T18:07:06","guid":{"rendered":"https:\/\/modeco.mywebwork.net\/produkt\/3d-air-1\/"},"modified":"2025-06-15T07:22:20","modified_gmt":"2025-06-15T07:22:20","slug":"3d-air-1","status":"publish","type":"product","link":"https:\/\/modeco-sklep.pl\/it\/3d-air-1\/","title":{"rendered":"3D AIR #1"},"content":{"rendered":"<h1>TESSUTO 3D AIR MESH<\/h1>\n<p><span style=\"font-size:16px;\">Tessuto laminato destinato alla tappezzeria automobilistica: rivestimento dei sedili, dei pannelli laterali delle portiere<\/span><\/p>\n<p><span style=\"font-size:16px;\">Tessuto di altissima qualit\u00e0 su  speciale schiuma dello spessore di 5 millimetri. Schiuma ad alta densit\u00e0, che non si deforma.<\/span><\/p>\n<p><span style=\"font-size:16px;\">Il materiale \u00e8 VINILE intrecciato, ideale per i sedili. Si adatta sia alle auto classiche che a quelle moderne. Aspetto intramontabile, spesso utilizzato nei restomod.<\/p>\n<p><strong>Dettagli del prodotto:<\/strong><\/span><\/p>\n<p><span style=\"font-size:16px;\">Acquistando 1 pezzo, acquisti 1 metro lineare di materiale (100 cm x 150 cm).<\/span><\/p>\n<p><span style=\"font-size:16px;\">Larghezza del tessuto: 150 cm<\/span><\/p>\n<p><span style=\"font-size:16px;\">Se compri pi\u00f9 pezzi, non tagliamo il tessuto, ma lo spediamo tutto insieme.<\/span><\/p>","protected":false},"excerpt":{"rendered":"<p>3D AIR MESH Tessuto laminato per rivestimenti auto: rivestimenti per sedili, fianchi delle portiere Tessuto di altissima qualit\u00e0 su schiuma speciale di 5 millimetri di spessore. Schiuma ad alta densit\u00e0 e non comprimibile Il tessuto \u00e8 in VINILE intrecciato, ideale per i centri dei sedili. Si adatta a vetture classiche e moderne. Look senza tempo, spesso utilizzato nei restomods....<\/p>","protected":false},"featured_media":672,"comment_status":"closed","ping_status":"closed","template":"","meta":{"_acf_changed":false,"_kad_blocks_custom_css":"","_kad_blocks_head_custom_js":"","_kad_blocks_body_custom_js":"","_kad_blocks_footer_custom_js":"","_kad_post_transparent":"","_kad_post_title":"","_kad_post_layout":"","_kad_post_sidebar_id":"","_kad_post_content_style":"","_kad_post_vertical_padding":"","_kad_post_feature":"","_kad_post_feature_position":"","_kad_post_header":false,"_kad_post_footer":false,"_kad_post_classname":""},"product_brand":[17],"product_cat":[63],"product_tag":[],"class_list":{"0":"post-1223","1":"product","2":"type-product","3":"status-publish","4":"has-post-thumbnail","6":"product_brand-modeco","7":"product_cat-3d-air-mesh-sciany-sufity","9":"first","10":"instock","11":"purchasable","12":"product-type-simple","13":"entry","14":"content-bg","15":"loop-entry"},"acf":[],"taxonomy_info":{"product_brand":[{"value":17,"label":"MODECO"}],"product_cat":[{"value":63,"label":"3D AIR MESH - WOVEN FABRICS"}]},"featured_image_src_large":["https:\/\/modeco-sklep.pl\/wp-content\/uploads\/2025\/06\/IMG20220731164248-scaled-1024x683.jpg",1024,683,true],"author_info":[],"comment_info":0,"_links":{"self":[{"href":"https:\/\/modeco-sklep.pl\/it\/wp-json\/wp\/v2\/product\/1223","targetHints":{"allow":["GET"]}}],"collection":[{"href":"https:\/\/modeco-sklep.pl\/it\/wp-json\/wp\/v2\/product"}],"about":[{"href":"https:\/\/modeco-sklep.pl\/it\/wp-json\/wp\/v2\/types\/product"}],"replies":[{"embeddable":true,"href":"https:\/\/modeco-sklep.pl\/it\/wp-json\/wp\/v2\/comments?post=1223"}],"wp:featuredmedia":[{"embeddable":true,"href":"https:\/\/modeco-sklep.pl\/it\/wp-json\/wp\/v2\/media\/672"}],"wp:attachment":[{"href":"https:\/\/modeco-sklep.pl\/it\/wp-json\/wp\/v2\/media?parent=1223"}],"wp:term":[{"taxonomy":"product_brand","embeddable":true,"href":"https:\/\/modeco-sklep.pl\/it\/wp-json\/wp\/v2\/product_brand?post=1223"},{"taxonomy":"product_cat","embeddable":true,"href":"https:\/\/modeco-sklep.pl\/it\/wp-json\/wp\/v2\/product_cat?post=1223"},{"taxonomy":"product_tag","embeddable":true,"href":"https:\/\/modeco-sklep.pl\/it\/wp-json\/wp\/v2\/product_tag?post=1223"}],"curies":[{"name":"wp","href":"https:\/\/api.w.org\/{rel}","templated":true}]}}