{"id":7804,"date":"2026-04-16T22:15:05","date_gmt":"2026-04-16T20:15:05","guid":{"rendered":"https:\/\/modeco-sklep.pl\/?page_id=7804"},"modified":"2026-04-16T22:15:06","modified_gmt":"2026-04-16T20:15:06","slug":"cooperazione-b2b","status":"publish","type":"page","link":"https:\/\/modeco-sklep.pl\/it\/wspolpraca-b2b\/","title":{"rendered":"Cooperazione B2B"},"content":{"rendered":"<h4 class=\"wp-block-heading\"><\/h4>\n\n\n\n<p>Offerta rivolta a professionisti del settore automobilistico, negozi e grossisti di tessuti.<\/p>\n\n\n\n<p>Siamo specializzati nella vendita di tessuti automobilistici di alta qualit\u00e0 da utilizzare per tappezzeria, restauro di interni di veicoli, produzione e progetti personalizzati. I nostri tessuti combinano durata, estetica e un'ampia gamma di motivi e colori, rispondendo alle esigenze sia degli sviluppi standard che dei progetti pi\u00f9 impegnativi.<\/p>\n\n\n\n<p>Non vediamo l'ora di lavorare con voi:<\/p>\n\n\n\n<ul class=\"wp-block-list\">\n<li>tappezzieri per auto<\/li>\n\n\n\n<li>officine e servizi automobilistici<\/li>\n\n\n\n<li>aziende specializzate in carrozzerie di veicoli<\/li>\n\n\n\n<li>negozi e grossisti<\/li>\n\n\n\n<li>aziende di carrozzeria<\/li>\n<\/ul>\n\n\n\n<p>Offriamo:<\/p>\n\n\n\n<ul class=\"wp-block-list\">\n<li>condizioni commerciali competitive per i partner B2B<\/li>\n\n\n\n<li>una gamma di tessuti ampia e in continuo sviluppo<\/li>\n\n\n\n<li>elevata disponibilit\u00e0 di prodotti chiave<\/li>\n\n\n\n<li>supporto nella scelta dei materiali adatti<\/li>\n\n\n\n<li>esecuzione efficiente e tempestiva degli ordini<\/li>\n<\/ul>\n\n\n\n<p>Puntiamo su una collaborazione a lungo termine basata su fiducia, qualit\u00e0 e un approccio flessibile alle esigenze dei nostri partner commerciali.<\/p>\n\n\n\n<p>Se siete interessati a una collaborazione, contattateci: prepareremo un'offerta su misura per le specificit\u00e0 della vostra attivit\u00e0.<\/p>\n\n\n\n<p><strong>Hubert Dolmatov<\/strong><\/p>\n\n\n\n<p>E-mail: <a href=\"mailto:hubert@modeco-tkaniny.pl\">hubert@modeco-tkaniny.pl<\/a><\/p>\n\n\n\n<p>Tel: +48 515594002<\/p>\n\n\n\n<p><strong>Urszula Borkowska (Clienti internazionali)<\/strong><\/p>\n\n\n\n<p>E-mail: <a href=\"mailto:urszula@modeco-tkaniny.pl\">urszula@modeco-tkaniny.pl<\/a><\/p>\n\n\n\n<p>Tel: +48 690520221 ( in lingua polacca e inglese )<\/p>\n\n\n\n<p><\/p>","protected":false},"excerpt":{"rendered":"<p>Oferta skierowana do profesjonalist\u00f3w z bran\u017cy motoryzacyjnej, sklep\u00f3w oraz hurtowni tkanin. Specjalizujemy si\u0119 w sprzeda\u017cy wysokiej jako\u015bci tkanin samochodowych, kt\u00f3re znajduj\u0105 zastosowanie w tapicerstwie, renowacji wn\u0119trz pojazd\u00f3w, produkcji oraz projektach indywidualnych. Nasze materia\u0142y \u0142\u0105cz\u0105 trwa\u0142o\u015b\u0107, estetyk\u0119 oraz szerok\u0105 gam\u0119 wzor\u00f3w i kolor\u00f3w, odpowiadaj\u0105c zar\u00f3wno na potrzeby standardowych realizacji, jak i bardziej wymagaj\u0105cych projekt\u00f3w. Do wsp\u00f3\u0142pracy&#8230;<\/p>","protected":false},"author":1938,"featured_media":0,"parent":0,"menu_order":0,"comment_status":"closed","ping_status":"closed","template":"","meta":{"_acf_changed":false,"_kad_blocks_custom_css":"","_kad_blocks_head_custom_js":"","_kad_blocks_body_custom_js":"","_kad_blocks_footer_custom_js":"","_kad_post_transparent":"","_kad_post_title":"","_kad_post_layout":"","_kad_post_sidebar_id":"","_kad_post_content_style":"","_kad_post_vertical_padding":"","_kad_post_feature":"","_kad_post_feature_position":"","_kad_post_header":false,"_kad_post_footer":false,"_kad_post_classname":"","footnotes":""},"class_list":["post-7804","page","type-page","status-publish","hentry"],"acf":[],"taxonomy_info":[],"featured_image_src_large":false,"author_info":{"display_name":"Maciej Borkowski","author_link":"https:\/\/modeco-sklep.pl\/it\/author\/maciek\/"},"comment_info":0,"_links":{"self":[{"href":"https:\/\/modeco-sklep.pl\/it\/wp-json\/wp\/v2\/pages\/7804","targetHints":{"allow":["GET"]}}],"collection":[{"href":"https:\/\/modeco-sklep.pl\/it\/wp-json\/wp\/v2\/pages"}],"about":[{"href":"https:\/\/modeco-sklep.pl\/it\/wp-json\/wp\/v2\/types\/page"}],"author":[{"embeddable":true,"href":"https:\/\/modeco-sklep.pl\/it\/wp-json\/wp\/v2\/users\/1938"}],"replies":[{"embeddable":true,"href":"https:\/\/modeco-sklep.pl\/it\/wp-json\/wp\/v2\/comments?post=7804"}],"version-history":[{"count":0,"href":"https:\/\/modeco-sklep.pl\/it\/wp-json\/wp\/v2\/pages\/7804\/revisions"}],"wp:attachment":[{"href":"https:\/\/modeco-sklep.pl\/it\/wp-json\/wp\/v2\/media?parent=7804"}],"curies":[{"name":"wp","href":"https:\/\/api.w.org\/{rel}","templated":true}]}}