{"id":1526,"date":"2025-06-13T06:07:08","date_gmt":"2025-06-13T06:07:08","guid":{"rendered":"https:\/\/modeco.mywebwork.net\/?page_id=1526"},"modified":"2025-10-11T22:22:32","modified_gmt":"2025-10-11T20:22:32","slug":"chi-siamo","status":"publish","type":"page","link":"https:\/\/modeco-sklep.pl\/it\/o-nas\/","title":{"rendered":"Chi siamo"},"content":{"rendered":"<p>La sede e il centro logistico dell'azienda MODECO si trovano nella capitale della provincia di Podlasie, l'incantevole citt\u00e0 di Bia\u0142ystok. \u00c8 qui che riceviamo ed evadiamo gli ordini provenienti da diverse parti del Paese e dai mercati internazionali.&nbsp;<\/p>\n\n\n\n<p>Siamo specializzati nella produzione e distribuzione di tessuti dedicati al settore automobilistico, nautico e aeronautico. Si tratta di settori particolarmente esigenti, pertanto siamo costantemente alla ricerca di soluzioni sempre pi\u00f9 innovative  basate su tecnologie moderne.&nbsp;<\/p>\n\n\n<style>.kb-image1526_71fa73-2a.kb-image-is-ratio-size, .kb-image1526_71fa73-2a .kb-image-is-ratio-size{max-width:1449px;width:100%;}.wp-block-kadence-column > .kt-inside-inner-col > .kb-image1526_71fa73-2a.kb-image-is-ratio-size, .wp-block-kadence-column > .kt-inside-inner-col > .kb-image1526_71fa73-2a .kb-image-is-ratio-size{align-self:unset;}.kb-image1526_71fa73-2a{max-width:1449px;}.image-is-svg.kb-image1526_71fa73-2a{-webkit-flex:0 1 100%;flex:0 1 100%;}.image-is-svg.kb-image1526_71fa73-2a img{width:100%;}.kb-image1526_71fa73-2a .kb-image-has-overlay:after{opacity:0.3;}<\/style>\n<figure class=\"wp-block-kadence-image kb-image1526_71fa73-2a size-full kb-image-is-ratio-size\"><div class=\"kb-is-ratio-image kb-image-ratio-land41\"><img loading=\"lazy\" decoding=\"async\" width=\"2000\" height=\"1124\" src=\"http:\/\/modeco-sklep.pl\/wp-content\/uploads\/2025\/10\/baner.jpg\" alt=\"\" class=\"kb-img wp-image-6538\" srcset=\"https:\/\/modeco-sklep.pl\/wp-content\/uploads\/2025\/10\/baner.jpg 2000w, https:\/\/modeco-sklep.pl\/wp-content\/uploads\/2025\/10\/baner-300x169.jpg 300w, https:\/\/modeco-sklep.pl\/wp-content\/uploads\/2025\/10\/baner-1024x575.jpg 1024w, https:\/\/modeco-sklep.pl\/wp-content\/uploads\/2025\/10\/baner-768x432.jpg 768w, https:\/\/modeco-sklep.pl\/wp-content\/uploads\/2025\/10\/baner-1536x863.jpg 1536w, https:\/\/modeco-sklep.pl\/wp-content\/uploads\/2025\/10\/baner-18x10.jpg 18w, https:\/\/modeco-sklep.pl\/wp-content\/uploads\/2025\/10\/baner-150x84.jpg 150w\" sizes=\"auto, (max-width: 2000px) 100vw, 2000px\" \/><\/div><\/figure>\n\n\n\n<p>L'offerta MODECO comprende un'ampia scelta di materiali di alta qualit\u00e0 e durevoli, tra cui:<\/p>\n\n\n\n<ul class=\"wp-block-list\">\n<li>&nbsp;&nbsp;&nbsp;&nbsp;tessuti per controsoffitti<\/li>\n\n\n\n<li>&nbsp;&nbsp;&nbsp;&nbsp;pelli sintetiche<\/li>\n\n\n\n<li>&nbsp;&nbsp;&nbsp;&nbsp;tessuti per sedili auto<\/li>\n\n\n\n<li>&nbsp;&nbsp;&nbsp;&nbsp;rivestimenti per auto<\/li>\n<\/ul>\n\n\n\n<p>I nostri prodotti sono una combinazione perfetta di design moderno e funzionalit\u00e0. Apprezziamo l'originalit\u00e0, quindi per alcuni prodotti offriamo la possibilit\u00e0 di personalizzare le finiture in base alle esigenze specifiche del cliente.<\/p>\n\n\n\n<p>La nostra pluriennale presenza sul mercato, la vasta esperienza e il servizio completo ci rendono un partner su cui potete contare per la realizzazione anche dei progetti pi\u00f9 impegnativi. Vi invitiamo a collaborare con noi!<\/p>","protected":false},"excerpt":{"rendered":"<p>Siedziba i centrum logistyczne firmy MODECO znajduje si\u0119 w stolicy wojew\u00f3dztwa podlaskiego, uroczym mie\u015bcie&nbsp; &#8211; Bia\u0142ymstoku. To tutaj przyjmujemy i realizujemy zam\u00f3wienia pochodz\u0105ce z r\u00f3\u017cnych cz\u0119\u015bci kraju i rynk\u00f3w mi\u0119dzynarodowych.&nbsp; Nasz\u0105 specjalno\u015bci\u0105 jest produkcja i dystrybucja tkanin dedykowanych bran\u017cy automotive, marine, aviation. S\u0105 to bran\u017ce szczeg\u00f3lnie wymagaj\u0105ce, dlatego nie ustajemy w poszukiwaniu coraz bardziej innowacyjnych&#8230;<\/p>","protected":false},"author":1940,"featured_media":1935,"parent":0,"menu_order":0,"comment_status":"closed","ping_status":"closed","template":"","meta":{"_acf_changed":false,"_kad_blocks_custom_css":"","_kad_blocks_head_custom_js":"","_kad_blocks_body_custom_js":"","_kad_blocks_footer_custom_js":"","_kad_post_transparent":"","_kad_post_title":"","_kad_post_layout":"","_kad_post_sidebar_id":"","_kad_post_content_style":"","_kad_post_vertical_padding":"","_kad_post_feature":"","_kad_post_feature_position":"","_kad_post_header":false,"_kad_post_footer":false,"_kad_post_classname":"","footnotes":""},"class_list":["post-1526","page","type-page","status-publish","has-post-thumbnail","hentry"],"acf":[],"taxonomy_info":[],"featured_image_src_large":["https:\/\/modeco-sklep.pl\/wp-content\/uploads\/2025\/07\/modeco-1024x629.jpeg",1024,629,true],"author_info":{"display_name":"Modeco Sklep","author_link":"https:\/\/modeco-sklep.pl\/it\/author\/modeco\/"},"comment_info":0,"_links":{"self":[{"href":"https:\/\/modeco-sklep.pl\/it\/wp-json\/wp\/v2\/pages\/1526","targetHints":{"allow":["GET"]}}],"collection":[{"href":"https:\/\/modeco-sklep.pl\/it\/wp-json\/wp\/v2\/pages"}],"about":[{"href":"https:\/\/modeco-sklep.pl\/it\/wp-json\/wp\/v2\/types\/page"}],"author":[{"embeddable":true,"href":"https:\/\/modeco-sklep.pl\/it\/wp-json\/wp\/v2\/users\/1940"}],"replies":[{"embeddable":true,"href":"https:\/\/modeco-sklep.pl\/it\/wp-json\/wp\/v2\/comments?post=1526"}],"version-history":[{"count":0,"href":"https:\/\/modeco-sklep.pl\/it\/wp-json\/wp\/v2\/pages\/1526\/revisions"}],"wp:featuredmedia":[{"embeddable":true,"href":"https:\/\/modeco-sklep.pl\/it\/wp-json\/wp\/v2\/media\/1935"}],"wp:attachment":[{"href":"https:\/\/modeco-sklep.pl\/it\/wp-json\/wp\/v2\/media?parent=1526"}],"curies":[{"name":"wp","href":"https:\/\/api.w.org\/{rel}","templated":true}]}}