{"id":12,"date":"2025-06-13T06:04:42","date_gmt":"2025-06-13T06:04:42","guid":{"rendered":"https:\/\/modeco.mywebwork.net\/?page_id=12"},"modified":"2025-06-13T06:04:43","modified_gmt":"2025-06-13T06:04:43","slug":"rimborsi-reclami","status":"publish","type":"page","link":"https:\/\/modeco-sklep.pl\/it\/zwroty-reklamacje\/","title":{"rendered":"Resi e reclami"},"content":{"rendered":"<p><strong>INFORMAZIONI RELATIVE AI RECLAMI<\/strong><\/p>\n\n\n\n<p>Se la merce acquistata \u00e8 difettosa o non conforme all'ordine, \u00e8 possibile presentare un reclamo in garanzia.<\/p>\n\n\n\n<p>Il reclamo deve essere inviato all'indirizzo della sede legale. Al pacco deve essere allegato un reclamo scritto.<\/p>\n\n\n\n<p>Per consentire un'efficace elaborazione del reclamo, la spedizione deve contenere:<\/p>\n\n\n\n<ul class=\"wp-block-list\">\n<li>il prodotto pubblicizzato,<\/li>\n\n\n\n<li>modulo di reclamo compilato,<\/li>\n\n\n\n<li>prova d'acquisto o dati della persona per conto della quale \u00e8 stato effettuato l'ordine.<\/li>\n<\/ul>\n\n\n\n<p>Entro 14 giorni dalla data di ricezione della spedizione con la merce difettosa, risponderemo al reclamo presentato e ti informeremo sulle ulteriori azioni da intraprendere.<\/p>\n\n\n\n<p><strong>INFORMAZIONI SUL RESO DELLA MERCE<\/strong><\/p>\n\n\n\n<p>Non \u00e8 possibile restituire i materiali acquistati al metro. Ogni ordine di questo tipo viene trattato come individuale.<\/p>\n\n\n\n<p>Il reso della merce riguarda solo i materiali acquistati in barre intere. In questo caso<br>Garantiamo il diritto di recedere dal Contratto e quindi di restituire la merce ordinata entro 14 giorni dal ricevimento della spedizione, senza fornire alcuna motivazione.<\/p>\n\n\n\n<p>Il rimborso deve essere effettuato rispedendo a proprie spese il prodotto non desiderato insieme al modulo compilato \u201eRecesso dal contratto\u201d.\u201d<\/p>\n\n\n\n<p><strong>Indirizzo per resi e reclami:<\/strong><\/p>\n\n\n\n<p>MODECO<br>Bia\u0142ystok 15-585, ul. Zab\u0142udowska 41<\/p>","protected":false},"excerpt":{"rendered":"<p>INFORMACJE DOTYCZ\u0104CE REKLAMACJI Je\u017celi zakupiony towar jest wadliwy lub niezgodny z zam\u00f3wieniem mog\u0105 Pa\u0144stwo z\u0142o\u017cy\u0107 reklamacj\u0119 w ramach r\u0119kojmi. Reklamacja powinna zosta\u0107 dokonana na adres firmowy. Do paczki nale\u017cy do\u0142\u0105czy\u0107 pisemn\u0105 reklamacj\u0119. W celu sprawnego rozpatrzenia reklamacji, przesy\u0142ka powinna zawiera\u0107: W terminie do 14 dni od daty otrzymania przesy\u0142ki z wadliwym towarem, ustosunkujemy si\u0119 do&#8230;<\/p>","protected":false},"author":1940,"featured_media":0,"parent":0,"menu_order":0,"comment_status":"closed","ping_status":"closed","template":"","meta":{"_acf_changed":false,"_kad_blocks_custom_css":"","_kad_blocks_head_custom_js":"","_kad_blocks_body_custom_js":"","_kad_blocks_footer_custom_js":"","_kad_post_transparent":"","_kad_post_title":"","_kad_post_layout":"","_kad_post_sidebar_id":"","_kad_post_content_style":"","_kad_post_vertical_padding":"","_kad_post_feature":"","_kad_post_feature_position":"","_kad_post_header":false,"_kad_post_footer":false,"_kad_post_classname":"","footnotes":""},"class_list":["post-12","page","type-page","status-publish","hentry"],"acf":[],"taxonomy_info":[],"featured_image_src_large":false,"author_info":{"display_name":"Modeco Sklep","author_link":"https:\/\/modeco-sklep.pl\/it\/author\/modeco\/"},"comment_info":0,"_links":{"self":[{"href":"https:\/\/modeco-sklep.pl\/it\/wp-json\/wp\/v2\/pages\/12","targetHints":{"allow":["GET"]}}],"collection":[{"href":"https:\/\/modeco-sklep.pl\/it\/wp-json\/wp\/v2\/pages"}],"about":[{"href":"https:\/\/modeco-sklep.pl\/it\/wp-json\/wp\/v2\/types\/page"}],"author":[{"embeddable":true,"href":"https:\/\/modeco-sklep.pl\/it\/wp-json\/wp\/v2\/users\/1940"}],"replies":[{"embeddable":true,"href":"https:\/\/modeco-sklep.pl\/it\/wp-json\/wp\/v2\/comments?post=12"}],"version-history":[{"count":0,"href":"https:\/\/modeco-sklep.pl\/it\/wp-json\/wp\/v2\/pages\/12\/revisions"}],"wp:attachment":[{"href":"https:\/\/modeco-sklep.pl\/it\/wp-json\/wp\/v2\/media?parent=12"}],"curies":[{"name":"wp","href":"https:\/\/api.w.org\/{rel}","templated":true}]}}