{"id":7886,"date":"2026-05-04T21:06:45","date_gmt":"2026-05-04T19:06:45","guid":{"rendered":"https:\/\/modeco-sklep.pl\/?post_type=product&#038;p=7886"},"modified":"2026-05-04T23:58:08","modified_gmt":"2026-05-04T21:58:08","slug":"wykladzina-marina-wood-walnut","status":"publish","type":"product","link":"https:\/\/modeco-sklep.pl\/fr\/wykladzina-marina-wood-walnut\/","title":{"rendered":"WYK\u0141ADZINA MARINA WOOD &#8211; WALNUT"},"content":{"rendered":"<section class=\"StrTresc\">\n<div class=\"Listing\">\n<div class=\"OpisListing\">\n<div class=\"OpisListingGorny\">\n<section class=\"StrTresc\">\n<div class=\"Listing\">\n<div class=\"OpisListing\">\n<div class=\"OpisListingGorny\">\n<p data-start=\"194\" data-end=\"502\">Marina Wood to wysokiej jako\u015bci wyk\u0142adzina winylowa imituj\u0105ca drewno, inspirowana stylistyk\u0105 morsk\u0105. Zosta\u0142a zaprojektowana specjalnie do wn\u0119trz pojazd\u00f3w, gdzie liczy si\u0119 zar\u00f3wno estetyka, jak i funkcjonalno\u015b\u0107. Jej unikalny wz\u00f3r nawi\u0105zuje do pok\u0142ad\u00f3w jacht\u00f3w, nadaj\u0105c wn\u0119trzu elegancki i wyj\u0105tkowy charakter.<\/p>\n<p data-start=\"504\" data-end=\"795\">Materia\u0142 jest \u0142atwy w czyszczeniu oraz posiada w\u0142a\u015bciwo\u015bci antypo\u015blizgowe, co zapewnia bezpiecze\u0144stwo i komfort podczas podr\u00f3\u017cy. Dzi\u0119ki doskona\u0142ym parametrom technicznym Marina Wood \u0142\u0105czy trwa\u0142o\u015b\u0107 z nowoczesnym designem, stanowi\u0105c idealne rozwi\u0105zanie do intensywnie u\u017cytkowanych przestrzeni.<\/p>\n<p data-start=\"797\" data-end=\"879\"><strong data-start=\"797\" data-end=\"814\">Application :<\/strong><br \/>\nMarina Wood sprawdzi si\u0119 w r\u00f3\u017cnych typach pojazd\u00f3w i projektach:<\/p>\n<ul data-start=\"880\" data-end=\"1117\">\n<li data-section-id=\"1ymy5uv\" data-start=\"880\" data-end=\"937\">kampery i samochody kempingowe<\/li>\n<li data-section-id=\"1mou5kt\" data-start=\"938\" data-end=\"961\">autobusy i autokary<\/li>\n<li data-section-id=\"i9mqh5\" data-start=\"962\" data-end=\"982\">pojazdy u\u017cytkowe<\/li>\n<li data-section-id=\"11oq5fh\" data-start=\"983\" data-end=\"1026\">pojazdy specjalistyczne i przystosowane<\/li>\n<\/ul>\n<p><strong data-start=\"65\" data-end=\"85\">Sk\u0142ad materia\u0142u:<\/strong><\/p>\n<p>Wysokiej jako\u015bci PVC (winyl) z podk\u0142adem tekstylnym (fleece), zapewniaj\u0105cym dodatkow\u0105 trwa\u0142o\u015b\u0107 oraz komfort u\u017cytkowania.<\/p>\n<p>Szeroko\u015b\u0107: 200 cm<\/p>\n<p>Grubo\u015b\u0107: 2,5mm<\/p>\n<p><span style=\"font-size: 16px;\"><strong>D\u00e9tails du produit :<\/strong><\/span><\/p>\n<p><span style=\"font-size: 16px;\">En achetant 1 pi\u00e8ce, vous achetez 1 m\u00e8tre courant de tissu (100 cm x 200 cm).<\/span><\/p>\n<p><span style=\"font-size: 16px;\">Przy zakupie kilku sztuk &#8211; nie rozcinamy materia\u0142u, wysy\u0142amy w jednym kawa\u0142ku &#8211; max w jednym wa\u0142ku 12,5 mb\u00a0<\/span><\/p>\n<\/div>\n<\/div>\n<\/div>\n<\/section>\n<\/div>\n<\/div>\n<\/div>\n<\/section>","protected":false},"excerpt":{"rendered":"<p>Marina Wood to wysokiej jako\u015bci wyk\u0142adzina winylowa imituj\u0105ca drewno, inspirowana stylistyk\u0105 morsk\u0105. Zosta\u0142a zaprojektowana specjalnie do wn\u0119trz pojazd\u00f3w, gdzie liczy si\u0119 zar\u00f3wno estetyka, jak i funkcjonalno\u015b\u0107. Jej unikalny wz\u00f3r nawi\u0105zuje do pok\u0142ad\u00f3w jacht\u00f3w, nadaj\u0105c wn\u0119trzu elegancki i wyj\u0105tkowy charakter. Materia\u0142 jest \u0142atwy w czyszczeniu oraz posiada w\u0142a\u015bciwo\u015bci antypo\u015blizgowe, co zapewnia bezpiecze\u0144stwo i komfort podczas podr\u00f3\u017cy&#8230;.<\/p>","protected":false},"featured_media":7887,"comment_status":"closed","ping_status":"closed","template":"","meta":{"_acf_changed":false,"_kad_blocks_custom_css":"","_kad_blocks_head_custom_js":"","_kad_blocks_body_custom_js":"","_kad_blocks_footer_custom_js":"","_kad_post_transparent":"default","_kad_post_title":"","_kad_post_layout":"default","_kad_post_sidebar_id":"","_kad_post_content_style":"default","_kad_post_vertical_padding":"default","_kad_post_feature":"","_kad_post_feature_position":"","_kad_post_header":false,"_kad_post_footer":false,"_kad_post_classname":""},"product_brand":[17],"product_cat":[47],"product_tag":[],"class_list":{"0":"post-7886","1":"product","2":"type-product","3":"status-publish","4":"has-post-thumbnail","6":"product_brand-modeco","7":"product_cat-wykladziny-do-vanow-autobusow","9":"first","10":"instock","11":"purchasable","12":"product-type-simple","13":"entry","14":"content-bg","15":"loop-entry"},"acf":[],"taxonomy_info":{"product_brand":[{"value":17,"label":"MODECO"}],"product_cat":[{"value":47,"label":"WYK\u0141ADZINY DO VAN\u00d3W I BUS\u00d3W"}]},"featured_image_src_large":["https:\/\/modeco-sklep.pl\/wp-content\/uploads\/2026\/05\/Walnut-Black-Marina-Wood-1024x576.png",1024,576,true],"author_info":[],"comment_info":0,"_links":{"self":[{"href":"https:\/\/modeco-sklep.pl\/fr\/wp-json\/wp\/v2\/product\/7886","targetHints":{"allow":["GET"]}}],"collection":[{"href":"https:\/\/modeco-sklep.pl\/fr\/wp-json\/wp\/v2\/product"}],"about":[{"href":"https:\/\/modeco-sklep.pl\/fr\/wp-json\/wp\/v2\/types\/product"}],"replies":[{"embeddable":true,"href":"https:\/\/modeco-sklep.pl\/fr\/wp-json\/wp\/v2\/comments?post=7886"}],"wp:featuredmedia":[{"embeddable":true,"href":"https:\/\/modeco-sklep.pl\/fr\/wp-json\/wp\/v2\/media\/7887"}],"wp:attachment":[{"href":"https:\/\/modeco-sklep.pl\/fr\/wp-json\/wp\/v2\/media?parent=7886"}],"wp:term":[{"taxonomy":"product_brand","embeddable":true,"href":"https:\/\/modeco-sklep.pl\/fr\/wp-json\/wp\/v2\/product_brand?post=7886"},{"taxonomy":"product_cat","embeddable":true,"href":"https:\/\/modeco-sklep.pl\/fr\/wp-json\/wp\/v2\/product_cat?post=7886"},{"taxonomy":"product_tag","embeddable":true,"href":"https:\/\/modeco-sklep.pl\/fr\/wp-json\/wp\/v2\/product_tag?post=7886"}],"curies":[{"name":"wp","href":"https:\/\/api.w.org\/{rel}","templated":true}]}}