{"id":7555,"date":"2026-02-13T10:33:22","date_gmt":"2026-02-13T09:33:22","guid":{"rendered":"https:\/\/modeco-sklep.pl\/?post_type=product&#038;p=7555"},"modified":"2026-02-13T10:40:59","modified_gmt":"2026-02-13T09:40:59","slug":"catalogue-de-couleurs-daim-stretch","status":"publish","type":"product","link":"https:\/\/modeco-sklep.pl\/fr\/katalog-kolorystyczny-suede-stretch\/","title":{"rendered":"Catalogue des couleurs SUEDE STRETCH"},"content":{"rendered":"<p class=\"isSelectedEnd\"><strong>\u00c9chantillon de couleur du tissu SUPREME SUEDE STRETCH<\/strong><\/p>\n<p class=\"isSelectedEnd\">Un \u00e9chantillon pratique qui vous permet de voir la gamme compl\u00e8te des couleurs du tissu SUPREME SUEDE STRETCH avant de l'acheter.<\/p>\n<p class=\"isSelectedEnd\">Sont inclus :<\/p>\n<ul data-spread=\"false\">\n<li>\n<p class=\"isSelectedEnd\">toutes les couleurs de mat\u00e9riaux disponibles,<\/p>\n<\/li>\n<li>\n<p class=\"isSelectedEnd\">\u00e9chantillon de mat\u00e9riel suppl\u00e9mentaire dans la version <strong>SLIM<\/strong>.<\/p>\n<\/li>\n<\/ul>\n<p class=\"isSelectedEnd\">Chaque \u00e9chantillon a le format suivant <strong>15 \u00d7 20 cm<\/strong>, qui permet d'\u00e9valuer avec pr\u00e9cision la couleur, la texture et l'\u00e9lasticit\u00e9 du mat\u00e9riau.<\/p>\n<p>Id\u00e9al pour ceux qui souhaitent s\u00e9lectionner la bonne variante de couleur et de mat\u00e9riau avant de passer commande.<\/p>\n<p>&nbsp;<\/p>\n<p>&nbsp;<\/p>\n<p>&nbsp;<\/p>","protected":false},"excerpt":{"rendered":"<p>\u00c9chantillon de couleurs de tissu SUPREME SUEDE STRETCH \u00c9chantillon pratique vous permettant de voir la gamme compl\u00e8te des couleurs de tissu SUPREME SUEDE STRETCH avant de faire un achat. Inclus : tous les coloris de tissu disponibles, \u00e9chantillon de tissu suppl\u00e9mentaire en version SLIM. Chaque \u00e9chantillon a un format de 15 \u00d7 20 cm, ce qui vous permet d'\u00e9valuer avec pr\u00e9cision la couleur, la texture et l'\u00e9lasticit\u00e9 du tissu. La solution id\u00e9ale...<\/p>","protected":false},"featured_media":7554,"comment_status":"open","ping_status":"closed","template":"","meta":{"_acf_changed":false,"_kad_blocks_custom_css":"","_kad_blocks_head_custom_js":"","_kad_blocks_body_custom_js":"","_kad_blocks_footer_custom_js":"","_kad_post_transparent":"default","_kad_post_title":"","_kad_post_layout":"default","_kad_post_sidebar_id":"","_kad_post_content_style":"default","_kad_post_vertical_padding":"default","_kad_post_feature":"","_kad_post_feature_position":"","_kad_post_header":false,"_kad_post_footer":false,"_kad_post_classname":""},"product_brand":[17],"product_cat":[164,165],"product_tag":[],"class_list":{"0":"post-7555","1":"product","2":"type-product","3":"status-publish","4":"has-post-thumbnail","6":"product_brand-modeco","7":"product_cat-probniki","8":"product_cat-probniki-tkaniny-na-podsufitki-samochodowe","10":"first","11":"instock","12":"shipping-taxable","13":"purchasable","14":"product-type-simple","15":"entry","16":"content-bg","17":"loop-entry"},"acf":[],"taxonomy_info":{"product_brand":[{"value":17,"label":"MODECO"}],"product_cat":[{"value":164,"label":"PR\u00d3BNIKI"},{"value":165,"label":"PR\u00d3BNIKI"}]},"featured_image_src_large":["https:\/\/modeco-sklep.pl\/wp-content\/uploads\/2026\/02\/20260101_140713-1024x768.png",1024,768,true],"author_info":[],"comment_info":0,"_links":{"self":[{"href":"https:\/\/modeco-sklep.pl\/fr\/wp-json\/wp\/v2\/product\/7555","targetHints":{"allow":["GET"]}}],"collection":[{"href":"https:\/\/modeco-sklep.pl\/fr\/wp-json\/wp\/v2\/product"}],"about":[{"href":"https:\/\/modeco-sklep.pl\/fr\/wp-json\/wp\/v2\/types\/product"}],"replies":[{"embeddable":true,"href":"https:\/\/modeco-sklep.pl\/fr\/wp-json\/wp\/v2\/comments?post=7555"}],"wp:featuredmedia":[{"embeddable":true,"href":"https:\/\/modeco-sklep.pl\/fr\/wp-json\/wp\/v2\/media\/7554"}],"wp:attachment":[{"href":"https:\/\/modeco-sklep.pl\/fr\/wp-json\/wp\/v2\/media?parent=7555"}],"wp:term":[{"taxonomy":"product_brand","embeddable":true,"href":"https:\/\/modeco-sklep.pl\/fr\/wp-json\/wp\/v2\/product_brand?post=7555"},{"taxonomy":"product_cat","embeddable":true,"href":"https:\/\/modeco-sklep.pl\/fr\/wp-json\/wp\/v2\/product_cat?post=7555"},{"taxonomy":"product_tag","embeddable":true,"href":"https:\/\/modeco-sklep.pl\/fr\/wp-json\/wp\/v2\/product_tag?post=7555"}],"curies":[{"name":"wp","href":"https:\/\/api.w.org\/{rel}","templated":true}]}}