{"id":7383,"date":"2026-02-02T22:31:07","date_gmt":"2026-02-02T21:31:07","guid":{"rendered":"https:\/\/modeco-sklep.pl\/?post_type=product&#038;p=7383"},"modified":"2026-02-02T22:32:52","modified_gmt":"2026-02-02T21:32:52","slug":"slim-en-daim-marine","status":"publish","type":"product","link":"https:\/\/modeco-sklep.pl\/fr\/suede-slim-navy\/","title":{"rendered":"SLIM EN DAIM MARINE"},"content":{"rendered":"<h3><strong>SUEDE SLIM<\/strong><\/h3>\n<p>Pour le rev\u00eatement des cockpits, des \u00e9l\u00e9ments de cockpit, des montants et des pi\u00e8ces en plastique<\/p>\n<p>Le mat\u00e9riau est fin, ce qui \u00e9vite d'\u00e9paissir consid\u00e9rablement les \u00e9l\u00e9ments recouverts. Cela facilite l'ajustement des grilles d'a\u00e9ration et des autres composants du tableau de bord.<\/p>\n<p>De plus, ce mat\u00e9riau se caract\u00e9rise par une grande \u00e9lasticit\u00e9, ce qui lui permet de s'adapter parfaitement \u00e0 la forme du tableau de bord.<\/p>\n<p>SUEDE est un mat\u00e9riau sp\u00e9cial pour plafonds dont l'aspect et la structure sont similaires \u00e0 ceux des tissus courants. Il est dot\u00e9 d'un poil court qui change de direction lorsqu'on passe la main dessus, exactement comme l'original. Il est \u00e9lastique, s'adapte parfaitement \u00e0 la surface du plafond et sa mousse n'absorbe pas la colle.<\/p>\n<h3><strong>Versions disponibles du mat\u00e9riau SUEDE :<\/strong><\/h3>\n<p>\u2714 <strong>Pour le plafond \u2013 lisse<\/strong><br \/>\n\u2714 <strong>Pour le plafond \u2013 cousu<\/strong><br \/>\n\u2714 <strong>Sans mousse, sur une sous-couche sp\u00e9ciale<\/strong> (pour poteaux, cockpits, etc.)<\/p>\n<h3><strong>Sp\u00e9cifications :<\/strong><\/h3>\n<ul>\n<li><strong>Largeur :<\/strong> 150 cm<\/li>\n<li><strong>Une pi\u00e8ce<\/strong> = 1 m\u00e8tre lin\u00e9aire de tissu<\/li>\n<li>Si vous achetez plusieurs articles, nous vous les envoyons en un seul colis (sans les d\u00e9couper).<\/li>\n<\/ul>\n<h3><\/h3>\n<p>&nbsp;<\/p>","protected":false},"excerpt":{"rendered":"<p>SUEDE SLIM Pour le rev\u00eatement des cockpits, des \u00e9l\u00e9ments du cockpit, des montants et des pi\u00e8ces en plastique Le mat\u00e9riau est fin, ce qui permet de ne pas \u00e9paissir consid\u00e9rablement les \u00e9l\u00e9ments rev\u00eatus. Cela facilite l'ajustement des grilles de ventilation et des autres composants du tableau de bord. De plus, le mat\u00e9riau se caract\u00e9rise par une grande \u00e9lasticit\u00e9, ce qui permet un ajustement parfait \u00e0 la forme du tableau de bord. SUEDE est un mat\u00e9riau sp\u00e9cial pour les garnitures de toit, dont l'aspect et la structure...<\/p>","protected":false},"featured_media":7385,"comment_status":"closed","ping_status":"closed","template":"","meta":{"_acf_changed":false,"_kad_blocks_custom_css":"","_kad_blocks_head_custom_js":"","_kad_blocks_body_custom_js":"","_kad_blocks_footer_custom_js":"","_kad_post_transparent":"default","_kad_post_title":"","_kad_post_layout":"default","_kad_post_sidebar_id":"","_kad_post_content_style":"default","_kad_post_vertical_padding":"default","_kad_post_feature":"","_kad_post_feature_position":"","_kad_post_header":false,"_kad_post_footer":false,"_kad_post_classname":""},"product_brand":[17],"product_cat":[100],"product_tag":[],"class_list":{"0":"post-7383","1":"product","2":"type-product","3":"status-publish","4":"has-post-thumbnail","6":"product_brand-modeco","7":"product_cat-tkaniny-na-deski-rozdzielcze","9":"first","10":"instock","11":"purchasable","12":"product-type-simple","13":"entry","14":"content-bg","15":"loop-entry"},"acf":[],"taxonomy_info":{"product_brand":[{"value":17,"label":"MODECO"}],"product_cat":[{"value":100,"label":"TKANINY NA DESKI ROZDZIELCZE"}]},"featured_image_src_large":["https:\/\/modeco-sklep.pl\/wp-content\/uploads\/2026\/02\/ChatGPT-Image-2-lut-2026-22_30_34-1024x683.png",1024,683,true],"author_info":[],"comment_info":0,"_links":{"self":[{"href":"https:\/\/modeco-sklep.pl\/fr\/wp-json\/wp\/v2\/product\/7383","targetHints":{"allow":["GET"]}}],"collection":[{"href":"https:\/\/modeco-sklep.pl\/fr\/wp-json\/wp\/v2\/product"}],"about":[{"href":"https:\/\/modeco-sklep.pl\/fr\/wp-json\/wp\/v2\/types\/product"}],"replies":[{"embeddable":true,"href":"https:\/\/modeco-sklep.pl\/fr\/wp-json\/wp\/v2\/comments?post=7383"}],"wp:featuredmedia":[{"embeddable":true,"href":"https:\/\/modeco-sklep.pl\/fr\/wp-json\/wp\/v2\/media\/7385"}],"wp:attachment":[{"href":"https:\/\/modeco-sklep.pl\/fr\/wp-json\/wp\/v2\/media?parent=7383"}],"wp:term":[{"taxonomy":"product_brand","embeddable":true,"href":"https:\/\/modeco-sklep.pl\/fr\/wp-json\/wp\/v2\/product_brand?post=7383"},{"taxonomy":"product_cat","embeddable":true,"href":"https:\/\/modeco-sklep.pl\/fr\/wp-json\/wp\/v2\/product_cat?post=7383"},{"taxonomy":"product_tag","embeddable":true,"href":"https:\/\/modeco-sklep.pl\/fr\/wp-json\/wp\/v2\/product_tag?post=7383"}],"curies":[{"name":"wp","href":"https:\/\/api.w.org\/{rel}","templated":true}]}}