{"id":7359,"date":"2026-02-02T16:06:17","date_gmt":"2026-02-02T15:06:17","guid":{"rendered":"https:\/\/modeco-sklep.pl\/?post_type=product&#038;p=7359"},"modified":"2026-02-02T16:10:46","modified_gmt":"2026-02-02T15:10:46","slug":"oem-skaj-bronze-colour-109","status":"publish","type":"product","link":"https:\/\/modeco-sklep.pl\/fr\/oem-skaj-bronze-colour-109\/","title":{"rendered":"OEM SKAJ BRONZE (COULEUR 109)"},"content":{"rendered":"<p><span style=\"font-size: 22px;\"><span style=\"line-height: 107%;\"><span style=\"line-height: 107%;\">OEM SKAJ BRONZE\u00a0<\/span><\/span><\/span><\/p>\n<p><span style=\"font-size: 18px;\">Code couleur : 109<\/span><\/p>\n<p><span style=\"line-height: 107%;\">Haute r\u00e9sistance \u00e0 l'abrasion<\/span><br \/>\n<span style=\"line-height: 107%;\">100% \u00e9tanche<\/span><br \/>\n<span style=\"line-height: 107%;\">Largeur du tissu : 140 cm<\/span><\/p>\n<p><span style=\"font-size: 18px;\"><span style=\"line-height: 107%;\">Le prix s'entend pour 1 m\u00e8tre courant (140 cm x 100 cm).<\/span><br \/>\n<span style=\"line-height: 107%;\">Lorsque vous achetez plusieurs m\u00e8tres, nous envoyons le tissu en un seul morceau, sans le couper.<\/span><\/span><\/p>","protected":false},"excerpt":{"rendered":"<p>OEM SKAJ BRONZE Code couleur : 109 Haute r\u00e9sistance \u00e0 l'abrasion 100% imperm\u00e9able Largeur du tissu : 140 cm Le prix est pour 1 m\u00e8tre courant ( 140cm x 100cm) Lors de l'achat de plusieurs m\u00e8tres, nous envoyons le mat\u00e9riel en entier, nous ne le coupons pas.<\/p>","protected":false},"featured_media":7360,"comment_status":"closed","ping_status":"closed","template":"","meta":{"_acf_changed":false,"_kad_blocks_custom_css":"","_kad_blocks_head_custom_js":"","_kad_blocks_body_custom_js":"","_kad_blocks_footer_custom_js":"","_kad_post_transparent":"default","_kad_post_title":"","_kad_post_layout":"default","_kad_post_sidebar_id":"","_kad_post_content_style":"default","_kad_post_vertical_padding":"default","_kad_post_feature":"","_kad_post_feature_position":"","_kad_post_header":false,"_kad_post_footer":false,"_kad_post_classname":""},"product_brand":[17],"product_cat":[156,58],"product_tag":[],"class_list":{"0":"post-7359","1":"product","2":"type-product","3":"status-publish","4":"has-post-thumbnail","6":"product_brand-modeco","7":"product_cat-oem-black-colours","8":"product_cat-skory-syntetyczne-skaje","10":"first","11":"instock","12":"purchasable","13":"product-type-simple","14":"entry","15":"content-bg","16":"loop-entry"},"acf":[],"taxonomy_info":{"product_brand":[{"value":17,"label":"MODECO"}],"product_cat":[{"value":156,"label":"OEM SKAJ COLOURS"},{"value":58,"label":"SKAJE SAMOCHODOWE"}]},"featured_image_src_large":["https:\/\/modeco-sklep.pl\/wp-content\/uploads\/2026\/02\/109-1024x768.jpg",1024,768,true],"author_info":[],"comment_info":0,"_links":{"self":[{"href":"https:\/\/modeco-sklep.pl\/fr\/wp-json\/wp\/v2\/product\/7359","targetHints":{"allow":["GET"]}}],"collection":[{"href":"https:\/\/modeco-sklep.pl\/fr\/wp-json\/wp\/v2\/product"}],"about":[{"href":"https:\/\/modeco-sklep.pl\/fr\/wp-json\/wp\/v2\/types\/product"}],"replies":[{"embeddable":true,"href":"https:\/\/modeco-sklep.pl\/fr\/wp-json\/wp\/v2\/comments?post=7359"}],"wp:featuredmedia":[{"embeddable":true,"href":"https:\/\/modeco-sklep.pl\/fr\/wp-json\/wp\/v2\/media\/7360"}],"wp:attachment":[{"href":"https:\/\/modeco-sklep.pl\/fr\/wp-json\/wp\/v2\/media?parent=7359"}],"wp:term":[{"taxonomy":"product_brand","embeddable":true,"href":"https:\/\/modeco-sklep.pl\/fr\/wp-json\/wp\/v2\/product_brand?post=7359"},{"taxonomy":"product_cat","embeddable":true,"href":"https:\/\/modeco-sklep.pl\/fr\/wp-json\/wp\/v2\/product_cat?post=7359"},{"taxonomy":"product_tag","embeddable":true,"href":"https:\/\/modeco-sklep.pl\/fr\/wp-json\/wp\/v2\/product_tag?post=7359"}],"curies":[{"name":"wp","href":"https:\/\/api.w.org\/{rel}","templated":true}]}}