{"id":6452,"date":"2025-10-07T21:08:40","date_gmt":"2025-10-07T19:08:40","guid":{"rendered":"https:\/\/modeco-sklep.pl\/?post_type=product&#038;p=6452"},"modified":"2025-10-07T21:09:18","modified_gmt":"2025-10-07T19:09:18","slug":"toile-ivoire","status":"publish","type":"product","link":"https:\/\/modeco-sklep.pl\/fr\/canvas-ivory\/","title":{"rendered":"CANVAS IVOIRE"},"content":{"rendered":"<h3><strong data-start=\"92\" data-end=\"152\">CANVAS VINYLE<\/strong><\/h3>\n<h3><br data-start=\"152\" data-end=\"155\" \/>Vinyle sp\u00e9cialis\u00e9 pour les plafonds de voiture, con\u00e7u pour les amateurs de voitures classiques et anciennes. Sa structure unique refl\u00e8te fid\u00e8lement le caract\u00e8re des int\u00e9rieurs d'antan. Gr\u00e2ce \u00e0 sa palette de couleurs populaire et \u00e0 la formule flexible du mat\u00e9riau, le vinyle s'adapte parfaitement \u00e0 la surface apr\u00e8s un l\u00e9ger chauffage, garantissant un r\u00e9sultat professionnel.<\/h3>\n<p>&nbsp;<\/p>\n<p><strong data-start=\"733\" data-end=\"760\">Caract\u00e9ristiques techniques :<\/strong><\/p>\n<p data-start=\"763\" data-end=\"800\"><strong data-start=\"763\" data-end=\"773\">Composition :<\/strong> 100% Vinyle (PVC)<\/p>\n<p data-start=\"876\" data-end=\"904\"><strong data-start=\"876\" data-end=\"890\">Largeur :<\/strong> 140 cm \u00b1 2%<\/p>\n<p data-start=\"967\" data-end=\"1041\"><strong data-start=\"967\" data-end=\"1002\">R\u00e9sistance aux rayons UV :<\/strong> \u00e9lev\u00e9e \u2013 conserve la couleur et la structure<\/p>\n<p data-start=\"1044\" data-end=\"1099\"><strong data-start=\"1044\" data-end=\"1062\">Difficult\u00e9 d'inflammation :<\/strong> finition ignifuge en option<\/p>\n<p data-start=\"1104\" data-end=\"1124\">UNE 1021 parties 1-2<\/p>\n<p data-start=\"1129\" data-end=\"1158\">BS 5852 (Cigarette &amp; Match)<\/p>\n<p data-start=\"1161\" data-end=\"1209\"><strong data-start=\"1161\" data-end=\"1189\">Plage de temp\u00e9ratures de fonctionnement :<\/strong> de -30 \u00b0C \u00e0 +80 \u00b0C<\/p>\n<p data-start=\"1212\" data-end=\"1282\"><strong data-start=\"1212\" data-end=\"1234\">Nettoyage facile :<\/strong> r\u00e9sistante aux salissures et aux produits d'entretien<\/p>\n<p>&nbsp;<\/p>\n<p>Le prix s'entend pour 1 m\u00e8tre courant (100 x 140 cm).<\/p>","protected":false},"excerpt":{"rendered":"<p>VINYLE CANVAS Un vinyle sp\u00e9cialis\u00e9 pour la garniture de toit des voitures, cr\u00e9\u00e9 pour les amateurs de voitures classiques et de vieilleries. Sa texture unique reproduit fid\u00e8lement le caract\u00e8re des int\u00e9rieurs d'antan. Avec sa palette de couleurs populaires et sa formule flexible, le vinyle s'adapte parfaitement \u00e0 la surface lorsqu'il est l\u00e9g\u00e8rement chauff\u00e9, garantissant un effet professionnel.   Caract\u00e9ristiques techniques : Composition : Vinyle 100% (PVC) Largeur :...<\/p>","protected":false},"featured_media":6453,"comment_status":"open","ping_status":"closed","template":"","meta":{"_acf_changed":false,"_kad_blocks_custom_css":"","_kad_blocks_head_custom_js":"","_kad_blocks_body_custom_js":"","_kad_blocks_footer_custom_js":"","_kad_post_transparent":"","_kad_post_title":"","_kad_post_layout":"","_kad_post_sidebar_id":"","_kad_post_content_style":"","_kad_post_vertical_padding":"","_kad_post_feature":"","_kad_post_feature_position":"","_kad_post_header":false,"_kad_post_footer":false,"_kad_post_classname":""},"product_brand":[17],"product_cat":[159],"product_tag":[],"class_list":{"0":"post-6452","1":"product","2":"type-product","3":"status-publish","4":"has-post-thumbnail","6":"product_brand-modeco","7":"product_cat-vinyle-tkaniny-powlekane-na-podsufitki","9":"first","10":"instock","11":"shipping-taxable","12":"purchasable","13":"product-type-simple","14":"entry","15":"content-bg","16":"loop-entry"},"acf":[],"taxonomy_info":{"product_brand":[{"value":17,"label":"MODECO"}],"product_cat":[{"value":159,"label":"VINYLE &amp; TKANINY POWLEKANE NA PODSUFITKI"}]},"featured_image_src_large":["https:\/\/modeco-sklep.pl\/wp-content\/uploads\/2025\/10\/ivory-1-1024x754.jpg",1024,754,true],"author_info":[],"comment_info":0,"_links":{"self":[{"href":"https:\/\/modeco-sklep.pl\/fr\/wp-json\/wp\/v2\/product\/6452","targetHints":{"allow":["GET"]}}],"collection":[{"href":"https:\/\/modeco-sklep.pl\/fr\/wp-json\/wp\/v2\/product"}],"about":[{"href":"https:\/\/modeco-sklep.pl\/fr\/wp-json\/wp\/v2\/types\/product"}],"replies":[{"embeddable":true,"href":"https:\/\/modeco-sklep.pl\/fr\/wp-json\/wp\/v2\/comments?post=6452"}],"wp:featuredmedia":[{"embeddable":true,"href":"https:\/\/modeco-sklep.pl\/fr\/wp-json\/wp\/v2\/media\/6453"}],"wp:attachment":[{"href":"https:\/\/modeco-sklep.pl\/fr\/wp-json\/wp\/v2\/media?parent=6452"}],"wp:term":[{"taxonomy":"product_brand","embeddable":true,"href":"https:\/\/modeco-sklep.pl\/fr\/wp-json\/wp\/v2\/product_brand?post=6452"},{"taxonomy":"product_cat","embeddable":true,"href":"https:\/\/modeco-sklep.pl\/fr\/wp-json\/wp\/v2\/product_cat?post=6452"},{"taxonomy":"product_tag","embeddable":true,"href":"https:\/\/modeco-sklep.pl\/fr\/wp-json\/wp\/v2\/product_tag?post=6452"}],"curies":[{"name":"wp","href":"https:\/\/api.w.org\/{rel}","templated":true}]}}