{"id":6421,"date":"2025-10-07T19:23:37","date_gmt":"2025-10-07T17:23:37","guid":{"rendered":"https:\/\/modeco-sklep.pl\/?post_type=product&#038;p=6421"},"modified":"2025-10-07T19:24:12","modified_gmt":"2025-10-07T17:24:12","slug":"oldtimer-nappa-lion-2","status":"publish","type":"product","link":"https:\/\/modeco-sklep.pl\/fr\/oldtimer-nappa-lion-2\/","title":{"rendered":"OLDTIMER NAPPA LION"},"content":{"rendered":"<h3><strong data-start=\"92\" data-end=\"152\">Cuir \u00e9cologique Nappa Oldtimer \u2013 un classique revisit\u00e9<\/strong><\/h3>\n<h3><br data-start=\"152\" data-end=\"155\" \/>Redonnez tout son \u00e9clat \u00e0 votre classique gr\u00e2ce au cuir \u00e9cologique <strong data-start=\"212\" data-end=\"230\">Nappa Oldtimer<\/strong>. Ce mat\u00e9riau a \u00e9t\u00e9 con\u00e7u pour les voitures anciennes, alliant l'\u00e9l\u00e9gance r\u00e9tro \u00e0 la durabilit\u00e9 des technologies modernes. Doux au toucher, avec une structure profonde et l'aspect authentique du cuir naturel, il est parfait pour la r\u00e9novation des plafonds des voitures anciennes. R\u00e9sistant \u00e0 l'abrasion, aux rayons UV et facile \u00e0 nettoyer. Mat\u00e9riau souple, facile \u00e0 adapter \u00e0 vos besoins : il suffit de le chauffer l\u00e9g\u00e8rement pour qu'il prenne parfaitement la forme souhait\u00e9e lors de l'installation.<\/h3>\n<h3>La palette de couleurs s'harmonise avec les teintes classiques connues des anciens mod\u00e8les Mercedes.<\/h3>\n<p>&nbsp;<\/p>\n<p><strong data-start=\"733\" data-end=\"760\">Caract\u00e9ristiques techniques :<\/strong><\/p>\n<p data-start=\"763\" data-end=\"800\"><strong data-start=\"763\" data-end=\"773\">Composition :<\/strong> 72% Vinyle (PVC) \u2013 28% PU<\/p>\n<p data-start=\"803\" data-end=\"845\"><strong data-start=\"803\" data-end=\"815\">Fond de teint :<\/strong> 100% microfibre polyester<\/p>\n<p data-start=\"848\" data-end=\"873\"><strong data-start=\"848\" data-end=\"862\">Grammage :<\/strong> 853 g\/m\u00b2<\/p>\n<p data-start=\"876\" data-end=\"904\"><strong data-start=\"876\" data-end=\"890\">Largeur :<\/strong> 140 cm \u00b1 2%<\/p>\n<p data-start=\"907\" data-end=\"964\"><strong data-start=\"907\" data-end=\"934\">R\u00e9sistance \u00e0 l'abrasion :<\/strong> &gt;100 000 cycles (Martindale)<\/p>\n<p data-start=\"967\" data-end=\"1041\"><strong data-start=\"967\" data-end=\"1002\">R\u00e9sistance aux rayons UV :<\/strong> \u00e9lev\u00e9e \u2013 conserve la couleur et la structure<\/p>\n<p data-start=\"1044\" data-end=\"1099\"><strong data-start=\"1044\" data-end=\"1062\">Difficult\u00e9 d'inflammation :<\/strong> finition ignifuge en option<\/p>\n<p data-start=\"1104\" data-end=\"1124\">UNE 1021 parties 1-2<\/p>\n<p data-start=\"1129\" data-end=\"1158\">BS 5852 (Cigarette &amp; Match)<\/p>\n<p data-start=\"1161\" data-end=\"1209\"><strong data-start=\"1161\" data-end=\"1189\">Plage de temp\u00e9ratures de fonctionnement :<\/strong> de -30 \u00b0C \u00e0 +80 \u00b0C<\/p>\n<p data-start=\"1212\" data-end=\"1282\"><strong data-start=\"1212\" data-end=\"1234\">Nettoyage facile :<\/strong> r\u00e9sistante aux salissures et aux produits d'entretien<\/p>\n<p>&nbsp;<\/p>\n<p>Le prix s'entend pour 1 m\u00e8tre courant (100 x 140 cm).<\/p>","protected":false},"excerpt":{"rendered":"<p>Cuir \u00e9cologique Nappa Oldtimer \u2013 un classique revisit\u00e9 dans une version moderne Redonnez tout son \u00e9clat \u00e0 votre voiture classique gr\u00e2ce au cuir \u00e9cologique Nappa Oldtimer. Ce mat\u00e9riau a \u00e9t\u00e9 sp\u00e9cialement con\u00e7u pour les voitures anciennes, alliant l'\u00e9l\u00e9gance r\u00e9tro \u00e0 la durabilit\u00e9 des technologies modernes. Doux au toucher, avec une structure profonde et l'aspect authentique du cuir naturel, il est parfait pour la r\u00e9novation des plafonds des voitures anciennes. R\u00e9sistant \u00e0 l'abrasion, aux rayons...<\/p>","protected":false},"featured_media":6422,"comment_status":"open","ping_status":"closed","template":"","meta":{"_acf_changed":false,"_kad_blocks_custom_css":"","_kad_blocks_head_custom_js":"","_kad_blocks_body_custom_js":"","_kad_blocks_footer_custom_js":"","_kad_post_transparent":"","_kad_post_title":"","_kad_post_layout":"","_kad_post_sidebar_id":"","_kad_post_content_style":"","_kad_post_vertical_padding":"","_kad_post_feature":"","_kad_post_feature_position":"","_kad_post_header":false,"_kad_post_footer":false,"_kad_post_classname":""},"product_brand":[17],"product_cat":[159],"product_tag":[],"class_list":{"0":"post-6421","1":"product","2":"type-product","3":"status-publish","4":"has-post-thumbnail","6":"product_brand-modeco","7":"product_cat-vinyle-tkaniny-powlekane-na-podsufitki","9":"first","10":"instock","11":"shipping-taxable","12":"purchasable","13":"product-type-simple","14":"entry","15":"content-bg","16":"loop-entry"},"acf":[],"taxonomy_info":{"product_brand":[{"value":17,"label":"MODECO"}],"product_cat":[{"value":159,"label":"VINYLE &amp; TKANINY POWLEKANE NA PODSUFITKI"}]},"featured_image_src_large":["https:\/\/modeco-sklep.pl\/wp-content\/uploads\/2025\/10\/LION-1-1024x683.jpg",1024,683,true],"author_info":[],"comment_info":0,"_links":{"self":[{"href":"https:\/\/modeco-sklep.pl\/fr\/wp-json\/wp\/v2\/product\/6421","targetHints":{"allow":["GET"]}}],"collection":[{"href":"https:\/\/modeco-sklep.pl\/fr\/wp-json\/wp\/v2\/product"}],"about":[{"href":"https:\/\/modeco-sklep.pl\/fr\/wp-json\/wp\/v2\/types\/product"}],"replies":[{"embeddable":true,"href":"https:\/\/modeco-sklep.pl\/fr\/wp-json\/wp\/v2\/comments?post=6421"}],"wp:featuredmedia":[{"embeddable":true,"href":"https:\/\/modeco-sklep.pl\/fr\/wp-json\/wp\/v2\/media\/6422"}],"wp:attachment":[{"href":"https:\/\/modeco-sklep.pl\/fr\/wp-json\/wp\/v2\/media?parent=6421"}],"wp:term":[{"taxonomy":"product_brand","embeddable":true,"href":"https:\/\/modeco-sklep.pl\/fr\/wp-json\/wp\/v2\/product_brand?post=6421"},{"taxonomy":"product_cat","embeddable":true,"href":"https:\/\/modeco-sklep.pl\/fr\/wp-json\/wp\/v2\/product_cat?post=6421"},{"taxonomy":"product_tag","embeddable":true,"href":"https:\/\/modeco-sklep.pl\/fr\/wp-json\/wp\/v2\/product_tag?post=6421"}],"curies":[{"name":"wp","href":"https:\/\/api.w.org\/{rel}","templated":true}]}}