{"id":6384,"date":"2025-10-05T20:48:15","date_gmt":"2025-10-05T18:48:15","guid":{"rendered":"https:\/\/modeco-sklep.pl\/?post_type=product&#038;p=6384"},"modified":"2025-10-05T20:48:47","modified_gmt":"2025-10-05T18:48:47","slug":"bois-de-mer-rotin","status":"publish","type":"product","link":"https:\/\/modeco-sklep.pl\/fr\/rattan-seawood\/","title":{"rendered":"RATTAN SEAWOOD"},"content":{"rendered":"<h3 data-start=\"167\" data-end=\"230\"><strong data-start=\"171\" data-end=\"230\"> Le rotin \u2013 un style qui donne du caract\u00e8re \u00e0 votre int\u00e9rieur<\/strong><\/h3>\n<h4 data-start=\"232\" data-end=\"616\">Distinguez votre voiture gr\u00e2ce \u00e0 un style unique gr\u00e2ce au cuir \u00e9cologique Rattan, un mat\u00e9riau qui allie l'\u00e9l\u00e9gance classique du tressage \u00e0 la durabilit\u00e9 et au confort d'utilisation modernes.<br data-start=\"409\" data-end=\"412\" \/>Le motif d\u00e9licatement estamp\u00e9, inspir\u00e9 du rotin naturel, conf\u00e8re \u00e0 l'int\u00e9rieur une profondeur unique et un aspect luxueux, s'harmonisant parfaitement avec les designs classiques et modernes des garnitures automobiles.<\/h4>\n<h4 data-start=\"618\" data-end=\"879\">C'est un excellent choix pour ceux qui appr\u00e9cient le design, la durabilit\u00e9 et la facilit\u00e9 d'entretien. Le cuir \u00e9cologique Rattan est r\u00e9sistant \u00e0 l'abrasion, aux rayons UV et aux changements de temp\u00e9rature. Il convient aussi bien \u00e0 la r\u00e9novation de voitures anciennes qu'aux r\u00e9alisations modernes sur mesure.<\/h4>\n<p>&nbsp;<\/p>\n<p>&nbsp;<\/p>\n<p><strong data-start=\"733\" data-end=\"760\">Caract\u00e9ristiques techniques :<\/strong><\/p>\n<p data-start=\"1022\" data-end=\"1051\"><strong data-start=\"1022\" data-end=\"1032\">Composition :<\/strong> 100% Vinyle (PVC)<\/p>\n<p data-start=\"1054\" data-end=\"1083\"><strong data-start=\"1054\" data-end=\"1066\">Fond de teint :<\/strong> 100% Polyester<\/p>\n<p data-start=\"1086\" data-end=\"1111\"><strong data-start=\"1086\" data-end=\"1100\">Grammage :<\/strong> 850 g\/m\u00b2<\/p>\n<p data-start=\"1114\" data-end=\"1142\"><strong data-start=\"1114\" data-end=\"1128\">Largeur :<\/strong> 140 cm \u00b1 2%<\/p>\n<p data-start=\"1145\" data-end=\"1189\"><strong data-start=\"1145\" data-end=\"1180\">R\u00e9sistance aux rayons UV :<\/strong> \u00e9lev\u00e9<\/p>\n<p data-start=\"1192\" data-end=\"1212\"><strong data-start=\"1192\" data-end=\"1210\">Difficult\u00e9 d'inflammation :<\/strong><\/p>\n<p data-start=\"1217\" data-end=\"1238\">UNE 1021 parties 1 et 2<\/p>\n<p data-start=\"1243\" data-end=\"1250\">AM 18<\/p>\n<p data-start=\"1255\" data-end=\"1259\">M2<\/p>\n<p data-start=\"1264\" data-end=\"1293\">BS 5852 (Cigarette &amp; Match)<\/p>\n<p data-start=\"1296\" data-end=\"1378\"><strong data-start=\"1296\" data-end=\"1321\">R\u00e9sistance \u00e0 l'usure :<\/strong> \u00e9lev\u00e9e \u2013 mat\u00e9riau d\u00e9di\u00e9 \u00e0 la sellerie automobile<\/p>\n<p data-start=\"1381\" data-end=\"1454\"><strong data-start=\"1381\" data-end=\"1403\">Entretien facile :<\/strong> peut \u00eatre nettoy\u00e9 avec des produits standard pour cuir \u00e9cologique<\/p>\n<p>&nbsp;<\/p>\n<p>Le prix s'entend pour 1 m\u00e8tre courant (100 x 140 cm).<\/p>","protected":false},"excerpt":{"rendered":"<p>Rattan \u2013 un style qui donne du caract\u00e8re \u00e0 votre int\u00e9rieur Distinguez votre voiture gr\u00e2ce \u00e0 un style unique avec le cuir \u00e9cologique Rattan, un mat\u00e9riau qui allie l'\u00e9l\u00e9gance classique du tressage \u00e0 la durabilit\u00e9 et au confort d'utilisation modernes.Le motif d\u00e9licatement gaufr\u00e9 inspir\u00e9 du rotin naturel conf\u00e8re \u00e0 l'int\u00e9rieur une profondeur exceptionnelle et un aspect luxueux, s'harmonisant parfaitement avec les designs classiques et modernes des garnitures automobiles. C'est le choix id\u00e9al pour...<\/p>","protected":false},"featured_media":6385,"comment_status":"open","ping_status":"closed","template":"","meta":{"_acf_changed":false,"_kad_blocks_custom_css":"","_kad_blocks_head_custom_js":"","_kad_blocks_body_custom_js":"","_kad_blocks_footer_custom_js":"","_kad_post_transparent":"","_kad_post_title":"","_kad_post_layout":"","_kad_post_sidebar_id":"","_kad_post_content_style":"","_kad_post_vertical_padding":"","_kad_post_feature":"","_kad_post_feature_position":"","_kad_post_header":false,"_kad_post_footer":false,"_kad_post_classname":""},"product_brand":[17],"product_cat":[135],"product_tag":[],"class_list":{"0":"post-6384","1":"product","2":"type-product","3":"status-publish","4":"has-post-thumbnail","6":"product_brand-modeco","7":"product_cat-rattan","9":"first","10":"instock","11":"shipping-taxable","12":"purchasable","13":"product-type-simple","14":"entry","15":"content-bg","16":"loop-entry"},"acf":[],"taxonomy_info":{"product_brand":[{"value":17,"label":"MODECO"}],"product_cat":[{"value":135,"label":"RATTAN"}]},"featured_image_src_large":["https:\/\/modeco-sklep.pl\/wp-content\/uploads\/2025\/10\/seawood-1024x683.jpg",1024,683,true],"author_info":[],"comment_info":0,"_links":{"self":[{"href":"https:\/\/modeco-sklep.pl\/fr\/wp-json\/wp\/v2\/product\/6384","targetHints":{"allow":["GET"]}}],"collection":[{"href":"https:\/\/modeco-sklep.pl\/fr\/wp-json\/wp\/v2\/product"}],"about":[{"href":"https:\/\/modeco-sklep.pl\/fr\/wp-json\/wp\/v2\/types\/product"}],"replies":[{"embeddable":true,"href":"https:\/\/modeco-sklep.pl\/fr\/wp-json\/wp\/v2\/comments?post=6384"}],"wp:featuredmedia":[{"embeddable":true,"href":"https:\/\/modeco-sklep.pl\/fr\/wp-json\/wp\/v2\/media\/6385"}],"wp:attachment":[{"href":"https:\/\/modeco-sklep.pl\/fr\/wp-json\/wp\/v2\/media?parent=6384"}],"wp:term":[{"taxonomy":"product_brand","embeddable":true,"href":"https:\/\/modeco-sklep.pl\/fr\/wp-json\/wp\/v2\/product_brand?post=6384"},{"taxonomy":"product_cat","embeddable":true,"href":"https:\/\/modeco-sklep.pl\/fr\/wp-json\/wp\/v2\/product_cat?post=6384"},{"taxonomy":"product_tag","embeddable":true,"href":"https:\/\/modeco-sklep.pl\/fr\/wp-json\/wp\/v2\/product_tag?post=6384"}],"curies":[{"name":"wp","href":"https:\/\/api.w.org\/{rel}","templated":true}]}}