{"id":6337,"date":"2025-10-05T19:49:41","date_gmt":"2025-10-05T17:49:41","guid":{"rendered":"https:\/\/modeco-sklep.pl\/?post_type=product&#038;p=6337"},"modified":"2025-10-05T19:51:00","modified_gmt":"2025-10-05T17:51:00","slug":"grizzly-inca-2","status":"publish","type":"product","link":"https:\/\/modeco-sklep.pl\/fr\/grizzly-inca-2\/","title":{"rendered":"GRIZZLY INCA"},"content":{"rendered":"<h3><strong data-start=\"628\" data-end=\"665\">GRIZZLY  \u2013 durabilit\u00e9 et confort en un seul produit<\/strong><\/h3>\n<h3>Notre collection de cuir \u00e9cologique haut de gamme est presque impossible \u00e0 distinguer du cuir v\u00e9ritable. Ce mat\u00e9riau est extr\u00eamement r\u00e9sistant et abrasif, ce qui le rend tr\u00e8s durable. Le cuir artificiel pr\u00e9sente une texture prononc\u00e9e et naturelle, ainsi qu'une surface agr\u00e9able au toucher.\u00a0 GRIZZLY  est \u00e9galement imperm\u00e9able et r\u00e9sistante \u00e0 l'eau sal\u00e9e, ce qui en fait un tissu d'ameublement id\u00e9al pour les meubles de jardin, les yachts, les bateaux \u00e0 moteur et les bateaux de croisi\u00e8re.<\/h3>\n<h3 data-start=\"174\" data-end=\"210\"><\/h3>\n<h3 data-start=\"174\" data-end=\"210\"><strong data-start=\"177\" data-end=\"210\">Caract\u00e9ristiques techniques<\/strong><\/h3>\n<p data-start=\"212\" data-end=\"725\"><strong data-start=\"212\" data-end=\"221\">Poids :<\/strong> 950 g\/m\u00b2 \u00b1 5%<br data-start=\"235\" data-end=\"238\" \/><strong data-start=\"238\" data-end=\"250\">\u00c9paisseur :<\/strong> 1,35 \u2013 1,55 mm<br data-start=\"265\" data-end=\"268\" \/><strong data-start=\"268\" data-end=\"278\">Composition :<\/strong> PVC \u2013 79%, CO \u2013 21%<br data-start=\"298\" data-end=\"301\" \/><strong data-start=\"301\" data-end=\"328\">R\u00e9sistance \u00e0 l'abrasion :<\/strong> \u2265 400 000 cycles Martindale (ISO 5470-2)<br data-start=\"368\" data-end=\"371\" \/><strong data-start=\"371\" data-end=\"396\">R\u00e9sistance \u00e0 l'alcool :<\/strong> \u2713 (\u00e9chelle de gris)<br data-start=\"415\" data-end=\"418\" data-is-only-node=\"\" \/><strong data-start=\"418\" data-end=\"440\">R\u00e9sistance au feu :<\/strong><br data-start=\"440\" data-end=\"443\" \/>FMVSS 302<br data-start=\"452\" data-end=\"455\" \/>EN 1021-1+2<br data-start=\"466\" data-end=\"469\" \/>NFP 92-507 M2<br data-start=\"482\" data-end=\"485\" \/>BS 5852 (Classification Crib)<br data-start=\"514\" data-end=\"517\" \/>Code IMO 2010 FTC, partie 8<br data-start=\"541\" data-end=\"544\" \/>UNI 9175 (Classification 1.IM)<br data-start=\"572\" data-end=\"575\" \/>\u00d6NORM A 3800 \u2013 1<br data-start=\"591\" data-end=\"594\" \/>\u00d6NORM B 3825<br data-start=\"606\" data-end=\"609\" \/><strong data-start=\"609\" data-end=\"660\">Propri\u00e9t\u00e9s antibact\u00e9riennes \/ antifongiques :<\/strong> \u2713<br data-start=\"692\" data-end=\"695\" \/><strong data-start=\"695\" data-end=\"709\">Largeur :<\/strong> 1,37 \u2013 1,40 m<\/p>\n<p>&nbsp;<\/p>\n<h3>Le prix s'entend pour 1 m\u00e8tre courant (100 x 137 cm).<\/h3>","protected":false},"excerpt":{"rendered":"<p>GRIZZLY  \u2013 durabilit\u00e9 et confort en un La collection en cuir \u00e9cologique de haute qualit\u00e9 est presque impossible \u00e0 distinguer du cuir v\u00e9ritable. Le mat\u00e9riau est extr\u00eamement r\u00e9sistant et r\u00e9sistant \u00e0 l'abrasion, ce qui le rend extr\u00eamement durable. Le cuir artificiel a une texture distincte et naturelle et une surface agr\u00e9able au toucher.\u00a0 GRIZZLY  est \u00e9galement imperm\u00e9able et r\u00e9sistant \u00e0 l'eau sal\u00e9e...<\/p>","protected":false},"featured_media":6338,"comment_status":"open","ping_status":"closed","template":"","meta":{"_acf_changed":false,"_kad_blocks_custom_css":"","_kad_blocks_head_custom_js":"","_kad_blocks_body_custom_js":"","_kad_blocks_footer_custom_js":"","_kad_post_transparent":"","_kad_post_title":"","_kad_post_layout":"","_kad_post_sidebar_id":"","_kad_post_content_style":"","_kad_post_vertical_padding":"","_kad_post_feature":"","_kad_post_feature_position":"","_kad_post_header":false,"_kad_post_footer":false,"_kad_post_classname":""},"product_brand":[17],"product_cat":[136],"product_tag":[],"class_list":{"0":"post-6337","1":"product","2":"type-product","3":"status-publish","4":"has-post-thumbnail","6":"product_brand-modeco","7":"product_cat-grizzly-skory-syntetyczne-vinyle","9":"first","10":"instock","11":"shipping-taxable","12":"purchasable","13":"product-type-simple","14":"entry","15":"content-bg","16":"loop-entry"},"acf":[],"taxonomy_info":{"product_brand":[{"value":17,"label":"MODECO"}],"product_cat":[{"value":136,"label":"GRIZZLY"}]},"featured_image_src_large":["https:\/\/modeco-sklep.pl\/wp-content\/uploads\/2025\/10\/INCA.jpg",1000,667,false],"author_info":[],"comment_info":0,"_links":{"self":[{"href":"https:\/\/modeco-sklep.pl\/fr\/wp-json\/wp\/v2\/product\/6337","targetHints":{"allow":["GET"]}}],"collection":[{"href":"https:\/\/modeco-sklep.pl\/fr\/wp-json\/wp\/v2\/product"}],"about":[{"href":"https:\/\/modeco-sklep.pl\/fr\/wp-json\/wp\/v2\/types\/product"}],"replies":[{"embeddable":true,"href":"https:\/\/modeco-sklep.pl\/fr\/wp-json\/wp\/v2\/comments?post=6337"}],"wp:featuredmedia":[{"embeddable":true,"href":"https:\/\/modeco-sklep.pl\/fr\/wp-json\/wp\/v2\/media\/6338"}],"wp:attachment":[{"href":"https:\/\/modeco-sklep.pl\/fr\/wp-json\/wp\/v2\/media?parent=6337"}],"wp:term":[{"taxonomy":"product_brand","embeddable":true,"href":"https:\/\/modeco-sklep.pl\/fr\/wp-json\/wp\/v2\/product_brand?post=6337"},{"taxonomy":"product_cat","embeddable":true,"href":"https:\/\/modeco-sklep.pl\/fr\/wp-json\/wp\/v2\/product_cat?post=6337"},{"taxonomy":"product_tag","embeddable":true,"href":"https:\/\/modeco-sklep.pl\/fr\/wp-json\/wp\/v2\/product_tag?post=6337"}],"curies":[{"name":"wp","href":"https:\/\/api.w.org\/{rel}","templated":true}]}}