{"id":6314,"date":"2025-10-03T10:23:06","date_gmt":"2025-10-03T08:23:06","guid":{"rendered":"https:\/\/modeco-sklep.pl\/?post_type=product&#038;p=6314"},"modified":"2026-02-04T11:27:36","modified_gmt":"2026-02-04T10:27:36","slug":"nappa-rio-suede-noir","status":"publish","type":"product","link":"https:\/\/modeco-sklep.pl\/fr\/nappa-rio-suede-black\/","title":{"rendered":"NAPPA RIO SUEDE NOIR"},"content":{"rendered":"<h3><strong data-start=\"132\" data-end=\"150\">NAPPA Rio Suede<\/strong> est une alternative en vinyle \u00e0 la microfibre. Gr\u00e2ce \u00e0 sa structure velout\u00e9e au toucher, il \u00e9voque l'effet vintage caract\u00e9ristique du v\u00e9ritable nubuck, tout en conservant des param\u00e8tres techniques \u00e9lev\u00e9s. Il est extr\u00eamement polyvalent et convient aussi bien \u00e0 l'int\u00e9rieur qu'\u00e0 l'ext\u00e9rieur. Sa riche palette de couleurs et son utilisation polyvalente le rendent id\u00e9al pour tous les types de rembourrage.<\/h3>\n<p>&nbsp;<\/p>\n<h3 data-start=\"556\" data-end=\"590\"><strong data-start=\"560\" data-end=\"590\">Caract\u00e9ristiques techniques :<\/strong><\/h3>\n<p data-start=\"569\" data-end=\"581\"><strong data-start=\"569\" data-end=\"579\">Composition : <\/strong>88% Vinyle, 1% PU, 7% PES, 4% CO<\/p>\n<p data-start=\"569\" data-end=\"581\"><strong data-start=\"628\" data-end=\"651\">Largeur (\u00b1 3 cm) :<\/strong> 140 cm<br data-start=\"658\" data-end=\"661\" \/><strong data-start=\"661\" data-end=\"682\">Grammage (\u00b1 5%) :<\/strong> 670 g\/m\u00b2<br data-start=\"691\" data-end=\"694\" \/><strong data-start=\"694\" data-end=\"717\">\u00c9paisseur (\u00b1 0,1 mm) :<\/strong> 0,9 mm<\/p>\n<ul data-start=\"591\" data-end=\"1287\">\n<li data-start=\"591\" data-end=\"661\">\n<p data-start=\"593\" data-end=\"661\"><strong data-start=\"593\" data-end=\"605\">Durabilit\u00e9<\/strong>: r\u00e9sistance \u00e0 l'abrasion <em data-start=\"630\" data-end=\"658\">\u2265 80 000 cycles Martindale<\/em>.<\/p>\n<\/li>\n<li data-start=\"662\" data-end=\"842\">\n<p data-start=\"664\" data-end=\"714\"><strong data-start=\"664\" data-end=\"682\">S\u00e9curit\u00e9<\/strong>: conforme aux normes d'inflammabilit\u00e9<\/p>\n<ul data-start=\"717\" data-end=\"842\">\n<li data-start=\"717\" data-end=\"753\">\n<p data-start=\"719\" data-end=\"753\">UE : <em data-start=\"723\" data-end=\"751\">UNI EN ISO 1021 Partie 1 &amp; 2<\/em><\/p>\n<\/li>\n<li data-start=\"756\" data-end=\"787\">\n<p data-start=\"758\" data-end=\"787\">IT : <em data-start=\"762\" data-end=\"785\">Classe 1IM \u2013 UNI 9175<\/em><\/p>\n<\/li>\n<li data-start=\"790\" data-end=\"819\">\n<p data-start=\"792\" data-end=\"819\">Royaume-Uni : <em data-start=\"796\" data-end=\"817\">BS5892 Source 0 &amp; 1<\/em><\/p>\n<\/li>\n<li data-start=\"822\" data-end=\"842\">\n<p data-start=\"824\" data-end=\"842\">\u00c9tats-Unis : <em data-start=\"828\" data-end=\"840\">CAL TB 117<\/em><\/p>\n<\/li>\n<\/ul>\n<\/li>\n<li data-start=\"843\" data-end=\"908\">\n<p data-start=\"845\" data-end=\"908\"><strong data-start=\"845\" data-end=\"856\">Hygi\u00e8ne<\/strong>: antibact\u00e9rien et r\u00e9sistant \u00e0 la moisissure (<em data-start=\"893\" data-end=\"904\">ISO 846 B<\/em>).<\/p>\n<\/li>\n<li data-start=\"909\" data-end=\"1119\">\n<p data-start=\"911\" data-end=\"937\"><strong data-start=\"911\" data-end=\"934\">R\u00e9sistance chimique<\/strong>:<\/p>\n<ul data-start=\"940\" data-end=\"1119\">\n<li data-start=\"940\" data-end=\"973\">\n<p data-start=\"942\" data-end=\"973\">\u00e0 l'ac\u00e9tone (<em data-start=\"953\" data-end=\"970\">UNI 4818 \u2013 P.16<\/em>)<\/p>\n<\/li>\n<li data-start=\"976\" data-end=\"1031\">\n<p data-start=\"978\" data-end=\"1031\">pour l'eau de Javel \u2013 3% NaClO (<em data-start=\"1003\" data-end=\"1028\">UNI EN ISO 105-X12:2003<\/em>)<\/p>\n<\/li>\n<li data-start=\"1034\" data-end=\"1076\">\n<p data-start=\"1036\" data-end=\"1076\">sur l'alcool (<em data-start=\"1048\" data-end=\"1073\">UNI EN ISO 105-X12:2003<\/em>)<\/p>\n<\/li>\n<li data-start=\"1079\" data-end=\"1119\">\n<p data-start=\"1081\" data-end=\"1119\">sur l'urine (<em data-start=\"1090\" data-end=\"1115\">UNI EN ISO 105-X12:2003<\/em>).<\/p>\n<\/li>\n<\/ul>\n<\/li>\n<li data-start=\"1120\" data-end=\"1287\">\n<p data-start=\"1122\" data-end=\"1151\"><strong data-start=\"1122\" data-end=\"1148\">R\u00e9sistance environnementale<\/strong>:<\/p>\n<ul data-start=\"1154\" data-end=\"1287\">\n<li data-start=\"1154\" data-end=\"1200\">\n<p data-start=\"1156\" data-end=\"1200\">\u00e0 l'eau sal\u00e9e (<em data-start=\"1171\" data-end=\"1196\">UNI EN ISO 105-E02:2013<\/em>).<\/p>\n<\/li>\n<li data-start=\"1203\" data-end=\"1287\">\n<p data-start=\"1205\" data-end=\"1287\">\u00e0 l'humidit\u00e9 et aux conditions tropicales \u2013 test hydrolytique (<em data-start=\"1258\" data-end=\"1283\">UNI EN ISO 1419\/C-1995E<\/em>).<\/p>\n<\/li>\n<\/ul>\n<\/li>\n<\/ul>\n<p>&nbsp;<\/p>\n<p>&nbsp;<\/p>\n<h3><strong data-start=\"628\" data-end=\"665\">Le prix s'entend pour un m\u00e8tre courant (100 x 140 cm).<\/strong><\/h3>","protected":false},"excerpt":{"rendered":"<p>NAPPA Rio Suede est une alternative en vinyle \u00e0 la microfibre. Gr\u00e2ce \u00e0 sa structure velout\u00e9e au toucher, il \u00e9voque l'effet vintage caract\u00e9ristique du v\u00e9ritable nubuck, tout en conservant des param\u00e8tres techniques \u00e9lev\u00e9s. Il est extr\u00eamement polyvalent et convient aussi bien \u00e0 l'int\u00e9rieur qu'\u00e0 l'ext\u00e9rieur. Sa riche palette de couleurs et son utilisation polyvalente le rendent id\u00e9al pour tous les types de rembourrage.   Propri\u00e9t\u00e9s\u2026<\/p>","protected":false},"featured_media":7441,"comment_status":"open","ping_status":"closed","template":"","meta":{"_acf_changed":false,"_kad_blocks_custom_css":"","_kad_blocks_head_custom_js":"","_kad_blocks_body_custom_js":"","_kad_blocks_footer_custom_js":"","_kad_post_transparent":"default","_kad_post_title":"","_kad_post_layout":"default","_kad_post_sidebar_id":"","_kad_post_content_style":"default","_kad_post_vertical_padding":"default","_kad_post_feature":"","_kad_post_feature_position":"","_kad_post_header":false,"_kad_post_footer":false,"_kad_post_classname":""},"product_brand":[17],"product_cat":[128,51],"product_tag":[],"class_list":{"0":"post-6314","1":"product","2":"type-product","3":"status-publish","4":"has-post-thumbnail","6":"product_brand-modeco","7":"product_cat-nappa-rio-suede","8":"product_cat-motocyklowe","10":"first","11":"instock","12":"shipping-taxable","13":"purchasable","14":"product-type-simple","15":"entry","16":"content-bg","17":"loop-entry"},"acf":[],"taxonomy_info":{"product_brand":[{"value":17,"label":"MODECO"}],"product_cat":[{"value":128,"label":"NAPPA RIO SUEDE"},{"value":51,"label":"MATERIA\u0141Y NA SIEDZENIA MOTOCYKLOWE"}]},"featured_image_src_large":["https:\/\/modeco-sklep.pl\/wp-content\/uploads\/2025\/10\/20260204_112048-1024x768.jpg",1024,768,true],"author_info":[],"comment_info":0,"_links":{"self":[{"href":"https:\/\/modeco-sklep.pl\/fr\/wp-json\/wp\/v2\/product\/6314","targetHints":{"allow":["GET"]}}],"collection":[{"href":"https:\/\/modeco-sklep.pl\/fr\/wp-json\/wp\/v2\/product"}],"about":[{"href":"https:\/\/modeco-sklep.pl\/fr\/wp-json\/wp\/v2\/types\/product"}],"replies":[{"embeddable":true,"href":"https:\/\/modeco-sklep.pl\/fr\/wp-json\/wp\/v2\/comments?post=6314"}],"wp:featuredmedia":[{"embeddable":true,"href":"https:\/\/modeco-sklep.pl\/fr\/wp-json\/wp\/v2\/media\/7441"}],"wp:attachment":[{"href":"https:\/\/modeco-sklep.pl\/fr\/wp-json\/wp\/v2\/media?parent=6314"}],"wp:term":[{"taxonomy":"product_brand","embeddable":true,"href":"https:\/\/modeco-sklep.pl\/fr\/wp-json\/wp\/v2\/product_brand?post=6314"},{"taxonomy":"product_cat","embeddable":true,"href":"https:\/\/modeco-sklep.pl\/fr\/wp-json\/wp\/v2\/product_cat?post=6314"},{"taxonomy":"product_tag","embeddable":true,"href":"https:\/\/modeco-sklep.pl\/fr\/wp-json\/wp\/v2\/product_tag?post=6314"}],"curies":[{"name":"wp","href":"https:\/\/api.w.org\/{rel}","templated":true}]}}