{"id":6300,"date":"2025-10-02T23:22:02","date_gmt":"2025-10-02T21:22:02","guid":{"rendered":"https:\/\/modeco-sklep.pl\/?post_type=product&#038;p=6300"},"modified":"2025-10-02T23:22:33","modified_gmt":"2025-10-02T21:22:33","slug":"como-noir-2","status":"publish","type":"product","link":"https:\/\/modeco-sklep.pl\/fr\/como-black-2\/","title":{"rendered":"COMO BLACK"},"content":{"rendered":"<h3 data-start=\"202\" data-end=\"270\"><strong data-start=\"206\" data-end=\"268\">COMO \u2013 rev\u00eatement certifi\u00e9 pour le transport de passagers<\/strong><\/h3>\n<p data-start=\"271\" data-end=\"503\"><strong data-start=\"271\" data-end=\"279\">COMO<\/strong> Il s'agit d'un cuir synth\u00e9tique de haute qualit\u00e9, extr\u00eamement r\u00e9sistant, avec un gaufrage classique, con\u00e7u pour les conditions exigeantes du transport de personnes. Il allie un aspect \u00e9l\u00e9gant aux normes les plus \u00e9lev\u00e9es en mati\u00e8re de s\u00e9curit\u00e9 et de r\u00e9sistance.<\/p>\n<p data-start=\"505\" data-end=\"540\">\u2714 <strong data-start=\"507\" data-end=\"537\">Certificats de s\u00e9curit\u00e9<\/strong>:<\/p>\n<ul data-start=\"541\" data-end=\"761\">\n<li data-start=\"541\" data-end=\"662\">\n<p data-start=\"543\" data-end=\"662\"><strong data-start=\"543\" data-end=\"571\">N 118:2017 V\u00e9hicules routiers<\/strong> \u2013 autoris\u00e9e pour une utilisation dans les bus et les v\u00e9hicules destin\u00e9s au transport public<\/p>\n<\/li>\n<li data-start=\"663\" data-end=\"761\">\n<p data-start=\"665\" data-end=\"761\"><strong data-start=\"665\" data-end=\"707\">FAR 25\/853 Annexe F Partie I, a, 1, II<\/strong> \u2013 r\u00e9pond aux normes rigoureuses applicables aux int\u00e9rieurs d'avions<\/p>\n<\/li>\n<\/ul>\n<p data-start=\"763\" data-end=\"954\">\u2714 <strong data-start=\"765\" data-end=\"817\">Difficilement inflammable et r\u00e9sistante \u00e0 une utilisation intensive<\/strong><br data-start=\"817\" data-end=\"820\" \/>\u2714 <strong data-start=\"822\" data-end=\"868\">Id\u00e9al pour les bus, les trains et les avions<\/strong><br data-start=\"868\" data-end=\"871\" \/>\u2714 <strong data-start=\"873\" data-end=\"915\">Facile d'entretien et extr\u00eamement r\u00e9sistante<\/strong> \u2013 conserve son aspect pendant de nombreuses ann\u00e9es<\/p>\n<p data-start=\"956\" data-end=\"1038\"><strong data-start=\"956\" data-end=\"1036\">COMO \u2013 une qualit\u00e9 certifi\u00e9e qui am\u00e9liore le confort et la s\u00e9curit\u00e9 des voyages.<\/strong><\/p>\n<p><span style=\"font-size: 18px;\"><br \/>\n<span style=\"line-height: 107%;\">Largeur du tissu : 137 cm<\/span><\/span><\/p>\n<p><span style=\"line-height: 107%;\">Certificats de r\u00e9sistance au feu :<\/span><\/p>\n<div id=\"dropdown-block-b6f7f6c73de6916731e6-0\" class=\"accordion-item__dropdown accordion-item__dropdown--open\" role=\"region\" aria-labelledby=\"button-block-b6f7f6c73de6916731e6-0\">\n<div class=\"accordion-item__description\">\n<ul>\n<li data-rte-preserve-empty=\"true\">BS 5852 \u2013 1979<\/li>\n<li data-rte-preserve-empty=\"true\">EN 1021 1-2<\/li>\n<li data-rte-preserve-empty=\"true\">IMO MED<\/li>\n<li data-rte-preserve-empty=\"true\">Code FTP 2010, partie 8<\/li>\n<li data-rte-preserve-empty=\"true\">FAR 25\/853 Annexe F Partie I, a, 1, II<\/li>\n<li data-rte-preserve-empty=\"true\">N 118:2017 V\u00e9hicules routiers<\/li>\n<\/ul>\n<\/div>\n<p><span style=\"font-size: 18px;\"><span style=\"line-height: 107%;\">Le prix s'entend pour 1 m\u00e8tre courant (137 cm x 100 cm).<\/span><\/span><\/p>\n<\/div>\n<p><span style=\"font-size: 18px;\"><br \/>\n<span style=\"line-height: 107%;\">Lorsque vous achetez plusieurs m\u00e8tres, nous envoyons le tissu en un seul morceau, sans le couper.<\/span><\/span><\/p>","protected":false},"excerpt":{"rendered":"<p>COMO \u2013 rev\u00eatement certifi\u00e9 pour le transport de passagers COMO est un cuir synth\u00e9tique de haute qualit\u00e9, extr\u00eamement durable, avec un gaufrage classique, con\u00e7u pour les conditions exigeantes du transport de personnes. Il allie un aspect \u00e9l\u00e9gant aux normes les plus \u00e9lev\u00e9es en mati\u00e8re de s\u00e9curit\u00e9 et de r\u00e9sistance. \u2714 Certifications de s\u00e9curit\u00e9 : N 118:2017 V\u00e9hicules routiers \u2013 homologu\u00e9 pour une utilisation dans les bus et les v\u00e9hicules de transport public...<\/p>","protected":false},"featured_media":6301,"comment_status":"closed","ping_status":"closed","template":"","meta":{"_acf_changed":false,"_kad_blocks_custom_css":"","_kad_blocks_head_custom_js":"","_kad_blocks_body_custom_js":"","_kad_blocks_footer_custom_js":"","_kad_post_transparent":"","_kad_post_title":"","_kad_post_layout":"","_kad_post_sidebar_id":"","_kad_post_content_style":"","_kad_post_vertical_padding":"","_kad_post_feature":"","_kad_post_feature_position":"","_kad_post_header":false,"_kad_post_footer":false,"_kad_post_classname":""},"product_brand":[17],"product_cat":[129],"product_tag":[],"class_list":{"0":"post-6300","1":"product","2":"type-product","3":"status-publish","4":"has-post-thumbnail","6":"product_brand-modeco","7":"product_cat-como-skory-syntetyczne-vinyle","9":"first","10":"instock","11":"purchasable","12":"product-type-simple","13":"entry","14":"content-bg","15":"loop-entry"},"acf":[],"taxonomy_info":{"product_brand":[{"value":17,"label":"MODECO"}],"product_cat":[{"value":129,"label":"COMO N 118:2017"}]},"featured_image_src_large":["https:\/\/modeco-sklep.pl\/wp-content\/uploads\/2025\/10\/BLACK.jpg",420,280,false],"author_info":[],"comment_info":0,"_links":{"self":[{"href":"https:\/\/modeco-sklep.pl\/fr\/wp-json\/wp\/v2\/product\/6300","targetHints":{"allow":["GET"]}}],"collection":[{"href":"https:\/\/modeco-sklep.pl\/fr\/wp-json\/wp\/v2\/product"}],"about":[{"href":"https:\/\/modeco-sklep.pl\/fr\/wp-json\/wp\/v2\/types\/product"}],"replies":[{"embeddable":true,"href":"https:\/\/modeco-sklep.pl\/fr\/wp-json\/wp\/v2\/comments?post=6300"}],"wp:featuredmedia":[{"embeddable":true,"href":"https:\/\/modeco-sklep.pl\/fr\/wp-json\/wp\/v2\/media\/6301"}],"wp:attachment":[{"href":"https:\/\/modeco-sklep.pl\/fr\/wp-json\/wp\/v2\/media?parent=6300"}],"wp:term":[{"taxonomy":"product_brand","embeddable":true,"href":"https:\/\/modeco-sklep.pl\/fr\/wp-json\/wp\/v2\/product_brand?post=6300"},{"taxonomy":"product_cat","embeddable":true,"href":"https:\/\/modeco-sklep.pl\/fr\/wp-json\/wp\/v2\/product_cat?post=6300"},{"taxonomy":"product_tag","embeddable":true,"href":"https:\/\/modeco-sklep.pl\/fr\/wp-json\/wp\/v2\/product_tag?post=6300"}],"curies":[{"name":"wp","href":"https:\/\/api.w.org\/{rel}","templated":true}]}}