{"id":6109,"date":"2025-09-15T20:22:26","date_gmt":"2025-09-15T18:22:26","guid":{"rendered":"https:\/\/modeco-sklep.pl\/?post_type=product&#038;p=6109"},"modified":"2025-09-22T22:10:46","modified_gmt":"2025-09-22T20:10:46","slug":"rs-3-design-nic-vert-lime","status":"publish","type":"product","link":"https:\/\/modeco-sklep.pl\/fr\/rs-3-design-nic-lime-green\/","title":{"rendered":"RS-3 DESIGN \/ FIL LIME GREEN"},"content":{"rendered":"<div class=\"widoczna tz_opis GlownyOpisProduktu\">\n<h3>EKO-SK\u00d3RA NAPPA \u2013 tissu d'ameublement de haute qualit\u00e9<\/h3>\n<p>Le cuir \u00e9cologique Nappa est un tissu enduit id\u00e9al pour les rev\u00eatements automobiles, notamment les si\u00e8ges et les panneaux de porte.<\/p>\n<h4><strong>Caract\u00e9ristiques du produit :<\/strong><\/h4>\n<p>\u2714 Mat\u00e9riau Nappa de haute qualit\u00e9 \u00e0 la structure lisse<br \/>\n\u2714 Lamin\u00e9 sur mousse d'une \u00e9paisseur de 5 mm<br \/>\n\u2714 Couleur : noir<\/p>\n<h4><strong>D\u00e9tails :<\/strong><\/h4>\n<p>En achetant 1 pi\u00e8ce, vous recevez 1 m\u00e8tre courant de tissu (100 cm x 137 cm).<br \/>\nLargeur du tissu : 137 cm<\/p>\n<\/div>","protected":false},"excerpt":{"rendered":"<p>EKO-SK\u00d3RA NAPPA \u2013 tissu d'ameublement de haute qualit\u00e9 Eko-sk\u00f3ra Nappa est un tissu enduit id\u00e9al pour l'ameublement automobile, notamment les si\u00e8ges et les panneaux de porte. Caract\u00e9ristiques du produit : \u2714 Tissu Nappa de haute qualit\u00e9 \u00e0 la structure lisse \u2714 Lamin\u00e9 sur une mousse de 5 mm d'\u00e9paisseur \u2714 Couleur : noir D\u00e9tails : En achetant 1 pi\u00e8ce, vous recevez 1 m\u00e8tre courant de tissu (100 cm\u2026<\/p>","protected":false},"featured_media":6110,"comment_status":"closed","ping_status":"closed","template":"","meta":{"_acf_changed":false,"_kad_blocks_custom_css":"","_kad_blocks_head_custom_js":"","_kad_blocks_body_custom_js":"","_kad_blocks_footer_custom_js":"","_kad_post_transparent":"","_kad_post_title":"","_kad_post_layout":"","_kad_post_sidebar_id":"","_kad_post_content_style":"","_kad_post_vertical_padding":"","_kad_post_feature":"","_kad_post_feature_position":"","_kad_post_header":false,"_kad_post_footer":false,"_kad_post_classname":""},"product_brand":[17],"product_cat":[45],"product_tag":[],"class_list":{"0":"post-6109","1":"product","2":"type-product","3":"status-publish","4":"has-post-thumbnail","6":"product_brand-modeco","7":"product_cat-skory-syntetyczne-pikowane-tkaniny-pikowane","9":"first","10":"instock","11":"purchasable","12":"product-type-simple","13":"entry","14":"content-bg","15":"loop-entry"},"acf":[],"taxonomy_info":{"product_brand":[{"value":17,"label":"MODECO"}],"product_cat":[{"value":45,"label":"SK\u00d3RY SYNTETYCZNE PIKOWANE"}]},"featured_image_src_large":["https:\/\/modeco-sklep.pl\/wp-content\/uploads\/2025\/09\/20250912_153537-1024x683.jpg",1024,683,true],"author_info":[],"comment_info":0,"_links":{"self":[{"href":"https:\/\/modeco-sklep.pl\/fr\/wp-json\/wp\/v2\/product\/6109","targetHints":{"allow":["GET"]}}],"collection":[{"href":"https:\/\/modeco-sklep.pl\/fr\/wp-json\/wp\/v2\/product"}],"about":[{"href":"https:\/\/modeco-sklep.pl\/fr\/wp-json\/wp\/v2\/types\/product"}],"replies":[{"embeddable":true,"href":"https:\/\/modeco-sklep.pl\/fr\/wp-json\/wp\/v2\/comments?post=6109"}],"wp:featuredmedia":[{"embeddable":true,"href":"https:\/\/modeco-sklep.pl\/fr\/wp-json\/wp\/v2\/media\/6110"}],"wp:attachment":[{"href":"https:\/\/modeco-sklep.pl\/fr\/wp-json\/wp\/v2\/media?parent=6109"}],"wp:term":[{"taxonomy":"product_brand","embeddable":true,"href":"https:\/\/modeco-sklep.pl\/fr\/wp-json\/wp\/v2\/product_brand?post=6109"},{"taxonomy":"product_cat","embeddable":true,"href":"https:\/\/modeco-sklep.pl\/fr\/wp-json\/wp\/v2\/product_cat?post=6109"},{"taxonomy":"product_tag","embeddable":true,"href":"https:\/\/modeco-sklep.pl\/fr\/wp-json\/wp\/v2\/product_tag?post=6109"}],"curies":[{"name":"wp","href":"https:\/\/api.w.org\/{rel}","templated":true}]}}