{"id":6066,"date":"2025-09-14T23:18:27","date_gmt":"2025-09-14T21:18:27","guid":{"rendered":"https:\/\/modeco-sklep.pl\/?post_type=product&#038;p=6066"},"modified":"2025-09-14T23:19:58","modified_gmt":"2025-09-14T21:19:58","slug":"suede-premium-design-carrera-noir-nic-orange","status":"publish","type":"product","link":"https:\/\/modeco-sklep.pl\/fr\/premium-suede-carrera-design-czarna-nic-orange\/","title":{"rendered":"PREMIUM SUEDE CARRERA DESIGN NOIR \/ FIL ORANGE"},"content":{"rendered":"<h3><strong>SUEDE PREMIUM<\/strong><\/h3>\n<h3>Tissu lamin\u00e9 destin\u00e9 \u00e0 l'habillage int\u00e9rieur automobile<\/h3>\n<p>Mat\u00e9riau destin\u00e9 \u00e0 \u00eatre utilis\u00e9 sur les si\u00e8ges de voiture, les panneaux de porte, les parois et les plafonds pour l'am\u00e9nagement de fourgonnettes\/bus.<\/p>\n<h3>\u2705 Mat\u00e9riau de haute qualit\u00e9 sur une mousse sp\u00e9ciale d'une \u00e9paisseur de 8 mm.<br \/>\n\u2705 Mousse haute densit\u00e9 \u2013 r\u00e9sistante \u00e0 la d\u00e9formation.<br \/>\n\u2705 Mat\u00e9riau exclusif de type SUEDE<br \/>\n\u2705 Cheveux courts qui changent de direction lorsque vous passez votre main dessus<\/h3>\n<h3><strong>D\u00e9tails du produit :<\/strong><\/h3>\n<ul>\n<li>\n<h3>1 pi\u00e8ce = 1 m\u00e8tre lin\u00e9aire de tissu (100 cm x 150 cm).<\/h3>\n<\/li>\n<li>\n<h3>Largeur : 150 cm.<\/h3>\n<\/li>\n<li>\n<h3>En cas d'achat d'une plus grande quantit\u00e9, nous envoyons le mat\u00e9riau en un seul morceau.<\/h3>\n<\/li>\n<\/ul>\n<h3><\/h3>","protected":false},"excerpt":{"rendered":"<p>PREMIUM SUEDE Tissu lamin\u00e9 destin\u00e9 \u00e0 l'habillage int\u00e9rieur automobile Mat\u00e9riau destin\u00e9 \u00e0 \u00eatre utilis\u00e9 sur les si\u00e8ges automobiles, les panneaux de porte, les parois et les plafonds des fourgons\/bus \u2705 Mat\u00e9riau de haute qualit\u00e9 sur une mousse sp\u00e9ciale de 8 mm d'\u00e9paisseur. \u2705 Mousse haute densit\u00e9 \u2013 r\u00e9sistante \u00e0 la d\u00e9formation. \u2705 Mat\u00e9riau exclusif de type SUEDE \u2705 Poils courts qui changent de direction lorsqu'on les frotte...<\/p>","protected":false},"featured_media":6067,"comment_status":"closed","ping_status":"closed","template":"","meta":{"_acf_changed":false,"_kad_blocks_custom_css":"","_kad_blocks_head_custom_js":"","_kad_blocks_body_custom_js":"","_kad_blocks_footer_custom_js":"","_kad_post_transparent":"","_kad_post_title":"","_kad_post_layout":"","_kad_post_sidebar_id":"","_kad_post_content_style":"","_kad_post_vertical_padding":"","_kad_post_feature":"","_kad_post_feature_position":"","_kad_post_header":false,"_kad_post_footer":false,"_kad_post_classname":""},"product_brand":[17],"product_cat":[104,103],"product_tag":[],"class_list":{"0":"post-6066","1":"product","2":"type-product","3":"status-publish","4":"has-post-thumbnail","6":"product_brand-modeco","7":"product_cat-carrera-design","8":"product_cat-supreme-suede-premium","10":"first","11":"instock","12":"purchasable","13":"product-type-simple","14":"entry","15":"content-bg","16":"loop-entry"},"acf":[],"taxonomy_info":{"product_brand":[{"value":17,"label":"MODECO"}],"product_cat":[{"value":104,"label":"CARRERA DESIGN"},{"value":103,"label":"SUPREME SUEDE PREMIUM"}]},"featured_image_src_large":["https:\/\/modeco-sklep.pl\/wp-content\/uploads\/2025\/09\/20250912_174056-1024x683.jpg",1024,683,true],"author_info":[],"comment_info":0,"_links":{"self":[{"href":"https:\/\/modeco-sklep.pl\/fr\/wp-json\/wp\/v2\/product\/6066","targetHints":{"allow":["GET"]}}],"collection":[{"href":"https:\/\/modeco-sklep.pl\/fr\/wp-json\/wp\/v2\/product"}],"about":[{"href":"https:\/\/modeco-sklep.pl\/fr\/wp-json\/wp\/v2\/types\/product"}],"replies":[{"embeddable":true,"href":"https:\/\/modeco-sklep.pl\/fr\/wp-json\/wp\/v2\/comments?post=6066"}],"wp:featuredmedia":[{"embeddable":true,"href":"https:\/\/modeco-sklep.pl\/fr\/wp-json\/wp\/v2\/media\/6067"}],"wp:attachment":[{"href":"https:\/\/modeco-sklep.pl\/fr\/wp-json\/wp\/v2\/media?parent=6066"}],"wp:term":[{"taxonomy":"product_brand","embeddable":true,"href":"https:\/\/modeco-sklep.pl\/fr\/wp-json\/wp\/v2\/product_brand?post=6066"},{"taxonomy":"product_cat","embeddable":true,"href":"https:\/\/modeco-sklep.pl\/fr\/wp-json\/wp\/v2\/product_cat?post=6066"},{"taxonomy":"product_tag","embeddable":true,"href":"https:\/\/modeco-sklep.pl\/fr\/wp-json\/wp\/v2\/product_tag?post=6066"}],"curies":[{"name":"wp","href":"https:\/\/api.w.org\/{rel}","templated":true}]}}