{"id":6032,"date":"2025-09-14T13:57:02","date_gmt":"2025-09-14T11:57:02","guid":{"rendered":"https:\/\/modeco-sklep.pl\/?post_type=product&#038;p=6032"},"modified":"2025-09-14T13:58:16","modified_gmt":"2025-09-14T11:58:16","slug":"superplush-cobra-metal","status":"publish","type":"product","link":"https:\/\/modeco-sklep.pl\/fr\/superplush-cobra-metal\/","title":{"rendered":"SUPERPLUSH COBRA \u2013 M\u00c9TAL"},"content":{"rendered":"<p data-start=\"129\" data-end=\"174\"><strong data-start=\"129\" data-end=\"172\">SUPERPLUSH \u2013 le luxe dans votre voiture<\/strong><\/p>\n<p data-start=\"176\" data-end=\"372\">Le tissu SUPERPLUSH est synonyme de confort et de prestige dans l'habitacle d'un v\u00e9hicule. Doux et agr\u00e9able au toucher, ce velours est id\u00e9al pour l'habillage int\u00e9rieur des voitures, auxquelles il conf\u00e8re un caract\u00e8re unique.<\/p>\n<p data-start=\"374\" data-end=\"629\">Un motif unique <strong data-start=\"388\" data-end=\"397\">COBRA<\/strong>, inspir\u00e9 de la texture de la peau de serpent, cr\u00e9e un effet de gaufrage tridimensionnel qui attire le regard et souligne l'\u00e9l\u00e9gance. Gr\u00e2ce \u00e0 un laminage sur une mousse de 5 millim\u00e8tres et une base solide, le mat\u00e9riau est durable et extr\u00eamement fonctionnel.<\/p>\n<p data-start=\"631\" data-end=\"860\">SUPERPLUSH convient parfaitement pour recouvrir les si\u00e8ges, mais aussi pour tapisser les parois ou les plafonds d'un v\u00e9hicule. C'est le choix id\u00e9al pour l'am\u00e9nagement et la conversion de camping-cars, o\u00f9 l'aspect luxueux et le confort maximal sont primordiaux.<\/p>\n<hr data-start=\"862\" data-end=\"867\" \/>\n<p data-rm-block-id=\"block-2\"><strong>Propri\u00e9t\u00e9s :<\/strong><\/p>\n<ul>\n<li data-rm-block-id=\"block-3\">Doux au toucher<\/li>\n<li data-rm-block-id=\"block-4\">Respirant<\/li>\n<li data-rm-block-id=\"block-5\">Structure luxueuse<\/li>\n<li data-rm-block-id=\"block-6\">Excellente durabilit\u00e9<\/li>\n<li data-rm-block-id=\"block-8\">Temp\u00e9rature de surface confortable, quelle que soit la temp\u00e9rature ambiante<\/li>\n<li data-rm-block-id=\"block-9\">Facile \u00e0 entretenir et \u00e0 nettoyer<\/li>\n<li data-rm-block-id=\"block-10\">Large gamme d'options pour s'adapter \u00e0 diff\u00e9rentes sp\u00e9cifications, fonctions et applications<\/li>\n<\/ul>\n<p data-rm-block-id=\"block-11\"><strong>Sp\u00e9cifications :<\/strong><\/p>\n<ul>\n<li data-rm-block-id=\"block-12\">Largeur : 150 cm<\/li>\n<li data-rm-block-id=\"block-13\">Composition : 100 % polyester %<\/li>\n<\/ul>\n<p data-rm-block-id=\"block-14\">Application :<\/p>\n<ul>\n<li data-rm-block-id=\"block-15\">Rev\u00eatement des si\u00e8ges<\/li>\n<li data-rm-block-id=\"block-16\">Les parois et le plafond des fourgons<\/li>\n<\/ul>\n<p data-rm-block-id=\"block-18\"><span style=\"font-size: 16px;\"><strong>D\u00e9tails du produit :<\/strong><\/span><\/p>\n<p data-rm-block-id=\"block-19\"><span style=\"font-size: 16px;\">En achetant 1 pi\u00e8ce, vous achetez 1 m\u00e8tre courant de tissu (100 cm x 150 cm).<\/span><\/p>","protected":false},"excerpt":{"rendered":"<p>SUPERPLUSH \u2013 le luxe dans votre voiture Le tissu SUPERPLUSH est synonyme de confort et de prestige dans l'habitacle d'un v\u00e9hicule. Doux et agr\u00e9able au toucher, ce velours est id\u00e9al pour l'habillage int\u00e9rieur des voitures, conf\u00e9rant \u00e0 l'habitacle un caract\u00e8re unique. Le motif COBRA unique, inspir\u00e9 de la texture de la peau de serpent, cr\u00e9e un effet de gaufrage tridimensionnel qui attire le regard et souligne l'\u00e9l\u00e9gance. Gr\u00e2ce \u00e0 un laminage sur une mousse de 5 millim\u00e8tres et \u00e0 une solide...<\/p>","protected":false},"featured_media":6033,"comment_status":"closed","ping_status":"closed","template":"","meta":{"_acf_changed":false,"_kad_blocks_custom_css":"","_kad_blocks_head_custom_js":"","_kad_blocks_body_custom_js":"","_kad_blocks_footer_custom_js":"","_kad_post_transparent":"","_kad_post_title":"","_kad_post_layout":"","_kad_post_sidebar_id":"","_kad_post_content_style":"","_kad_post_vertical_padding":"","_kad_post_feature":"","_kad_post_feature_position":"","_kad_post_header":false,"_kad_post_footer":false,"_kad_post_classname":""},"product_brand":[17],"product_cat":[147],"product_tag":[],"class_list":{"0":"post-6032","1":"product","2":"type-product","3":"status-publish","4":"has-post-thumbnail","6":"product_brand-modeco","7":"product_cat-superplush","9":"first","10":"instock","11":"purchasable","12":"product-type-simple","13":"entry","14":"content-bg","15":"loop-entry"},"acf":[],"taxonomy_info":{"product_brand":[{"value":17,"label":"MODECO"}],"product_cat":[{"value":147,"label":"SUPREME SUPERPLUSH"}]},"featured_image_src_large":["https:\/\/modeco-sklep.pl\/wp-content\/uploads\/2025\/09\/METAL-07-scaled-1024x738.jpg",1024,738,true],"author_info":[],"comment_info":0,"_links":{"self":[{"href":"https:\/\/modeco-sklep.pl\/fr\/wp-json\/wp\/v2\/product\/6032","targetHints":{"allow":["GET"]}}],"collection":[{"href":"https:\/\/modeco-sklep.pl\/fr\/wp-json\/wp\/v2\/product"}],"about":[{"href":"https:\/\/modeco-sklep.pl\/fr\/wp-json\/wp\/v2\/types\/product"}],"replies":[{"embeddable":true,"href":"https:\/\/modeco-sklep.pl\/fr\/wp-json\/wp\/v2\/comments?post=6032"}],"wp:featuredmedia":[{"embeddable":true,"href":"https:\/\/modeco-sklep.pl\/fr\/wp-json\/wp\/v2\/media\/6033"}],"wp:attachment":[{"href":"https:\/\/modeco-sklep.pl\/fr\/wp-json\/wp\/v2\/media?parent=6032"}],"wp:term":[{"taxonomy":"product_brand","embeddable":true,"href":"https:\/\/modeco-sklep.pl\/fr\/wp-json\/wp\/v2\/product_brand?post=6032"},{"taxonomy":"product_cat","embeddable":true,"href":"https:\/\/modeco-sklep.pl\/fr\/wp-json\/wp\/v2\/product_cat?post=6032"},{"taxonomy":"product_tag","embeddable":true,"href":"https:\/\/modeco-sklep.pl\/fr\/wp-json\/wp\/v2\/product_tag?post=6032"}],"curies":[{"name":"wp","href":"https:\/\/api.w.org\/{rel}","templated":true}]}}