{"id":6006,"date":"2025-09-14T12:10:39","date_gmt":"2025-09-14T10:10:39","guid":{"rendered":"https:\/\/modeco-sklep.pl\/?post_type=product&#038;p=6006"},"modified":"2025-09-14T12:21:48","modified_gmt":"2025-09-14T10:21:48","slug":"grille-westphalie-bleu-vert-noir","status":"publish","type":"product","link":"https:\/\/modeco-sklep.pl\/fr\/krata-westfalia-blue-green-black\/","title":{"rendered":"GRILLE WESTFALIA Bleu\/Vert\/Noir"},"content":{"rendered":"<h1 style=\"background-color: transparent; box-sizing: border-box; color: #444444; display: block;\">TISSU POUR VOITURE \u00c0 MOTIF CARREAU VW WESTFALIA<\/h1>\n<p style=\"background-color: transparent; box-sizing: border-box; color: #444444;\"><span style=\"font-size: 16px;\">Tissu lamin\u00e9 destin\u00e9 \u00e0 l'ameublement. Motif VW WESTFALIA \u2013 utilis\u00e9 dans les mod\u00e8les VW T2 Bus entre 1968 et 1979.<\/span><\/p>\n<p style=\"background-color: transparent; box-sizing: border-box; color: #444444;\"><span style=\"font-size: 16px;\">Tissu de tr\u00e8s haute qualit\u00e9 sur mousse d'une \u00e9paisseur de 4 millim\u00e8tres<\/span><\/p>\n<p>Le tissu est une reproduction de haute qualit\u00e9, conforme \u00e0 l'original.<\/p>\n<p style=\"background-color: transparent; box-sizing: border-box; color: #444444;\"><span style=\"font-size: 16px;\">Largeur du tissu : 150 cm<\/span><\/p>\n<p style=\"background-color: transparent; box-sizing: border-box; color: #444444;\"><span style=\"font-size: 16px;\">Prix pour 1 m\u00b2 (100 cm x 150 cm)\u00a0<\/span><\/p>\n<p style=\"background-color: transparent; box-sizing: border-box; color: #444444;\">","protected":false},"excerpt":{"rendered":"<p>TISSU POUR VOITURE VW WESTFALIA Tissu lamin\u00e9 destin\u00e9 \u00e0 l'ameublement. Motif VW WESTFALIA \u2013 utilis\u00e9 dans les mod\u00e8les VW T2 Bus entre 1968 et 1979 Tissu de tr\u00e8s haute qualit\u00e9 sur mousse de 4 millim\u00e8tres d'\u00e9paisseur Tissu de haute qualit\u00e9, reproduction conforme \u00e0 l'original Largeur du tissu : 150 cm Prix au m\u00e8tre lin\u00e9aire (100 cm x 150 cm)\u00a0<\/p>","protected":false},"featured_media":6007,"comment_status":"closed","ping_status":"closed","template":"","meta":{"_acf_changed":false,"_kad_blocks_custom_css":"","_kad_blocks_head_custom_js":"","_kad_blocks_body_custom_js":"","_kad_blocks_footer_custom_js":"","_kad_post_transparent":"","_kad_post_title":"","_kad_post_layout":"","_kad_post_sidebar_id":"","_kad_post_content_style":"","_kad_post_vertical_padding":"","_kad_post_feature":"","_kad_post_feature_position":"","_kad_post_header":false,"_kad_post_footer":false,"_kad_post_classname":""},"product_brand":[17],"product_cat":[154],"product_tag":[],"class_list":{"0":"post-6006","1":"product","2":"type-product","3":"status-publish","4":"has-post-thumbnail","6":"product_brand-modeco","7":"product_cat-tkaniny-kraty-westfalia","9":"first","10":"instock","11":"purchasable","12":"product-type-simple","13":"entry","14":"content-bg","15":"loop-entry"},"acf":[],"taxonomy_info":{"product_brand":[{"value":17,"label":"MODECO"}],"product_cat":[{"value":154,"label":"TKANINY KRATY WESTFALIA"}]},"featured_image_src_large":["https:\/\/modeco-sklep.pl\/wp-content\/uploads\/2025\/09\/krata-blue-scaled-1024x683.jpg",1024,683,true],"author_info":[],"comment_info":0,"_links":{"self":[{"href":"https:\/\/modeco-sklep.pl\/fr\/wp-json\/wp\/v2\/product\/6006","targetHints":{"allow":["GET"]}}],"collection":[{"href":"https:\/\/modeco-sklep.pl\/fr\/wp-json\/wp\/v2\/product"}],"about":[{"href":"https:\/\/modeco-sklep.pl\/fr\/wp-json\/wp\/v2\/types\/product"}],"replies":[{"embeddable":true,"href":"https:\/\/modeco-sklep.pl\/fr\/wp-json\/wp\/v2\/comments?post=6006"}],"wp:featuredmedia":[{"embeddable":true,"href":"https:\/\/modeco-sklep.pl\/fr\/wp-json\/wp\/v2\/media\/6007"}],"wp:attachment":[{"href":"https:\/\/modeco-sklep.pl\/fr\/wp-json\/wp\/v2\/media?parent=6006"}],"wp:term":[{"taxonomy":"product_brand","embeddable":true,"href":"https:\/\/modeco-sklep.pl\/fr\/wp-json\/wp\/v2\/product_brand?post=6006"},{"taxonomy":"product_cat","embeddable":true,"href":"https:\/\/modeco-sklep.pl\/fr\/wp-json\/wp\/v2\/product_cat?post=6006"},{"taxonomy":"product_tag","embeddable":true,"href":"https:\/\/modeco-sklep.pl\/fr\/wp-json\/wp\/v2\/product_tag?post=6006"}],"curies":[{"name":"wp","href":"https:\/\/api.w.org\/{rel}","templated":true}]}}