{"id":5953,"date":"2025-09-08T22:55:54","date_gmt":"2025-09-08T20:55:54","guid":{"rendered":"https:\/\/modeco-sklep.pl\/?post_type=product&#038;p=5953"},"modified":"2025-09-08T22:56:26","modified_gmt":"2025-09-08T20:56:26","slug":"suede-synthetique-gris-fonce","status":"publish","type":"product","link":"https:\/\/modeco-sklep.pl\/fr\/supersuede-dark-grey\/","title":{"rendered":"SUPERSUEDE GRIS FONC\u00c9"},"content":{"rendered":"<p data-start=\"61\" data-end=\"158\"><strong data-start=\"61\" data-end=\"92\">Collection SUPERSUEDE<\/strong> est recouverte d'un rev\u00eatement qui lui conf\u00e8re une r\u00e9sistance exceptionnelle au feu.<\/p>\n<p data-start=\"160\" data-end=\"219\">Cr\u00e9\u00e9 <strong data-start=\"170\" data-end=\"216\">sans utilisation de fibres d'origine animale<\/strong>.<\/p>\n<p data-start=\"221\" data-end=\"281\">Certifi\u00e9 dans la classe <strong data-start=\"244\" data-end=\"278\">Oeko-Tex Standard 100, classe 1<\/strong>.<\/p>\n<p data-start=\"283\" data-end=\"411\"><strong data-start=\"283\" data-end=\"300\">Application :<\/strong><\/p>\n<p data-start=\"283\" data-end=\"411\">garnitures automobiles,<\/p>\n<p data-start=\"283\" data-end=\"411\">garniture int\u00e9rieure de yacht<\/p>\n<p data-start=\"283\" data-end=\"411\">panneaux muraux<\/p>\n<p data-start=\"283\" data-end=\"411\">meubles rembourr\u00e9s<\/p>\n<p data-start=\"283\" data-end=\"411\">mode, chaussures<\/p>\n<p data-start=\"283\" data-end=\"411\">panneaux acoustiques<\/p>\n<p data-start=\"283\" data-end=\"411\"><strong data-start=\"217\" data-end=\"230\">Mat\u00e9riau :<\/strong> 100% polyester<br data-start=\"245\" data-end=\"248\" \/><strong data-start=\"248\" data-end=\"270\">Test Martindale :<\/strong> &gt; 40 000 cycles<br data-start=\"285\" data-end=\"288\" \/><strong data-start=\"288\" data-end=\"302\">Largeur :<\/strong> 140 cm<br data-start=\"309\" data-end=\"312\" \/><strong data-start=\"312\" data-end=\"324\">\u00c9paisseur :<\/strong> 1,15 mm<br data-start=\"332\" data-end=\"335\" \/><strong data-start=\"335\" data-end=\"353\">Longueur du rouleau :<\/strong> 25 m<br data-start=\"358\" data-end=\"361\" \/><strong data-start=\"361\" data-end=\"370\">Poids :<\/strong> 485 g\/m2<\/p>\n<p data-start=\"283\" data-end=\"411\"><strong data-start=\"382\" data-end=\"407\">R\u00e9sistance \u00e0 la lumi\u00e8re :<\/strong> 4 (ISO 105-B02, \u00e9chelle Blue Wool)<br data-start=\"440\" data-end=\"443\" \/><strong data-start=\"443\" data-end=\"456\">Durabilit\u00e9 :<\/strong> REACH \/ Oeko-Tex \/ recyclable \/ sans phtalates<br data-start=\"511\" data-end=\"514\" \/><strong data-start=\"514\" data-end=\"532\">Difficult\u00e9 d'inflammation :<\/strong> \u00c9tats-Unis : CAL TB 117-2013, section E<\/p>\n<p data-start=\"283\" data-end=\"411\">Le prix correspond \u00e0 1 m\u00e8tre courant (140 x 100 cm).<\/p>\n<p data-start=\"283\" data-end=\"411\">Commande minimale : \u00e0 partir de 2 m\u00e8tres courants<\/p>\n<p data-start=\"283\" data-end=\"411\">","protected":false},"excerpt":{"rendered":"<p>La collection SUPERSUEDE est recouverte d'un rev\u00eatement qui lui conf\u00e8re une r\u00e9sistance exceptionnelle au feu. Fabriqu\u00e9e sans fibres d'origine animale. Certifi\u00e9e Oeko-Tex Standard 100, classe 1. Applications : sellerie automobile, sellerie int\u00e9rieure de yacht, panneaux muraux, meubles rembourr\u00e9s, mode, chaussures, panneaux insonorisants. Mat\u00e9riau : 100% polyester. Test Martindale : &gt; 40 000 cycles Largeur : 140 cm \u00c9paisseur : 1,15 mm Longueur du rouleau : 25 m Poids : 485 g\/m2 R\u00e9sistance...<\/p>","protected":false},"featured_media":5954,"comment_status":"open","ping_status":"closed","template":"","meta":{"_acf_changed":false,"_kad_blocks_custom_css":"","_kad_blocks_head_custom_js":"","_kad_blocks_body_custom_js":"","_kad_blocks_footer_custom_js":"","_kad_post_transparent":"","_kad_post_title":"","_kad_post_layout":"","_kad_post_sidebar_id":"","_kad_post_content_style":"","_kad_post_vertical_padding":"","_kad_post_feature":"","_kad_post_feature_position":"","_kad_post_header":false,"_kad_post_footer":false,"_kad_post_classname":""},"product_brand":[17],"product_cat":[144],"product_tag":[],"class_list":{"0":"post-5953","1":"product","2":"type-product","3":"status-publish","4":"has-post-thumbnail","6":"product_brand-modeco","7":"product_cat-supersuede","9":"first","10":"instock","11":"shipping-taxable","12":"purchasable","13":"product-type-simple","14":"entry","15":"content-bg","16":"loop-entry"},"acf":[],"taxonomy_info":{"product_brand":[{"value":17,"label":"MODECO"}],"product_cat":[{"value":144,"label":"SUPERSUEDE"}]},"featured_image_src_large":["https:\/\/modeco-sklep.pl\/wp-content\/uploads\/2025\/09\/DARK-GRAY-611-1024x683.jpg",1024,683,true],"author_info":[],"comment_info":0,"_links":{"self":[{"href":"https:\/\/modeco-sklep.pl\/fr\/wp-json\/wp\/v2\/product\/5953","targetHints":{"allow":["GET"]}}],"collection":[{"href":"https:\/\/modeco-sklep.pl\/fr\/wp-json\/wp\/v2\/product"}],"about":[{"href":"https:\/\/modeco-sklep.pl\/fr\/wp-json\/wp\/v2\/types\/product"}],"replies":[{"embeddable":true,"href":"https:\/\/modeco-sklep.pl\/fr\/wp-json\/wp\/v2\/comments?post=5953"}],"wp:featuredmedia":[{"embeddable":true,"href":"https:\/\/modeco-sklep.pl\/fr\/wp-json\/wp\/v2\/media\/5954"}],"wp:attachment":[{"href":"https:\/\/modeco-sklep.pl\/fr\/wp-json\/wp\/v2\/media?parent=5953"}],"wp:term":[{"taxonomy":"product_brand","embeddable":true,"href":"https:\/\/modeco-sklep.pl\/fr\/wp-json\/wp\/v2\/product_brand?post=5953"},{"taxonomy":"product_cat","embeddable":true,"href":"https:\/\/modeco-sklep.pl\/fr\/wp-json\/wp\/v2\/product_cat?post=5953"},{"taxonomy":"product_tag","embeddable":true,"href":"https:\/\/modeco-sklep.pl\/fr\/wp-json\/wp\/v2\/product_tag?post=5953"}],"curies":[{"name":"wp","href":"https:\/\/api.w.org\/{rel}","templated":true}]}}