{"id":5911,"date":"2025-09-06T23:37:40","date_gmt":"2025-09-06T21:37:40","guid":{"rendered":"https:\/\/modeco-sklep.pl\/?post_type=product&#038;p=5911"},"modified":"2025-09-06T23:39:08","modified_gmt":"2025-09-06T21:39:08","slug":"eden-ebano","status":"publish","type":"product","link":"https:\/\/modeco-sklep.pl\/fr\/eden-ebano\/","title":{"rendered":"EDEN EBANO"},"content":{"rendered":"<h2 data-start=\"168\" data-end=\"241\">Rev\u00eatement ext\u00e9rieur pour terrasse MIAMI \u2013 un sol luxueux et imperm\u00e9able<\/h2>\n<p data-start=\"243\" data-end=\"556\"><strong data-start=\"243\" data-end=\"283\">Rev\u00eatement ext\u00e9rieur pour terrasse MIAMI<\/strong> C'est la solution id\u00e9ale pour ceux qui recherchent un rev\u00eatement de sol ext\u00e9rieur durable et \u00e9l\u00e9gant. Le produit est fabriqu\u00e9 en <strong data-start=\"398\" data-end=\"432\">100% en mat\u00e9riau imperm\u00e9able<\/strong>, ce qui lui permet de conserver son aspect et sa fonctionnalit\u00e9 tout au long de l'ann\u00e9e, qu'il pleuve ou que le soleil tape fort.<\/p>\n<p data-start=\"558\" data-end=\"776\">Notre rev\u00eatement de sol luxueux poss\u00e8de <strong data-start=\"593\" data-end=\"648\">support sp\u00e9cial r\u00e9sistant \u00e0 une utilisation intensive<\/strong>, ce qui le rend id\u00e9al non seulement pour les terrasses, mais aussi pour les balcons, les patios ou les espaces de d\u00e9tente dans le jardin.<\/p>\n<h3 data-start=\"778\" data-end=\"821\">Pourquoi choisir la moquette MIAMI ?<\/h3>\n<ul data-start=\"822\" data-end=\"1111\">\n<li data-start=\"822\" data-end=\"882\">\n<p data-start=\"824\" data-end=\"882\">100% \u00e9tanch\u00e9it\u00e9 et r\u00e9sistance aux intemp\u00e9ries,<\/p>\n<\/li>\n<li data-start=\"883\" data-end=\"943\">\n<p data-start=\"885\" data-end=\"943\">design \u00e9l\u00e9gant et moderne qui s'adapte \u00e0 toutes les terrasses,<\/p>\n<\/li>\n<li data-start=\"944\" data-end=\"1005\">\n<p data-start=\"946\" data-end=\"1005\">structure r\u00e9sistante adapt\u00e9e \u00e0 un usage fr\u00e9quent<\/p>\n<\/li>\n<li data-start=\"944\" data-end=\"1005\">\n<p data-start=\"946\" data-end=\"1005\">\u00a0nettoyage rapide,<\/p>\n<\/li>\n<li data-start=\"1046\" data-end=\"1111\">\n<p data-start=\"1048\" data-end=\"1111\">id\u00e9ale pour <strong data-start=\"1059\" data-end=\"1108\">terrasse, balcon, patio et zone piscine<\/strong>.<\/p>\n<\/li>\n<\/ul>\n<p data-start=\"415\" data-end=\"972\"><strong>Largeur du rev\u00eatement : 400 cm\u00a0<\/strong><\/p>\n<p data-start=\"415\" data-end=\"972\"><strong>Composition : 100% Polypropyl\u00e8ne<\/strong><\/p>\n<p data-start=\"415\" data-end=\"972\"><strong>\u00c9paisseur totale : 6 mm<\/strong><\/p>\n<p data-start=\"415\" data-end=\"972\"><strong>R\u00e9sistance \u00e0 la lumi\u00e8re : &gt;5\u00a0<\/strong><\/p>\n<p>&nbsp;<\/p>\n<p>Le prix concerne 1 m\u00e8tre courant 100 x 400 cm.<\/p>\n<p>Commande minimale \u00e0 partir de 2 m\u00e8tres courants<\/p>\n<p>&nbsp;<\/p>\n<p>&nbsp;<\/p>","protected":false},"excerpt":{"rendered":"<p>Rev\u00eatement ext\u00e9rieur pour terrasse MIAMI \u2013 un sol luxueux et imperm\u00e9able Le rev\u00eatement ext\u00e9rieur pour terrasse MIAMI est la solution id\u00e9ale pour ceux qui recherchent un sol ext\u00e9rieur durable et \u00e9l\u00e9gant. Ce produit est fabriqu\u00e9 en 100%, un mat\u00e9riau imperm\u00e9able qui lui permet de conserver son aspect et sa fonctionnalit\u00e9 tout au long de l'ann\u00e9e, qu'il pleuve ou que le soleil tape fort. Notre...<\/p>","protected":false},"featured_media":5912,"comment_status":"open","ping_status":"closed","template":"","meta":{"_acf_changed":false,"_kad_blocks_custom_css":"","_kad_blocks_head_custom_js":"","_kad_blocks_body_custom_js":"","_kad_blocks_footer_custom_js":"","_kad_post_transparent":"","_kad_post_title":"","_kad_post_layout":"","_kad_post_sidebar_id":"","_kad_post_content_style":"","_kad_post_vertical_padding":"","_kad_post_feature":"","_kad_post_feature_position":"","_kad_post_header":false,"_kad_post_footer":false,"_kad_post_classname":""},"product_brand":[17],"product_cat":[15],"product_tag":[],"class_list":{"0":"post-5911","1":"product","2":"type-product","3":"status-publish","4":"has-post-thumbnail","6":"product_brand-modeco","7":"product_cat-sonnenland-material-na-cabrio","9":"first","10":"onbackorder","11":"shipping-taxable","12":"purchasable","13":"product-type-simple","14":"entry","15":"content-bg","16":"loop-entry"},"acf":[],"taxonomy_info":{"product_brand":[{"value":17,"label":"MODECO"}],"product_cat":[{"value":15,"label":"SONNENLAND - MATERIA\u0141 NA CABRIO"}]},"featured_image_src_large":["https:\/\/modeco-sklep.pl\/wp-content\/uploads\/2025\/09\/04_EDEN_EBANO_600-e1699271074165.jpg",1000,667,false],"author_info":[],"comment_info":0,"_links":{"self":[{"href":"https:\/\/modeco-sklep.pl\/fr\/wp-json\/wp\/v2\/product\/5911","targetHints":{"allow":["GET"]}}],"collection":[{"href":"https:\/\/modeco-sklep.pl\/fr\/wp-json\/wp\/v2\/product"}],"about":[{"href":"https:\/\/modeco-sklep.pl\/fr\/wp-json\/wp\/v2\/types\/product"}],"replies":[{"embeddable":true,"href":"https:\/\/modeco-sklep.pl\/fr\/wp-json\/wp\/v2\/comments?post=5911"}],"wp:featuredmedia":[{"embeddable":true,"href":"https:\/\/modeco-sklep.pl\/fr\/wp-json\/wp\/v2\/media\/5912"}],"wp:attachment":[{"href":"https:\/\/modeco-sklep.pl\/fr\/wp-json\/wp\/v2\/media?parent=5911"}],"wp:term":[{"taxonomy":"product_brand","embeddable":true,"href":"https:\/\/modeco-sklep.pl\/fr\/wp-json\/wp\/v2\/product_brand?post=5911"},{"taxonomy":"product_cat","embeddable":true,"href":"https:\/\/modeco-sklep.pl\/fr\/wp-json\/wp\/v2\/product_cat?post=5911"},{"taxonomy":"product_tag","embeddable":true,"href":"https:\/\/modeco-sklep.pl\/fr\/wp-json\/wp\/v2\/product_tag?post=5911"}],"curies":[{"name":"wp","href":"https:\/\/api.w.org\/{rel}","templated":true}]}}