{"id":5882,"date":"2025-09-03T23:54:43","date_gmt":"2025-09-03T21:54:43","guid":{"rendered":"https:\/\/modeco-sklep.pl\/?post_type=product&#038;p=5882"},"modified":"2025-09-03T23:55:13","modified_gmt":"2025-09-03T21:55:13","slug":"oceanie-bleue","status":"publish","type":"product","link":"https:\/\/modeco-sklep.pl\/fr\/oceania-blu\/","title":{"rendered":"OCEANIA BLU"},"content":{"rendered":"<p><strong data-start=\"89\" data-end=\"100\">Oc\u00e9anie<\/strong> Il s'agit d'un rev\u00eatement de sol de type tufting cut pile fabriqu\u00e9 en 100% \u00e0 partir de polyamide. Ce mat\u00e9riau se distingue par sa durabilit\u00e9 exceptionnelle et son processus de production rapide, ce qui le rend id\u00e9al pour l'industrie nautique, o\u00f9 la r\u00e9sistance \u00e0 une utilisation intensive et le respect des d\u00e9lais de livraison sont essentiels.<br data-start=\"381\" data-end=\"384\" \/>Oceania est disponible dans une riche palette de 50 nuances, ce qui offre de nombreuses possibilit\u00e9s d'am\u00e9nagement et permet d'adapter la moquette au caract\u00e8re individuel de chaque pi\u00e8ce.<\/p>\n<p data-start=\"415\" data-end=\"972\"><strong>Largeur du rev\u00eatement : 400 cm\u00a0<\/strong><\/p>\n<p data-start=\"415\" data-end=\"972\"><strong>\u00c9paisseur totale : 5,8 mm<\/strong><\/p>\n<p data-start=\"415\" data-end=\"972\"><strong>R\u00e9sistance \u00e0 la lumi\u00e8re : &gt;5\u00a0<\/strong><\/p>\n<p data-start=\"576\" data-end=\"600\"><strong data-start=\"576\" data-end=\"598\">R\u00e9sistance au feu : classe Bfl-s1<\/strong><\/p>\n<p>&nbsp;<\/p>\n<p>Le prix concerne 1 m\u00e8tre courant 100 x 400 cm.<\/p>\n<p>Commande minimale \u00e0 partir de 2 m\u00e8tres courants<\/p>\n<p>&nbsp;<\/p>\n<p>&nbsp;<\/p>","protected":false},"excerpt":{"rendered":"<p>Oceania est une moquette tuft\u00e9e \u00e0 poils coup\u00e9s fabriqu\u00e9e en 100% \u00e0 partir de polyamide. Ce mat\u00e9riau se distingue par sa durabilit\u00e9 exceptionnelle et son processus de production rapide, ce qui le rend id\u00e9al pour l'industrie nautique, o\u00f9 la r\u00e9sistance \u00e0 un usage intensif et le respect des d\u00e9lais de livraison sont essentiels. Oceania est disponible dans une riche palette de 50 nuances, ce qui offre de nombreuses possibilit\u00e9s d'am\u00e9nagement et permet...<\/p>","protected":false},"featured_media":5883,"comment_status":"open","ping_status":"closed","template":"","meta":{"_acf_changed":false,"_kad_blocks_custom_css":"","_kad_blocks_head_custom_js":"","_kad_blocks_body_custom_js":"","_kad_blocks_footer_custom_js":"","_kad_post_transparent":"","_kad_post_title":"","_kad_post_layout":"","_kad_post_sidebar_id":"","_kad_post_content_style":"","_kad_post_vertical_padding":"","_kad_post_feature":"","_kad_post_feature_position":"","_kad_post_header":false,"_kad_post_footer":false,"_kad_post_classname":""},"product_brand":[17],"product_cat":[151],"product_tag":[],"class_list":{"0":"post-5882","1":"product","2":"type-product","3":"status-publish","4":"has-post-thumbnail","6":"product_brand-modeco","7":"product_cat-oceania","9":"first","10":"onbackorder","11":"shipping-taxable","12":"purchasable","13":"product-type-simple","14":"entry","15":"content-bg","16":"loop-entry"},"acf":[],"taxonomy_info":{"product_brand":[{"value":17,"label":"MODECO"}],"product_cat":[{"value":151,"label":"Oceania"}]},"featured_image_src_large":["https:\/\/modeco-sklep.pl\/wp-content\/uploads\/2025\/09\/47_OCEANIA_BLU_2101_300.jpg",1000,667,false],"author_info":[],"comment_info":0,"_links":{"self":[{"href":"https:\/\/modeco-sklep.pl\/fr\/wp-json\/wp\/v2\/product\/5882","targetHints":{"allow":["GET"]}}],"collection":[{"href":"https:\/\/modeco-sklep.pl\/fr\/wp-json\/wp\/v2\/product"}],"about":[{"href":"https:\/\/modeco-sklep.pl\/fr\/wp-json\/wp\/v2\/types\/product"}],"replies":[{"embeddable":true,"href":"https:\/\/modeco-sklep.pl\/fr\/wp-json\/wp\/v2\/comments?post=5882"}],"wp:featuredmedia":[{"embeddable":true,"href":"https:\/\/modeco-sklep.pl\/fr\/wp-json\/wp\/v2\/media\/5883"}],"wp:attachment":[{"href":"https:\/\/modeco-sklep.pl\/fr\/wp-json\/wp\/v2\/media?parent=5882"}],"wp:term":[{"taxonomy":"product_brand","embeddable":true,"href":"https:\/\/modeco-sklep.pl\/fr\/wp-json\/wp\/v2\/product_brand?post=5882"},{"taxonomy":"product_cat","embeddable":true,"href":"https:\/\/modeco-sklep.pl\/fr\/wp-json\/wp\/v2\/product_cat?post=5882"},{"taxonomy":"product_tag","embeddable":true,"href":"https:\/\/modeco-sklep.pl\/fr\/wp-json\/wp\/v2\/product_tag?post=5882"}],"curies":[{"name":"wp","href":"https:\/\/api.w.org\/{rel}","templated":true}]}}