{"id":5647,"date":"2025-09-02T23:54:40","date_gmt":"2025-09-02T21:54:40","guid":{"rendered":"https:\/\/modeco-sklep.pl\/?post_type=product&#038;p=5647"},"modified":"2025-09-02T23:56:50","modified_gmt":"2025-09-02T21:56:50","slug":"mieux-que-le-teck-noir-du-littoral","status":"publish","type":"product","link":"https:\/\/modeco-sklep.pl\/fr\/better-than-teak-shoreline-black\/","title":{"rendered":"Mieux que le teck Shoreline Black"},"content":{"rendered":"<p data-start=\"58\" data-end=\"413\"><strong data-start=\"58\" data-end=\"70\">Infinity<\/strong> se distingue par son support vinyle mousse unique, ce qui le rend id\u00e9al pour diff\u00e9rents types de surfaces. <strong data-start=\"196\" data-end=\"227\">Vinyle tiss\u00e9 de luxe Infinity<\/strong> C'est un mat\u00e9riau r\u00e9sistant, confortable, moderne et fonctionnel, id\u00e9al pour les applications dans les secteurs maritime, contractuel, h\u00f4telier, m\u00e9dical, du bien-\u00eatre, ainsi que dans les int\u00e9rieurs domestiques.<\/p>\n<p data-start=\"415\" data-end=\"972\">Infinity est facile \u00e0 nettoyer, r\u00e9sistant aux rayons UV et aux taches, repousse la salet\u00e9, s\u00e8che rapidement et dispose d'une technologie antibact\u00e9rienne et antifongique qui emp\u00eache le d\u00e9veloppement des micro-organismes. Le mat\u00e9riau r\u00e9siste \u00e0 l'essence, au diesel et aux huiles moteur, et ne se d\u00e9t\u00e9riore pas sous l'effet des excr\u00e9ments d'oiseaux ou d'araign\u00e9es. Compar\u00e9 \u00e0 d'autres types de rev\u00eatements de sol, il se caract\u00e9rise par de faibles co\u00fbts d'exploitation \u00e0 long terme. Il est durable, absorbe les sons et est recyclable \u00e0 100%.<\/p>\n<p data-start=\"415\" data-end=\"972\"><strong>Largeur du rev\u00eatement : 150 cm\u00a0<\/strong><\/p>\n<p data-start=\"415\" data-end=\"972\">( sur commande, rev\u00eatements disponibles en largeur 300 cm )<\/p>\n<p data-start=\"415\" data-end=\"972\"><strong>R\u00e9sistance \u00e0 la lumi\u00e8re : &gt;6<\/strong><\/p>\n<p data-start=\"415\" data-end=\"972\"><strong>REACH \/ recyclabilit\u00e9<\/strong><\/p>\n<p data-start=\"576\" data-end=\"600\"><strong data-start=\"576\" data-end=\"598\">R\u00e9sistance au feu :<\/strong><\/p>\n<ul data-start=\"601\" data-end=\"770\">\n<li data-start=\"601\" data-end=\"647\">\n<p data-start=\"603\" data-end=\"647\">ASTM E648 \u2013 Flux radiant critique, classe 1<\/p>\n<\/li>\n<li data-start=\"648\" data-end=\"685\">\n<p data-start=\"650\" data-end=\"685\">ASTM E662 \u2013 Densit\u00e9 optique de la fum\u00e9e<\/p>\n<\/li>\n<li data-start=\"686\" data-end=\"731\">\n<p data-start=\"688\" data-end=\"731\">FMVSS 302 \u2013 Norme de s\u00e9curit\u00e9 des v\u00e9hicules automobiles<\/p>\n<\/li>\n<li data-start=\"732\" data-end=\"770\">\n<p data-start=\"734\" data-end=\"770\">ASTM C-518 \u2013 coefficient R-Factor<\/p>\n<\/li>\n<\/ul>\n<p>&nbsp;<\/p>\n<p>Le prix concerne 1 m\u00e8tre courant 100 x 150 cm.<\/p>\n<p>Commande minimale \u00e0 partir de 2 m\u00e8tres courants<\/p>\n<p>&nbsp;<\/p>\n<p>&nbsp;<\/p>","protected":false},"excerpt":{"rendered":"<p>Infinity se distingue par son support vinyle mousse unique, qui lui permet de s'adapter parfaitement \u00e0 diff\u00e9rents types de surfaces. Infinity Luxury Woven Vinyl est un mat\u00e9riau durable, confortable, moderne et fonctionnel, id\u00e9al pour les applications dans les secteurs maritime, contractuel, h\u00f4telier, m\u00e9dical, du bien-\u00eatre, ainsi que dans les int\u00e9rieurs domestiques. Infinity est facile \u00e0 nettoyer, r\u00e9sistant aux rayons UV et aux taches...<\/p>","protected":false},"featured_media":5648,"comment_status":"open","ping_status":"closed","template":"","meta":{"_acf_changed":false,"_kad_blocks_custom_css":"","_kad_blocks_head_custom_js":"","_kad_blocks_body_custom_js":"","_kad_blocks_footer_custom_js":"","_kad_post_transparent":"","_kad_post_title":"","_kad_post_layout":"","_kad_post_sidebar_id":"","_kad_post_content_style":"","_kad_post_vertical_padding":"","_kad_post_feature":"","_kad_post_feature_position":"","_kad_post_header":false,"_kad_post_footer":false,"_kad_post_classname":""},"product_brand":[17],"product_cat":[149],"product_tag":[],"class_list":{"0":"post-5647","1":"product","2":"type-product","3":"status-publish","4":"has-post-thumbnail","6":"product_brand-modeco","7":"product_cat-infinity-luxury-woven-vinyl","9":"first","10":"onbackorder","11":"shipping-taxable","12":"purchasable","13":"product-type-simple","14":"entry","15":"content-bg","16":"loop-entry"},"acf":[],"taxonomy_info":{"product_brand":[{"value":17,"label":"MODECO"}],"product_cat":[{"value":149,"label":"Infinity Luxury Woven Vinyl"}]},"featured_image_src_large":["https:\/\/modeco-sklep.pl\/wp-content\/uploads\/2025\/09\/Better-Than-Teak-II-Shoreline-Black.jpg",960,540,false],"author_info":[],"comment_info":0,"_links":{"self":[{"href":"https:\/\/modeco-sklep.pl\/fr\/wp-json\/wp\/v2\/product\/5647","targetHints":{"allow":["GET"]}}],"collection":[{"href":"https:\/\/modeco-sklep.pl\/fr\/wp-json\/wp\/v2\/product"}],"about":[{"href":"https:\/\/modeco-sklep.pl\/fr\/wp-json\/wp\/v2\/types\/product"}],"replies":[{"embeddable":true,"href":"https:\/\/modeco-sklep.pl\/fr\/wp-json\/wp\/v2\/comments?post=5647"}],"wp:featuredmedia":[{"embeddable":true,"href":"https:\/\/modeco-sklep.pl\/fr\/wp-json\/wp\/v2\/media\/5648"}],"wp:attachment":[{"href":"https:\/\/modeco-sklep.pl\/fr\/wp-json\/wp\/v2\/media?parent=5647"}],"wp:term":[{"taxonomy":"product_brand","embeddable":true,"href":"https:\/\/modeco-sklep.pl\/fr\/wp-json\/wp\/v2\/product_brand?post=5647"},{"taxonomy":"product_cat","embeddable":true,"href":"https:\/\/modeco-sklep.pl\/fr\/wp-json\/wp\/v2\/product_cat?post=5647"},{"taxonomy":"product_tag","embeddable":true,"href":"https:\/\/modeco-sklep.pl\/fr\/wp-json\/wp\/v2\/product_tag?post=5647"}],"curies":[{"name":"wp","href":"https:\/\/api.w.org\/{rel}","templated":true}]}}