{"id":2182,"date":"2025-07-20T12:49:50","date_gmt":"2025-07-20T10:49:50","guid":{"rendered":"https:\/\/modeco-sklep.pl\/?post_type=product&#038;p=2182"},"modified":"2025-08-24T20:06:10","modified_gmt":"2025-08-24T18:06:10","slug":"colle-wurth-haute-adherence","status":"publish","type":"product","link":"https:\/\/modeco-sklep.pl\/fr\/klej-wurth-high-tack\/","title":{"rendered":"Colle WURTH HIGH TACK"},"content":{"rendered":"<h2>COLLE POUR TAPISSERIE WURTH<\/h2>\n<p><span style=\"font-size: 20px;\">Colle en a\u00e9rosol destin\u00e9e \u00e0 la fixation permanente et temporaire de rev\u00eatements, tapis, garnitures de toit. Cr\u00e9e une liaison \u00e9lastique. S\u00e9chage rapide, r\u00e9sistante \u00e0 l'eau et \u00e0 l'humidit\u00e9. Pour un collage permanent et temporaire. Ne traverse pas le tissu.<\/span><\/p>\n<p>Con\u00e7u pour \u00eatre utilis\u00e9 dans des applications de montage exigeantes, y compris sur des supports \u00e0 faible absorption tels que le b\u00e9ton, la pierre naturelle et la c\u00e9ramique.<\/p>\n<p><b>Propri\u00e9t\u00e9s :<\/b><\/p>\n<ul>\n<li>Distance minimale\/maximale de pulv\u00e9risation : 15-25 cm<\/li>\n<li>Contenu : 400 ml<\/li>\n<li>Contenu : 288 g<\/li>\n<li>Dur\u00e9e de conservation \u00e0 compter de la date de fabrication : 12 mois<\/li>\n<li>r\u00e9sistant aux temp\u00e9ratures \u00e9lev\u00e9es de -40 \u00e0 +70 \u00b0C<\/li>\n<li>couleur : transparent (incolore)<\/li>\n<\/ul>\n<p><b>Application :<\/b><\/p>\n<ul>\n<li>pour coller des mat\u00e9riaux tels que : papier, m\u00e9tal, tissus, cuir, plastiques, caoutchouc, carton, feutre, li\u00e8ge, verre, bois, film plastique<\/li>\n<\/ul>\n<p><b>Mode d'emploi :<\/b><\/p>\n<ul>\n<li>nettoyer et d\u00e9graisser les surfaces \u00e0 coller<\/li>\n<li>prot\u00e9ger les zones adjacentes contre les salissures ind\u00e9sirables dues \u00e0 la colle<\/li>\n<li>agiter vigoureusement le r\u00e9cipient<\/li>\n<li>temp\u00e9rature recommand\u00e9e du produit : environ 18 \u00b0C<\/li>\n<\/ul>\n<p>Collage non permanent<\/p>\n<ul>\n<li>recouvrir une surface de colle<\/li>\n<li>apr\u00e8s quelques secondes, appliquer le deuxi\u00e8me \u00e9l\u00e9ment<\/li>\n<li>appuyer et laisser s\u00e9cher environ une minute<\/li>\n<li>Pour modifier la position de l'\u00e9l\u00e9ment coll\u00e9, saisissez-le par le coin, d\u00e9collez-le et recollez-le.<\/li>\n<\/ul>\n<p>Collage permanent<\/p>\n<ul>\n<li>recouvrir d'une fine couche de colle les deux surfaces \u00e0 coller<\/li>\n<li>attendre environ une minute et assembler les deux \u00e9l\u00e9ments<\/li>\n<li>appuyer et laisser s\u00e9cher pendant environ 1 minute<\/li>\n<li>dans le cas du collage de rev\u00eatements tr\u00e8s poreux, appliquer une couche g\u00e9n\u00e9reuse de colle sur les deux surfaces<\/li>\n<\/ul>\n<p>\u2013 capacit\u00e9 400 ml<\/p>","protected":false},"excerpt":{"rendered":"<p>COLLE POUR TAPISSERIE WURTH Colle en a\u00e9rosol destin\u00e9e \u00e0 la fixation durable et non durable de tapisseries, tapis, garnitures de toit. Cr\u00e9e une liaison \u00e9lastique. S\u00e9chage rapide, r\u00e9sistante \u00e0 l'eau et \u00e0 l'humidit\u00e9. Pour un collage permanent et temporaire. Ne traverse pas le tissu. Con\u00e7ue pour la fixation dans des applications de montage exigeantes, y compris sur des supports \u00e0 faible absorption tels que le b\u00e9ton, la pierre naturelle et la c\u00e9ramique...<\/p>","protected":false},"featured_media":2183,"comment_status":"closed","ping_status":"closed","template":"","meta":{"_acf_changed":false,"_kad_blocks_custom_css":"","_kad_blocks_head_custom_js":"","_kad_blocks_body_custom_js":"","_kad_blocks_footer_custom_js":"","_kad_post_transparent":"","_kad_post_title":"","_kad_post_layout":"","_kad_post_sidebar_id":"","_kad_post_content_style":"","_kad_post_vertical_padding":"","_kad_post_feature":"","_kad_post_feature_position":"","_kad_post_header":false,"_kad_post_footer":false,"_kad_post_classname":""},"product_brand":[71],"product_cat":[22,18],"product_tag":[],"class_list":{"0":"post-2182","1":"product","2":"type-product","3":"status-publish","4":"has-post-thumbnail","6":"product_brand-wurth","7":"product_cat-klej-do-podsufitek","8":"product_cat-tkaniny-na-podsufitki-samochodowe","10":"first","11":"instock","12":"purchasable","13":"product-type-simple","14":"entry","15":"content-bg","16":"loop-entry"},"acf":[],"taxonomy_info":{"product_brand":[{"value":71,"label":"WURTH"}],"product_cat":[{"value":22,"label":"KLEJ DO PODSUFITEK"},{"value":18,"label":"TKANINY NA PODSUFITKI"}]},"featured_image_src_large":["https:\/\/modeco-sklep.pl\/wp-content\/uploads\/2025\/07\/high-atack-1024x683.jpg",1024,683,true],"author_info":[],"comment_info":0,"_links":{"self":[{"href":"https:\/\/modeco-sklep.pl\/fr\/wp-json\/wp\/v2\/product\/2182","targetHints":{"allow":["GET"]}}],"collection":[{"href":"https:\/\/modeco-sklep.pl\/fr\/wp-json\/wp\/v2\/product"}],"about":[{"href":"https:\/\/modeco-sklep.pl\/fr\/wp-json\/wp\/v2\/types\/product"}],"replies":[{"embeddable":true,"href":"https:\/\/modeco-sklep.pl\/fr\/wp-json\/wp\/v2\/comments?post=2182"}],"wp:featuredmedia":[{"embeddable":true,"href":"https:\/\/modeco-sklep.pl\/fr\/wp-json\/wp\/v2\/media\/2183"}],"wp:attachment":[{"href":"https:\/\/modeco-sklep.pl\/fr\/wp-json\/wp\/v2\/media?parent=2182"}],"wp:term":[{"taxonomy":"product_brand","embeddable":true,"href":"https:\/\/modeco-sklep.pl\/fr\/wp-json\/wp\/v2\/product_brand?post=2182"},{"taxonomy":"product_cat","embeddable":true,"href":"https:\/\/modeco-sklep.pl\/fr\/wp-json\/wp\/v2\/product_cat?post=2182"},{"taxonomy":"product_tag","embeddable":true,"href":"https:\/\/modeco-sklep.pl\/fr\/wp-json\/wp\/v2\/product_tag?post=2182"}],"curies":[{"name":"wp","href":"https:\/\/api.w.org\/{rel}","templated":true}]}}