{"id":2032,"date":"2025-07-06T23:03:11","date_gmt":"2025-07-06T21:03:11","guid":{"rendered":"https:\/\/modeco-sklep.pl\/?post_type=product&#038;p=2032"},"modified":"2025-09-22T22:13:51","modified_gmt":"2025-09-22T20:13:51","slug":"diamond-design-anthracite","status":"publish","type":"product","link":"https:\/\/modeco-sklep.pl\/fr\/diamond-design-antracytowy\/","title":{"rendered":"DIAMOND DESIGN \/ ANTHRACITE"},"content":{"rendered":"<div class=\"widoczna tz_opis GlownyOpisProduktu\">\n<h3>EKO-SK\u00d3RA NAPPA MARINE ONE \u2013 tissu d'ameublement de haute qualit\u00e9<\/h3>\n<p>Le cuir \u00e9cologique Nappa est un tissu enduit id\u00e9al pour les rev\u00eatements int\u00e9rieurs de yachts et de voitures, notamment les si\u00e8ges et les panneaux de porte.<\/p>\n<p>Mat\u00e9riau imperm\u00e9able destin\u00e9 \u00e0 \u00eatre utilis\u00e9 pour le rev\u00eatement ext\u00e9rieur des bateaux, yachts et voitures.<\/p>\n<h4><strong>Caract\u00e9ristiques du produit :<\/strong><\/h4>\n<ul>\n<li>Mat\u00e9riau Nappa de haute qualit\u00e9 \u00e0 la structure lisse<\/li>\n<li>Lamin\u00e9 sur mousse d'une \u00e9paisseur de 5 mm<\/li>\n<li>100% \u00c9tanche<\/li>\n<li>R\u00e9sistant aux rayons UV<\/li>\n<li>R\u00e9sistant aux basses temp\u00e9ratures<\/li>\n<li>R\u00e9sistant aux intemp\u00e9ries<\/li>\n<\/ul>\n<p>&nbsp;<\/p>\n<h4><strong>D\u00e9tails :<\/strong><\/h4>\n<p>En achetant 1 pi\u00e8ce, vous recevez 1 m\u00e8tre courant de tissu (100 cm x 137 cm).<br \/>\nLargeur du tissu : 137 cm<\/p>\n<\/div>","protected":false},"excerpt":{"rendered":"<p>EKO-SK\u00d3RA NAPPA MARINE ONE \u2013 tissu d'ameublement de haute qualit\u00e9 L'\u00e9co-cuir Nappa est un tissu enduit id\u00e9al pour l'ameublement des yachts et des voitures, y compris les si\u00e8ges et les panneaux de porte. Tissu imperm\u00e9able destin\u00e9 \u00e0 l'ameublement ext\u00e9rieur des bateaux, yachts et voitures. Caract\u00e9ristiques du produit : Tissu Nappa de haute qualit\u00e9 \u00e0 structure lisse Lamin\u00e9 sur mousse de 5 mm d'\u00e9paisseur 100% Imperm\u00e9able...<\/p>","protected":false},"featured_media":2033,"comment_status":"closed","ping_status":"closed","template":"","meta":{"_acf_changed":false,"_kad_blocks_custom_css":"","_kad_blocks_head_custom_js":"","_kad_blocks_body_custom_js":"","_kad_blocks_footer_custom_js":"","_kad_post_transparent":"","_kad_post_title":"","_kad_post_layout":"","_kad_post_sidebar_id":"","_kad_post_content_style":"","_kad_post_vertical_padding":"","_kad_post_feature":"","_kad_post_feature_position":"","_kad_post_header":false,"_kad_post_footer":false,"_kad_post_classname":""},"product_brand":[17],"product_cat":[45,126],"product_tag":[],"class_list":{"0":"post-2032","1":"product","2":"type-product","3":"status-publish","4":"has-post-thumbnail","6":"product_brand-modeco","7":"product_cat-skory-syntetyczne-pikowane-tkaniny-pikowane","8":"product_cat-marine-one","10":"first","11":"instock","12":"purchasable","13":"product-type-simple","14":"entry","15":"content-bg","16":"loop-entry"},"acf":[],"taxonomy_info":{"product_brand":[{"value":17,"label":"MODECO"}],"product_cat":[{"value":45,"label":"SK\u00d3RY SYNTETYCZNE PIKOWANE"},{"value":126,"label":"MARINE-ONE"}]},"featured_image_src_large":["https:\/\/modeco-sklep.pl\/wp-content\/uploads\/2025\/07\/20250412_164756-scaled-1024x683.jpg",1024,683,true],"author_info":[],"comment_info":0,"_links":{"self":[{"href":"https:\/\/modeco-sklep.pl\/fr\/wp-json\/wp\/v2\/product\/2032","targetHints":{"allow":["GET"]}}],"collection":[{"href":"https:\/\/modeco-sklep.pl\/fr\/wp-json\/wp\/v2\/product"}],"about":[{"href":"https:\/\/modeco-sklep.pl\/fr\/wp-json\/wp\/v2\/types\/product"}],"replies":[{"embeddable":true,"href":"https:\/\/modeco-sklep.pl\/fr\/wp-json\/wp\/v2\/comments?post=2032"}],"wp:featuredmedia":[{"embeddable":true,"href":"https:\/\/modeco-sklep.pl\/fr\/wp-json\/wp\/v2\/media\/2033"}],"wp:attachment":[{"href":"https:\/\/modeco-sklep.pl\/fr\/wp-json\/wp\/v2\/media?parent=2032"}],"wp:term":[{"taxonomy":"product_brand","embeddable":true,"href":"https:\/\/modeco-sklep.pl\/fr\/wp-json\/wp\/v2\/product_brand?post=2032"},{"taxonomy":"product_cat","embeddable":true,"href":"https:\/\/modeco-sklep.pl\/fr\/wp-json\/wp\/v2\/product_cat?post=2032"},{"taxonomy":"product_tag","embeddable":true,"href":"https:\/\/modeco-sklep.pl\/fr\/wp-json\/wp\/v2\/product_tag?post=2032"}],"curies":[{"name":"wp","href":"https:\/\/api.w.org\/{rel}","templated":true}]}}