{"id":1897,"date":"2025-07-01T10:36:46","date_gmt":"2025-07-01T08:36:46","guid":{"rendered":"https:\/\/modeco-sklep.pl\/?post_type=product&#038;p=1897"},"modified":"2025-07-01T10:39:44","modified_gmt":"2025-07-01T08:39:44","slug":"garniture-de-pavillon-supreme-suede-karo-light-grey","status":"publish","type":"product","link":"https:\/\/modeco-sklep.pl\/fr\/podsufitka-supreme-suede-karo-light-grey\/","title":{"rendered":"T\u00caTE DE LIT SUPR\u00caME EN DAIM KARO - GRIS CLAIR"},"content":{"rendered":"<h4><strong>Tissu automobile pour garniture de pavillon \u2013 SUPREME SUEDE KARO STRETCH<\/strong><\/h4>\n<h4>Mat\u00e9riau sp\u00e9cial SUEDE<br \/>\nIl est dot\u00e9 d'un poil court et doux qui change de direction lorsque vous passez la main dessus. Il est souple, s'adapte parfaitement \u00e0 la forme du plafond et la mousse lamin\u00e9e (4 mm) n'absorbe pas la colle. Mat\u00e9riau matelass\u00e9 avec du fil<\/h4>\n<h4>\u2705 <strong>Flexible et facile \u00e0 installer<\/strong><br \/>\n\u2705 <strong>\u00c9ponge lamin\u00e9e - 4 mm<\/strong><br \/>\n\u2705 <strong>Largeur du tissu : 150 cm<\/strong><\/h4>\n<h2 style=\"color: #444444; display: block; box-sizing: border-box; background-color: transparent;\"><span style=\"font-size: 11pt;\"><span style=\"line-height: normal;\"><span style=\"font-size: 12.0pt;\"><span style=\"color: #444444;\">Le prix est pour 1 m\u00e8tre courant ( 100 x 150cm)<\/span><\/span><\/span><\/span><br \/>\n<span style=\"font-size: 11pt;\"><span style=\"line-height: normal;\"><span style=\"font-size: 12.0pt;\"><span style=\"color: #444444;\">Lors de l'achat de plusieurs m\u00e8tres, nous essayons d'envoyer le mat\u00e9riel en un seul morceau.<\/span><\/span><\/span><\/span><\/h2>\n<p><img loading=\"lazy\" decoding=\"async\" class=\"aligncenter  wp-image-1898\" src=\"http:\/\/modeco-sklep.pl\/wp-content\/uploads\/2025\/07\/IMG_20211020_155137.jpg\" alt=\"\" width=\"1319\" height=\"989\" srcset=\"https:\/\/modeco-sklep.pl\/wp-content\/uploads\/2025\/07\/IMG_20211020_155137.jpg 1280w, https:\/\/modeco-sklep.pl\/wp-content\/uploads\/2025\/07\/IMG_20211020_155137-300x225.jpg 300w, https:\/\/modeco-sklep.pl\/wp-content\/uploads\/2025\/07\/IMG_20211020_155137-1024x768.jpg 1024w, https:\/\/modeco-sklep.pl\/wp-content\/uploads\/2025\/07\/IMG_20211020_155137-768x576.jpg 768w, https:\/\/modeco-sklep.pl\/wp-content\/uploads\/2025\/07\/IMG_20211020_155137-16x12.jpg 16w, https:\/\/modeco-sklep.pl\/wp-content\/uploads\/2025\/07\/IMG_20211020_155137-133x100.jpg 133w\" sizes=\"auto, (max-width: 1319px) 100vw, 1319px\" \/><\/p>\n<p><img loading=\"lazy\" decoding=\"async\" class=\"aligncenter size-full wp-image-1886\" src=\"http:\/\/modeco-sklep.pl\/wp-content\/uploads\/2025\/06\/DSC00824.jpg\" alt=\"\" width=\"1920\" height=\"1282\" srcset=\"https:\/\/modeco-sklep.pl\/wp-content\/uploads\/2025\/06\/DSC00824.jpg 1920w, https:\/\/modeco-sklep.pl\/wp-content\/uploads\/2025\/06\/DSC00824-300x200.jpg 300w, https:\/\/modeco-sklep.pl\/wp-content\/uploads\/2025\/06\/DSC00824-1024x684.jpg 1024w, https:\/\/modeco-sklep.pl\/wp-content\/uploads\/2025\/06\/DSC00824-768x513.jpg 768w, https:\/\/modeco-sklep.pl\/wp-content\/uploads\/2025\/06\/DSC00824-1536x1026.jpg 1536w, https:\/\/modeco-sklep.pl\/wp-content\/uploads\/2025\/06\/DSC00824-18x12.jpg 18w, https:\/\/modeco-sklep.pl\/wp-content\/uploads\/2025\/06\/DSC00824-849x566.jpg 849w, https:\/\/modeco-sklep.pl\/wp-content\/uploads\/2025\/06\/DSC00824-150x100.jpg 150w\" sizes=\"auto, (max-width: 1920px) 100vw, 1920px\" \/><\/p>\n<p><img loading=\"lazy\" decoding=\"async\" class=\"aligncenter size-full wp-image-1861\" src=\"http:\/\/modeco-sklep.pl\/wp-content\/uploads\/2025\/06\/452046976_1072453711047226_1158119776746935494_n.jpg\" alt=\"\" width=\"2048\" height=\"1536\" srcset=\"https:\/\/modeco-sklep.pl\/wp-content\/uploads\/2025\/06\/452046976_1072453711047226_1158119776746935494_n.jpg 2048w, https:\/\/modeco-sklep.pl\/wp-content\/uploads\/2025\/06\/452046976_1072453711047226_1158119776746935494_n-300x225.jpg 300w, https:\/\/modeco-sklep.pl\/wp-content\/uploads\/2025\/06\/452046976_1072453711047226_1158119776746935494_n-1024x768.jpg 1024w, https:\/\/modeco-sklep.pl\/wp-content\/uploads\/2025\/06\/452046976_1072453711047226_1158119776746935494_n-768x576.jpg 768w, https:\/\/modeco-sklep.pl\/wp-content\/uploads\/2025\/06\/452046976_1072453711047226_1158119776746935494_n-1536x1152.jpg 1536w, https:\/\/modeco-sklep.pl\/wp-content\/uploads\/2025\/06\/452046976_1072453711047226_1158119776746935494_n-16x12.jpg 16w, https:\/\/modeco-sklep.pl\/wp-content\/uploads\/2025\/06\/452046976_1072453711047226_1158119776746935494_n-133x100.jpg 133w\" sizes=\"auto, (max-width: 2048px) 100vw, 2048px\" \/><\/p>\n<p><img loading=\"lazy\" decoding=\"async\" class=\"aligncenter size-full wp-image-1887\" src=\"http:\/\/modeco-sklep.pl\/wp-content\/uploads\/2025\/06\/DSC05434-1-scaled-1.jpg\" alt=\"\" width=\"1920\" height=\"1280\" srcset=\"https:\/\/modeco-sklep.pl\/wp-content\/uploads\/2025\/06\/DSC05434-1-scaled-1.jpg 1920w, https:\/\/modeco-sklep.pl\/wp-content\/uploads\/2025\/06\/DSC05434-1-scaled-1-300x200.jpg 300w, https:\/\/modeco-sklep.pl\/wp-content\/uploads\/2025\/06\/DSC05434-1-scaled-1-1024x683.jpg 1024w, https:\/\/modeco-sklep.pl\/wp-content\/uploads\/2025\/06\/DSC05434-1-scaled-1-768x512.jpg 768w, https:\/\/modeco-sklep.pl\/wp-content\/uploads\/2025\/06\/DSC05434-1-scaled-1-1536x1024.jpg 1536w, https:\/\/modeco-sklep.pl\/wp-content\/uploads\/2025\/06\/DSC05434-1-scaled-1-18x12.jpg 18w, https:\/\/modeco-sklep.pl\/wp-content\/uploads\/2025\/06\/DSC05434-1-scaled-1-849x566.jpg 849w, https:\/\/modeco-sklep.pl\/wp-content\/uploads\/2025\/06\/DSC05434-1-scaled-1-150x100.jpg 150w\" sizes=\"auto, (max-width: 1920px) 100vw, 1920px\" \/><\/p>\n<p><img loading=\"lazy\" decoding=\"async\" class=\"aligncenter size-full wp-image-1888\" src=\"http:\/\/modeco-sklep.pl\/wp-content\/uploads\/2025\/06\/DSC05443-1-scaled-1.jpg\" alt=\"\" width=\"1920\" height=\"1280\" srcset=\"https:\/\/modeco-sklep.pl\/wp-content\/uploads\/2025\/06\/DSC05443-1-scaled-1.jpg 1920w, https:\/\/modeco-sklep.pl\/wp-content\/uploads\/2025\/06\/DSC05443-1-scaled-1-300x200.jpg 300w, https:\/\/modeco-sklep.pl\/wp-content\/uploads\/2025\/06\/DSC05443-1-scaled-1-1024x683.jpg 1024w, https:\/\/modeco-sklep.pl\/wp-content\/uploads\/2025\/06\/DSC05443-1-scaled-1-768x512.jpg 768w, https:\/\/modeco-sklep.pl\/wp-content\/uploads\/2025\/06\/DSC05443-1-scaled-1-1536x1024.jpg 1536w, https:\/\/modeco-sklep.pl\/wp-content\/uploads\/2025\/06\/DSC05443-1-scaled-1-18x12.jpg 18w, https:\/\/modeco-sklep.pl\/wp-content\/uploads\/2025\/06\/DSC05443-1-scaled-1-849x566.jpg 849w, https:\/\/modeco-sklep.pl\/wp-content\/uploads\/2025\/06\/DSC05443-1-scaled-1-150x100.jpg 150w\" sizes=\"auto, (max-width: 1920px) 100vw, 1920px\" \/><\/p>\n<p>&nbsp;<\/p>\n<p>&nbsp;<\/p>\n<p>&nbsp;<\/p>","protected":false},"excerpt":{"rendered":"<p>Tissu pour pavillon de voiture - SUPREME SUEDE KARO STRETCH Le tissu sp\u00e9cial en SUEDE est dot\u00e9 de poils courts et souples qui changent de direction lorsqu'ils sont tir\u00e9s avec la main. Il est flexible, s'adapte parfaitement \u00e0 la forme du pavillon et l'\u00e9ponge lamin\u00e9e (4 mm) n'absorbe pas la colle. Mat\u00e9riau matelass\u00e9 \u2705 Flexible et facile \u00e0 installer \u2705 \u00c9ponge lamin\u00e9e - 4 mm \u2705 Largeur...<\/p>","protected":false},"featured_media":1899,"comment_status":"closed","ping_status":"closed","template":"","meta":{"_acf_changed":false,"_kad_blocks_custom_css":"","_kad_blocks_head_custom_js":"","_kad_blocks_body_custom_js":"","_kad_blocks_footer_custom_js":"","_kad_post_transparent":"","_kad_post_title":"","_kad_post_layout":"","_kad_post_sidebar_id":"","_kad_post_content_style":"","_kad_post_vertical_padding":"","_kad_post_feature":"","_kad_post_feature_position":"","_kad_post_header":false,"_kad_post_footer":false,"_kad_post_classname":""},"product_brand":[17],"product_cat":[118,36],"product_tag":[],"class_list":{"0":"post-1897","1":"product","2":"type-product","3":"status-publish","4":"has-post-thumbnail","6":"product_brand-modeco","7":"product_cat-material-pikowany","8":"product_cat-supreme-suede-przeszywana-na-podsufitki-boczki","10":"first","11":"instock","12":"purchasable","13":"product-type-simple","14":"entry","15":"content-bg","16":"loop-entry"},"acf":[],"taxonomy_info":{"product_brand":[{"value":17,"label":"MODECO"}],"product_cat":[{"value":118,"label":"MATERIA\u0141 PIKOWANY"},{"value":36,"label":"SUPREME SUEDE PRZESZYWANA \/ NA PODSUFITKI &amp; BOCZKI"}]},"featured_image_src_large":["https:\/\/modeco-sklep.pl\/wp-content\/uploads\/2025\/07\/IMG20240420121354-scaled-1024x683.jpg",1024,683,true],"author_info":[],"comment_info":0,"_links":{"self":[{"href":"https:\/\/modeco-sklep.pl\/fr\/wp-json\/wp\/v2\/product\/1897","targetHints":{"allow":["GET"]}}],"collection":[{"href":"https:\/\/modeco-sklep.pl\/fr\/wp-json\/wp\/v2\/product"}],"about":[{"href":"https:\/\/modeco-sklep.pl\/fr\/wp-json\/wp\/v2\/types\/product"}],"replies":[{"embeddable":true,"href":"https:\/\/modeco-sklep.pl\/fr\/wp-json\/wp\/v2\/comments?post=1897"}],"wp:featuredmedia":[{"embeddable":true,"href":"https:\/\/modeco-sklep.pl\/fr\/wp-json\/wp\/v2\/media\/1899"}],"wp:attachment":[{"href":"https:\/\/modeco-sklep.pl\/fr\/wp-json\/wp\/v2\/media?parent=1897"}],"wp:term":[{"taxonomy":"product_brand","embeddable":true,"href":"https:\/\/modeco-sklep.pl\/fr\/wp-json\/wp\/v2\/product_brand?post=1897"},{"taxonomy":"product_cat","embeddable":true,"href":"https:\/\/modeco-sklep.pl\/fr\/wp-json\/wp\/v2\/product_cat?post=1897"},{"taxonomy":"product_tag","embeddable":true,"href":"https:\/\/modeco-sklep.pl\/fr\/wp-json\/wp\/v2\/product_tag?post=1897"}],"curies":[{"name":"wp","href":"https:\/\/api.w.org\/{rel}","templated":true}]}}