{"id":1882,"date":"2025-06-30T23:26:29","date_gmt":"2025-06-30T21:26:29","guid":{"rendered":"https:\/\/modeco-sklep.pl\/?post_type=product&#038;p=1882"},"modified":"2026-01-01T18:33:52","modified_gmt":"2026-01-01T17:33:52","slug":"suede-slim-supreme-bleu-marine","status":"publish","type":"product","link":"https:\/\/modeco-sklep.pl\/fr\/slim-supreme-suede-navy\/","title":{"rendered":"SLIM SUPREME SUEDE \u2013 MARINE"},"content":{"rendered":"<h4><strong>Tissu de voiture SLIM SUPREME SUEDE STRETCH<\/strong><\/h4>\n<h4>Mat\u00e9riau sp\u00e9cial SUEDE<br \/>\nIl poss\u00e8de des poils courts et souples qui changent de direction lorsqu'ils sont tir\u00e9s avec la main. Il est flexible et s'adapte parfaitement \u00e0 la forme des pi\u00e8ces. Le mat\u00e9riau est dot\u00e9 d'un support sp\u00e9cial et n'est pas spongieux. Le mat\u00e9riau a un support sp\u00e9cial et n'est pas spongieux. Le mat\u00e9riau est dot\u00e9 d'un support sp\u00e9cial et n'est pas spongieux. Convient \u00e9galement pour coller les flancs de porte, les tableaux de bord et les \u00e9l\u00e9ments d\u00e9coratifs.<\/h4>\n<h4>\u2705 <strong>Flexible et facile \u00e0 installer<\/strong><br \/>\n\u2705 <strong>Largeur du tissu : 150 cm<\/strong><\/h4>\n<h2 style=\"color: #444444; display: block; box-sizing: border-box; background-color: transparent;\"><span style=\"font-size: 11pt;\"><span style=\"line-height: normal;\"><span style=\"font-size: 12.0pt;\"><span style=\"color: #444444;\">Le prix est pour 1 m\u00e8tre courant ( 100 x 150cm)<\/span><\/span><\/span><\/span><br \/>\n<span style=\"font-size: 11pt;\"><span style=\"line-height: normal;\"><span style=\"font-size: 12.0pt;\"><span style=\"color: #444444;\">Lors de l'achat de plusieurs m\u00e8tres, nous essayons d'envoyer le mat\u00e9riel en un seul morceau.<\/span><\/span><\/span><\/span><\/h2>\n<p>&nbsp;<\/p>","protected":false},"excerpt":{"rendered":"<p>Tissu automobile SLIM  SUPREME SUEDE STRETCH Tissu SUEDE sp\u00e9cial Il pr\u00e9sente un poil court et doux qui change de direction lorsque l'on passe la main dessus. Il est \u00e9lastique et s'adapte parfaitement \u00e0 la forme des \u00e9l\u00e9ments. Le tissu est dot\u00e9 d'une doublure sp\u00e9ciale, sans mousse. Il n'\u00e9paissit pas les \u00e9l\u00e9ments recouverts. Con\u00e7u pour recouvrir les montants et les volets des toits ouvrants. \u00c9galement utilis\u00e9 pour coller les panneaux de porte, les tableaux de bord, les \u00e9l\u00e9ments d\u00e9coratifs...<\/p>","protected":false},"featured_media":7148,"comment_status":"closed","ping_status":"closed","template":"","meta":{"_acf_changed":false,"_kad_blocks_custom_css":"","_kad_blocks_head_custom_js":"","_kad_blocks_body_custom_js":"","_kad_blocks_footer_custom_js":"","_kad_post_transparent":"default","_kad_post_title":"","_kad_post_layout":"default","_kad_post_sidebar_id":"","_kad_post_content_style":"default","_kad_post_vertical_padding":"default","_kad_post_feature":"","_kad_post_feature_position":"","_kad_post_header":false,"_kad_post_footer":false,"_kad_post_classname":""},"product_brand":[17],"product_cat":[117,158,125],"product_tag":[],"class_list":{"0":"post-1882","1":"product","2":"type-product","3":"status-publish","4":"has-post-thumbnail","6":"product_brand-modeco","7":"product_cat-material-na-slupki","8":"product_cat-supreme-suede-stretch-tkaniny-na-podsufitki-samochodowe","9":"product_cat-material-na-slupki-supreme-suede-podsufitki","11":"first","12":"instock","13":"purchasable","14":"product-type-simple","15":"entry","16":"content-bg","17":"loop-entry"},"acf":[],"taxonomy_info":{"product_brand":[{"value":17,"label":"MODECO"}],"product_cat":[{"value":117,"label":"MATERIA\u0141 NA S\u0141UPKI ( bez pianki)"},{"value":158,"label":"SUPREME SUEDE STRETCH"},{"value":125,"label":"SUPREME SUEDE STRETCH SLIM - S\u0141UPKI"}]},"featured_image_src_large":["https:\/\/modeco-sklep.pl\/wp-content\/uploads\/2025\/06\/ChatGPT-Image-1-sty-2026-18_26_39-1024x683.png",1024,683,true],"author_info":[],"comment_info":0,"_links":{"self":[{"href":"https:\/\/modeco-sklep.pl\/fr\/wp-json\/wp\/v2\/product\/1882","targetHints":{"allow":["GET"]}}],"collection":[{"href":"https:\/\/modeco-sklep.pl\/fr\/wp-json\/wp\/v2\/product"}],"about":[{"href":"https:\/\/modeco-sklep.pl\/fr\/wp-json\/wp\/v2\/types\/product"}],"replies":[{"embeddable":true,"href":"https:\/\/modeco-sklep.pl\/fr\/wp-json\/wp\/v2\/comments?post=1882"}],"wp:featuredmedia":[{"embeddable":true,"href":"https:\/\/modeco-sklep.pl\/fr\/wp-json\/wp\/v2\/media\/7148"}],"wp:attachment":[{"href":"https:\/\/modeco-sklep.pl\/fr\/wp-json\/wp\/v2\/media?parent=1882"}],"wp:term":[{"taxonomy":"product_brand","embeddable":true,"href":"https:\/\/modeco-sklep.pl\/fr\/wp-json\/wp\/v2\/product_brand?post=1882"},{"taxonomy":"product_cat","embeddable":true,"href":"https:\/\/modeco-sklep.pl\/fr\/wp-json\/wp\/v2\/product_cat?post=1882"},{"taxonomy":"product_tag","embeddable":true,"href":"https:\/\/modeco-sklep.pl\/fr\/wp-json\/wp\/v2\/product_tag?post=1882"}],"curies":[{"name":"wp","href":"https:\/\/api.w.org\/{rel}","templated":true}]}}