{"id":1828,"date":"2025-06-30T20:09:22","date_gmt":"2025-06-30T18:09:22","guid":{"rendered":"https:\/\/modeco-sklep.pl\/?post_type=product&#038;p=1828"},"modified":"2025-06-30T20:11:47","modified_gmt":"2025-06-30T18:11:47","slug":"premium-suede-benz-design-noir-rien-jaune","status":"publish","type":"product","link":"https:\/\/modeco-sklep.pl\/fr\/premium-suede-benz-design-czarna-nic-zolta\/","title":{"rendered":"PREMIUM SUEDE BENZ DESIGN NOIR \/ FIL JAUNE"},"content":{"rendered":"<h3><strong>SUEDE PREMIUM<\/strong><\/h3>\n<h3>Tissu lamin\u00e9 destin\u00e9 \u00e0 l'habillage int\u00e9rieur automobile<\/h3>\n<p>Mat\u00e9riau destin\u00e9 \u00e0 \u00eatre utilis\u00e9 sur les si\u00e8ges de voiture, les panneaux de porte, les parois et les plafonds pour l'am\u00e9nagement de fourgonnettes\/bus.<\/p>\n<h3>\u2705 Mat\u00e9riau de haute qualit\u00e9 sur une mousse sp\u00e9ciale d'une \u00e9paisseur de 8 mm.<br \/>\n\u2705 Mousse haute densit\u00e9 \u2013 r\u00e9sistante \u00e0 la d\u00e9formation.<br \/>\n\u2705 Mat\u00e9riau exclusif de type SUEDE<br \/>\n\u2705 Cheveux courts qui changent de direction lorsque vous passez votre main dessus<\/h3>\n<h3><strong>D\u00e9tails du produit :<\/strong><\/h3>\n<ul>\n<li>\n<h3>1 pi\u00e8ce = 1 m\u00e8tre lin\u00e9aire de tissu (100 cm x 150 cm).<\/h3>\n<\/li>\n<li>\n<h3>Largeur : 150 cm.<\/h3>\n<\/li>\n<li>\n<h3>En cas d'achat d'une plus grande quantit\u00e9, nous envoyons le mat\u00e9riau en un seul morceau.<\/h3>\n<\/li>\n<\/ul>\n<p><img loading=\"lazy\" decoding=\"async\" class=\"aligncenter size-full wp-image-1829\" src=\"http:\/\/modeco-sklep.pl\/wp-content\/uploads\/2025\/06\/SPRINTER.jpg\" alt=\"\" width=\"1080\" height=\"587\" srcset=\"https:\/\/modeco-sklep.pl\/wp-content\/uploads\/2025\/06\/SPRINTER.jpg 1080w, https:\/\/modeco-sklep.pl\/wp-content\/uploads\/2025\/06\/SPRINTER-300x163.jpg 300w, https:\/\/modeco-sklep.pl\/wp-content\/uploads\/2025\/06\/SPRINTER-1024x557.jpg 1024w, https:\/\/modeco-sklep.pl\/wp-content\/uploads\/2025\/06\/SPRINTER-768x417.jpg 768w, https:\/\/modeco-sklep.pl\/wp-content\/uploads\/2025\/06\/SPRINTER-18x10.jpg 18w, https:\/\/modeco-sklep.pl\/wp-content\/uploads\/2025\/06\/SPRINTER-150x82.jpg 150w\" sizes=\"auto, (max-width: 1080px) 100vw, 1080px\" \/><\/p>\n<p>&nbsp;<\/p>\n<p>&nbsp;<\/p>\n<p>&nbsp;<\/p>","protected":false},"excerpt":{"rendered":"<p>PREMIUM SUEDE Tissu lamin\u00e9 destin\u00e9 \u00e0 l'habillage int\u00e9rieur automobile Mat\u00e9riau destin\u00e9 \u00e0 \u00eatre utilis\u00e9 sur les si\u00e8ges automobiles, les panneaux de porte, les parois et les plafonds des fourgons\/bus \u2705 Mat\u00e9riau de haute qualit\u00e9 sur une mousse sp\u00e9ciale de 8 mm d'\u00e9paisseur. \u2705 Mousse haute densit\u00e9 \u2013 r\u00e9sistante \u00e0 la d\u00e9formation. \u2705 Mat\u00e9riau exclusif de type SUEDE \u2705 Poils courts qui changent de direction lorsqu'on les frotte...<\/p>","protected":false},"featured_media":1830,"comment_status":"open","ping_status":"closed","template":"","meta":{"_acf_changed":false,"_kad_blocks_custom_css":"","_kad_blocks_head_custom_js":"","_kad_blocks_body_custom_js":"","_kad_blocks_footer_custom_js":"","_kad_post_transparent":"","_kad_post_title":"","_kad_post_layout":"","_kad_post_sidebar_id":"","_kad_post_content_style":"","_kad_post_vertical_padding":"","_kad_post_feature":"","_kad_post_feature_position":"","_kad_post_header":false,"_kad_post_footer":false,"_kad_post_classname":""},"product_brand":[17],"product_cat":[115],"product_tag":[],"class_list":{"0":"post-1828","1":"product","2":"type-product","3":"status-publish","4":"has-post-thumbnail","6":"product_brand-modeco","7":"product_cat-benz-shell-design","9":"first","10":"instock","11":"shipping-taxable","12":"purchasable","13":"product-type-simple","14":"entry","15":"content-bg","16":"loop-entry"},"acf":[],"taxonomy_info":{"product_brand":[{"value":17,"label":"MODECO"}],"product_cat":[{"value":115,"label":"BENZ SHELL DESIGN"}]},"featured_image_src_large":["https:\/\/modeco-sklep.pl\/wp-content\/uploads\/2025\/06\/IMG20231130162403-1-rotated-1024x683.jpg",1024,683,true],"author_info":[],"comment_info":0,"_links":{"self":[{"href":"https:\/\/modeco-sklep.pl\/fr\/wp-json\/wp\/v2\/product\/1828","targetHints":{"allow":["GET"]}}],"collection":[{"href":"https:\/\/modeco-sklep.pl\/fr\/wp-json\/wp\/v2\/product"}],"about":[{"href":"https:\/\/modeco-sklep.pl\/fr\/wp-json\/wp\/v2\/types\/product"}],"replies":[{"embeddable":true,"href":"https:\/\/modeco-sklep.pl\/fr\/wp-json\/wp\/v2\/comments?post=1828"}],"wp:featuredmedia":[{"embeddable":true,"href":"https:\/\/modeco-sklep.pl\/fr\/wp-json\/wp\/v2\/media\/1830"}],"wp:attachment":[{"href":"https:\/\/modeco-sklep.pl\/fr\/wp-json\/wp\/v2\/media?parent=1828"}],"wp:term":[{"taxonomy":"product_brand","embeddable":true,"href":"https:\/\/modeco-sklep.pl\/fr\/wp-json\/wp\/v2\/product_brand?post=1828"},{"taxonomy":"product_cat","embeddable":true,"href":"https:\/\/modeco-sklep.pl\/fr\/wp-json\/wp\/v2\/product_cat?post=1828"},{"taxonomy":"product_tag","embeddable":true,"href":"https:\/\/modeco-sklep.pl\/fr\/wp-json\/wp\/v2\/product_tag?post=1828"}],"curies":[{"name":"wp","href":"https:\/\/api.w.org\/{rel}","templated":true}]}}