{"id":1658,"date":"2025-06-19T13:02:08","date_gmt":"2025-06-19T11:02:08","guid":{"rendered":"https:\/\/modeco-sklep.pl\/?post_type=product&#038;p=1658"},"modified":"2025-12-28T13:22:44","modified_gmt":"2025-12-28T12:22:44","slug":"colle-permatex-pour-garniture-de-toit-de-voiture","status":"publish","type":"product","link":"https:\/\/modeco-sklep.pl\/fr\/klej-permatex-do-podsufitki-samochodowej\/","title":{"rendered":"Colle PERMATEX"},"content":{"rendered":"<p><strong>COLLE POUR TAPISSERIE PERMATEX<\/strong><\/p>\n<p>Colle en a\u00e9rosol destin\u00e9e \u00e0 la fixation permanente et temporaire de rev\u00eatements, tapis, garnitures de toit. Cr\u00e9e une liaison \u00e9lastique. S\u00e9chage rapide, r\u00e9sistante \u00e0 l'eau et \u00e0 l'humidit\u00e9. Pour un collage permanent et temporaire. Ne traverse pas le tissu.<\/p>\n<p>Propri\u00e9t\u00e9s :<\/p>\n<p>se lie rapidement pour former une connexion \u00e9lastique<br \/>\nr\u00e9sistant \u00e0 l'eau et \u00e0 l'humidit\u00e9<br \/>\nselon les besoins, la colle assure une fixation permanente ou temporaire<br \/>\nne traverse pas le tissu<br \/>\ncolle les surfaces lisses et poreuses<br \/>\nsans danger pour tous les mat\u00e9riaux \u2013 ne r\u00e9tr\u00e9cit pas<br \/>\nne contient pas de solvants agressifs<\/p>\n<p>Application :<\/p>\n<p>pour coller des mat\u00e9riaux tels que : papier, m\u00e9tal, tissus, cuir, plastiques, caoutchouc, carton, feutre, li\u00e8ge, verre, bois, film plastique<\/p>\n<p>Mode d'emploi :<\/p>\n<p>nettoyer et d\u00e9graisser les surfaces \u00e0 coller<br \/>\nprot\u00e9ger les zones adjacentes contre les salissures ind\u00e9sirables dues \u00e0 la colle<br \/>\nagiter vigoureusement le r\u00e9cipient<br \/>\ntemp\u00e9rature recommand\u00e9e du produit : environ 18 \u00b0C<\/p>\n<p>Collage non permanent<\/p>\n<p>recouvrir une surface de colle<br \/>\napr\u00e8s quelques secondes, appliquer le deuxi\u00e8me \u00e9l\u00e9ment<br \/>\nappuyer et laisser s\u00e9cher environ une minute<br \/>\nPour modifier la position de l'\u00e9l\u00e9ment coll\u00e9, saisissez-le par le coin, d\u00e9collez-le et recollez-le.<\/p>\n<p>Collage permanent<\/p>\n<p>recouvrir d'une fine couche de colle les deux surfaces \u00e0 coller<br \/>\nattendre environ une minute et assembler les deux \u00e9l\u00e9ments<br \/>\nappuyer et laisser s\u00e9cher pendant environ 1 minute<br \/>\ndans le cas du collage de rev\u00eatements tr\u00e8s poreux, appliquer une couche g\u00e9n\u00e9reuse de colle sur les deux surfaces<\/p>\n<p>\u2013 capacit\u00e9 297 g<\/p>\n<p><strong data-start=\"1641\" data-end=\"1678\">\u00a0Distributeur en Pologne :<\/strong><br data-start=\"1678\" data-end=\"1681\" \/>Amtra Sp. z o.o.<br data-start=\"1701\" data-end=\"1704\" \/>Schons 3, 41-200 Sosnowiec, Pologne<br data-start=\"1739\" data-end=\"1742\" \/>\ud83d\udce7 <a class=\"decorated-link cursor-pointer\" rel=\"noopener\" data-start=\"1745\" data-end=\"1759\">amtra@amtra.pl<\/a><\/p>\n<h5 data-start=\"1637\" data-end=\"1702\">Informations sur les risques<\/h5>\n<p data-start=\"1704\" data-end=\"1802\">Attention : le produit peut pr\u00e9senter des dangers, lisez donc les informations ci-dessous avant de l'utiliser.<\/p>\n<p data-start=\"1804\" data-end=\"1833\">\ud83d\udd25 Risques potentiels<\/p>\n<ul data-start=\"1834\" data-end=\"2103\">\n<li data-start=\"1834\" data-end=\"1871\">\n<p data-start=\"1836\" data-end=\"1871\">Produit inflammable (a\u00e9rosol).<\/p>\n<\/li>\n<li data-start=\"1872\" data-end=\"1921\">\n<p data-start=\"1874\" data-end=\"1921\">Peut provoquer une irritation de la peau et des yeux.<\/p>\n<\/li>\n<li data-start=\"1922\" data-end=\"1988\">\n<p data-start=\"1924\" data-end=\"1988\">L'inhalation de vapeurs peut provoquer des somnolences ou des vertiges.<\/p>\n<\/li>\n<li data-start=\"1989\" data-end=\"2103\">\n<p data-start=\"1991\" data-end=\"2103\">R\u00e9cipient sous pression - peut \u00e9clater en cas d'exposition \u00e0 des temp\u00e9ratures \u00e9lev\u00e9es.<\/p>\n<\/li>\n<\/ul>\n<p data-start=\"2105\" data-end=\"2131\">\ud83d\udee1\ufe0f Pr\u00e9cautions<\/p>\n<ul data-start=\"2132\" data-end=\"2584\">\n<li data-start=\"2132\" data-end=\"2188\">\n<p data-start=\"2134\" data-end=\"2188\">Utiliser dans des zones bien ventil\u00e9es.<\/p>\n<\/li>\n<li data-start=\"2189\" data-end=\"2250\">\n<p data-start=\"2191\" data-end=\"2250\">Tenir \u00e0 l'\u00e9cart du feu, des \u00e9tincelles et des sources d'inflammation.<\/p>\n<\/li>\n<li data-start=\"2251\" data-end=\"2313\">\n<p data-start=\"2253\" data-end=\"2313\">Ne pas percer ou incin\u00e9rer le r\u00e9cipient, m\u00eame apr\u00e8s utilisation.<\/p>\n<\/li>\n<li data-start=\"2314\" data-end=\"2414\">\n<p data-start=\"2316\" data-end=\"2414\">\u00c9viter le contact avec les yeux et la peau - utiliser un \u00e9quipement de protection appropri\u00e9 (gants, lunettes).<\/p>\n<\/li>\n<li data-start=\"2415\" data-end=\"2482\">\n<p data-start=\"2417\" data-end=\"2482\">En cas de contact avec les yeux, rincer \u00e0 l'eau pendant plusieurs minutes.<\/p>\n<\/li>\n<li data-start=\"2483\" data-end=\"2584\">\n<p data-start=\"2485\" data-end=\"2584\">Conserver dans un endroit frais, hors de port\u00e9e des enfants.<\/p>\n<\/li>\n<\/ul>\n<p data-start=\"2586\" data-end=\"2613\">\ud83d\udcc4 Informations compl\u00e9mentaires<\/p>\n<ul data-start=\"2614\" data-end=\"2784\">\n<li data-start=\"2614\" data-end=\"2699\">\n<p data-start=\"2616\" data-end=\"2699\">Le produit contient des solvants et des a\u00e9rosols - utiliser selon les instructions.<\/p>\n<\/li>\n<li data-start=\"2700\" data-end=\"2784\">\n<p data-start=\"2702\" data-end=\"2784\">Fiche de donn\u00e9es de s\u00e9curit\u00e9 (FDS) disponible sur demande aupr\u00e8s du revendeur ou du fabricant.<\/p>\n<\/li>\n<\/ul>\n<p>&nbsp;<\/p>","protected":false},"excerpt":{"rendered":"<p>COLLE POUR TAPISSERIE PERMATEX Colle en a\u00e9rosol destin\u00e9e \u00e0 la fixation durable et temporaire de tapisseries, tapis, garnitures de toit. Cr\u00e9e une liaison \u00e9lastique. S\u00e9chage rapide, r\u00e9sistante \u00e0 l'eau et \u00e0 l'humidit\u00e9. Pour un collage permanent ou temporaire. Ne traverse pas le tissu. Propri\u00e9t\u00e9s : s\u00e8che rapidement en formant une liaison \u00e9lastique, r\u00e9siste \u00e0 l'eau et \u00e0 l'humidit\u00e9, selon les besoins, la colle permet un collage permanent ou temporaire...<\/p>","protected":false},"featured_media":1660,"comment_status":"open","ping_status":"closed","template":"","meta":{"_acf_changed":false,"_kad_blocks_custom_css":"","_kad_blocks_head_custom_js":"","_kad_blocks_body_custom_js":"","_kad_blocks_footer_custom_js":"","_kad_post_transparent":"default","_kad_post_title":"","_kad_post_layout":"default","_kad_post_sidebar_id":"","_kad_post_content_style":"default","_kad_post_vertical_padding":"default","_kad_post_feature":"","_kad_post_feature_position":"","_kad_post_header":false,"_kad_post_footer":false,"_kad_post_classname":""},"product_brand":[66],"product_cat":[80],"product_tag":[],"class_list":{"0":"post-1658","1":"product","2":"type-product","3":"status-publish","4":"has-post-thumbnail","6":"product_brand-permatex","7":"product_cat-kleje-do-podsufitek-samochodowych","9":"first","10":"instock","11":"shipping-taxable","12":"purchasable","13":"product-type-simple","14":"entry","15":"content-bg","16":"loop-entry"},"acf":[],"taxonomy_info":{"product_brand":[{"value":66,"label":"PERMATEX"}],"product_cat":[{"value":80,"label":"KLEJE"}]},"featured_image_src_large":["https:\/\/modeco-sklep.pl\/wp-content\/uploads\/2025\/06\/permatex-2.jpg",800,785,false],"author_info":[],"comment_info":0,"_links":{"self":[{"href":"https:\/\/modeco-sklep.pl\/fr\/wp-json\/wp\/v2\/product\/1658","targetHints":{"allow":["GET"]}}],"collection":[{"href":"https:\/\/modeco-sklep.pl\/fr\/wp-json\/wp\/v2\/product"}],"about":[{"href":"https:\/\/modeco-sklep.pl\/fr\/wp-json\/wp\/v2\/types\/product"}],"replies":[{"embeddable":true,"href":"https:\/\/modeco-sklep.pl\/fr\/wp-json\/wp\/v2\/comments?post=1658"}],"wp:featuredmedia":[{"embeddable":true,"href":"https:\/\/modeco-sklep.pl\/fr\/wp-json\/wp\/v2\/media\/1660"}],"wp:attachment":[{"href":"https:\/\/modeco-sklep.pl\/fr\/wp-json\/wp\/v2\/media?parent=1658"}],"wp:term":[{"taxonomy":"product_brand","embeddable":true,"href":"https:\/\/modeco-sklep.pl\/fr\/wp-json\/wp\/v2\/product_brand?post=1658"},{"taxonomy":"product_cat","embeddable":true,"href":"https:\/\/modeco-sklep.pl\/fr\/wp-json\/wp\/v2\/product_cat?post=1658"},{"taxonomy":"product_tag","embeddable":true,"href":"https:\/\/modeco-sklep.pl\/fr\/wp-json\/wp\/v2\/product_tag?post=1658"}],"curies":[{"name":"wp","href":"https:\/\/api.w.org\/{rel}","templated":true}]}}