{"id":1652,"date":"2025-06-19T12:22:06","date_gmt":"2025-06-19T10:22:06","guid":{"rendered":"https:\/\/modeco-sklep.pl\/?post_type=product&#038;p=1652"},"modified":"2026-03-05T09:15:25","modified_gmt":"2026-03-05T08:15:25","slug":"colle-paniker-pour-plafonds-de-voitures","status":"publish","type":"product","link":"https:\/\/modeco-sklep.pl\/fr\/klej-paniker-do-podsufitek-samochodowych\/","title":{"rendered":"Colle PANIKER 5L"},"content":{"rendered":"<p><strong>Colle sp\u00e9ciale pour plafonds de voiture PANIKER<\/strong><\/p>\n<p>\u2013 colle r\u00e9sistante aux temp\u00e9ratures \u00e9lev\u00e9es<br \/>\n\u2013 colle \u00e0 tr\u00e8s forte adh\u00e9rence, pour toutes les applications o\u00f9 les colles classiques \u00e9chouent<br \/>\n\u2013 pour une utilisation dans l'industrie automobile pour le collage des garnitures de toit des voitures<br \/>\n\u2013 application \u00e0 l'aide d'un pistolet<br \/>\n\u2013 r\u00e9sistant \u00e0 des temp\u00e9ratures \u00e9lev\u00e9es + 130 degr\u00e9s Celsius<br \/>\n\u2013 capacit\u00e9 5 L<\/p>\n<p>&nbsp;<\/p>\n<p><strong>Param\u00e8tres de pulv\u00e9risation :<\/strong><\/p>\n<p>Il est recommand\u00e9 d'utiliser un pistolet avec une buse l\u00e9g\u00e8rement plus grande que la buse standard, soit environ 2,0 \u00e0 2,2 mm. Le produit doit \u00eatre trait\u00e9 comme n'importe quelle autre colle de contact : il ne n\u00e9cessite aucun cycle de durcissement particulier.<\/p>\n<p>Principes cl\u00e9s pour l'utilisation des adh\u00e9sifs de contact haute temp\u00e9rature<\/p>\n<p>Conservation et pr\u00e9paration : Conserver le f\u00fbt herm\u00e9tiquement ferm\u00e9, \u00e0 une temp\u00e9rature comprise entre 15 et 25 \u00b0C. Agiter ou m\u00e9langer soigneusement avant utilisation.<\/p>\n<p>Pr\u00e9paration de la surface : \u00c9liminer les r\u00e9sidus de mousse et la poussi\u00e8re. Le support doit \u00eatre sec, propre et stable.<\/p>\n<p>Application des deux c\u00f4t\u00e9s : la colle de contact doit \u00eatre r\u00e9partie uniform\u00e9ment sur les deux surfaces, \u00e0 la fois sur la coque du plafond et sur le tissu.<\/p>\n<p>Consommation : La consommation indicative est de 0,5 \u00e0 1 l par m\u00e8tre lin\u00e9aire de toiture. Pulv\u00e9riser \u00e0 une distance de 40 \u00e0 50 cm, en passant le pistolet par bandes r\u00e9guli\u00e8res et superpos\u00e9es.<\/p>\n<p>Temps ouvert : attendre que la colle devienne collante, mais sans former de fils lorsqu'on la touche avec le doigt.<\/p>\n<p>Assemblage et pression : Assemblez les \u00e9l\u00e9ments une seule fois. Appuyez l\u00e9g\u00e8rement ou roulez \u2013 un repositionnement ult\u00e9rieur ne sera pas possible.<\/p>\n<p>Temps de durcissement : Le panneau fini doit reposer \u00e0 plat (c\u00f4t\u00e9 coll\u00e9 vers le haut) pendant au moins 12 heures dans un endroit frais avant d'\u00eatre install\u00e9 \u00e0 l'int\u00e9rieur du v\u00e9hicule.<\/p>\n<p>S\u00e9curit\u00e9 : Assurer une bonne ventilation et utiliser les \u00e9quipements de protection individuelle standard lors de la pulv\u00e9risation.<\/p>\n<p>&nbsp;<\/p>\n<p><strong data-start=\"413\" data-end=\"427\">Fabricant :<\/strong><\/p>\n<p>Paniker S.L.U.<br data-start=\"479\" data-end=\"482\" \/>Crta. Santa Creu de Calafell, 68,<br data-start=\"515\" data-end=\"518\" \/>08830 Sant Boi de Llobregat (Barcelone), Espagne<\/p>\n<p><strong>Informations sur les risques\u00a0<\/strong><\/p>\n<ul>\n<li>Note : Produit destin\u00e9 \u00e0 un usage professionnel.<\/li>\n<li>Risques potentiels<\/li>\n<li>Le produit peut provoquer une irritation de la peau et des yeux.<\/li>\n<li>L'inhalation prolong\u00e9e de vapeurs peut \u00eatre nocive et provoquer des somnolences ou des vertiges.<\/li>\n<li>Contient des solvants inflammables - risque d'incendie au contact du feu ou d'\u00e9tincelles.<\/li>\n<li>Pr\u00e9cautions<\/li>\n<li>N'utiliser que dans des zones bien ventil\u00e9es.<\/li>\n<li>\u00c9viter le contact avec les yeux et la peau - utiliser des gants et des lunettes de protection.<\/li>\n<li>Ne pas fumer et tenir \u00e0 l'\u00e9cart des flammes nues, des \u00e9tincelles et des surfaces chaudes.<\/li>\n<li>Conserver dans l'emballage d'origine ferm\u00e9, dans un endroit frais et sec.<\/li>\n<li>Tenir hors de port\u00e9e des enfants.<\/li>\n<li>Informations compl\u00e9mentaires<\/li>\n<li>Produit couvert par REACH et CLP (EC 1272\/2008).<\/li>\n<li>Fiche de donn\u00e9es de s\u00e9curit\u00e9 (FDS) disponible sur demande aupr\u00e8s du fabricant.<\/li>\n<\/ul>\n<p>&nbsp;<\/p>","protected":false},"excerpt":{"rendered":"<p>Colle sp\u00e9ciale pour plafonds de voiture PANIKER \u2013 colle r\u00e9sistante aux temp\u00e9ratures \u00e9lev\u00e9es \u2013 colle \u00e0 tr\u00e8s haute force d'adh\u00e9rence, l\u00e0 o\u00f9 les colles ordinaires \u00e9chouent \u2013 pour une utilisation dans l'industrie automobile pour le collage des plafonds de voiture \u2013 application \u00e0 l'aide d'un pistolet \u2013 r\u00e9sistante \u00e0 des temp\u00e9ratures \u00e9lev\u00e9es + 130 degr\u00e9s Celsius \u2013 capacit\u00e9 5L   Param\u00e8tres de pulv\u00e9risation :\u2026<\/p>","protected":false},"featured_media":1653,"comment_status":"open","ping_status":"closed","template":"","meta":{"_acf_changed":false,"_kad_blocks_custom_css":"","_kad_blocks_head_custom_js":"","_kad_blocks_body_custom_js":"","_kad_blocks_footer_custom_js":"","_kad_post_transparent":"default","_kad_post_title":"","_kad_post_layout":"default","_kad_post_sidebar_id":"","_kad_post_content_style":"default","_kad_post_vertical_padding":"default","_kad_post_feature":"","_kad_post_feature_position":"","_kad_post_header":false,"_kad_post_footer":false,"_kad_post_classname":""},"product_brand":[92],"product_cat":[80],"product_tag":[],"class_list":{"0":"post-1652","1":"product","2":"type-product","3":"status-publish","4":"has-post-thumbnail","6":"product_brand-paniker","7":"product_cat-kleje-do-podsufitek-samochodowych","9":"first","10":"instock","11":"shipping-taxable","12":"purchasable","13":"product-type-simple","14":"entry","15":"content-bg","16":"loop-entry"},"acf":[],"taxonomy_info":{"product_brand":[{"value":92,"label":"PANIKER"}],"product_cat":[{"value":80,"label":"KLEJE"}]},"featured_image_src_large":["https:\/\/modeco-sklep.pl\/wp-content\/uploads\/2025\/06\/paniker-sonocel-1-1024x1024.jpg",1024,1024,true],"author_info":[],"comment_info":0,"_links":{"self":[{"href":"https:\/\/modeco-sklep.pl\/fr\/wp-json\/wp\/v2\/product\/1652","targetHints":{"allow":["GET"]}}],"collection":[{"href":"https:\/\/modeco-sklep.pl\/fr\/wp-json\/wp\/v2\/product"}],"about":[{"href":"https:\/\/modeco-sklep.pl\/fr\/wp-json\/wp\/v2\/types\/product"}],"replies":[{"embeddable":true,"href":"https:\/\/modeco-sklep.pl\/fr\/wp-json\/wp\/v2\/comments?post=1652"}],"wp:featuredmedia":[{"embeddable":true,"href":"https:\/\/modeco-sklep.pl\/fr\/wp-json\/wp\/v2\/media\/1653"}],"wp:attachment":[{"href":"https:\/\/modeco-sklep.pl\/fr\/wp-json\/wp\/v2\/media?parent=1652"}],"wp:term":[{"taxonomy":"product_brand","embeddable":true,"href":"https:\/\/modeco-sklep.pl\/fr\/wp-json\/wp\/v2\/product_brand?post=1652"},{"taxonomy":"product_cat","embeddable":true,"href":"https:\/\/modeco-sklep.pl\/fr\/wp-json\/wp\/v2\/product_cat?post=1652"},{"taxonomy":"product_tag","embeddable":true,"href":"https:\/\/modeco-sklep.pl\/fr\/wp-json\/wp\/v2\/product_tag?post=1652"}],"curies":[{"name":"wp","href":"https:\/\/api.w.org\/{rel}","templated":true}]}}