{"id":1479,"date":"2025-06-12T18:08:43","date_gmt":"2025-06-12T18:08:43","guid":{"rendered":"https:\/\/modeco.mywebwork.net\/produkt\/nappa-tex-diamond-design-nic-biala\/"},"modified":"2026-01-08T23:40:02","modified_gmt":"2026-01-08T22:40:02","slug":"nappa-tex-diamond-design-blanc","status":"publish","type":"product","link":"https:\/\/modeco-sklep.pl\/fr\/nappa-tex-diamond-design-nic-biala\/","title":{"rendered":"NAPPA-TEX DIAMOND DESIGN \/ FIL BLANC"},"content":{"rendered":"<div class=\"widoczna tz_opis GlownyOpisProduktu\">\n<h3>EKO-SK\u00d3RA NAPPA-TEX  cuir synth\u00e9tique de haute qualit\u00e9<\/h3>\n<p>Le cuir \u00e9cologique est un tissu enduit id\u00e9al pour les rev\u00eatements automobiles, notamment les si\u00e8ges et les panneaux de porte.<\/p>\n<h4><strong>Caract\u00e9ristiques du produit :<\/strong><\/h4>\n<p>\u2714 Mati\u00e8re Nappa de haute qualit\u00e9 avec une texture lisse<br \/>\n\u2714 Lamin\u00e9 sur une mousse de 5 mm d'\u00e9paisseur<br \/>\n\u2714 Tissu piqu\u00e9 avec du fil<\/p>\n<h4><strong>D\u00e9tails :<\/strong><\/h4>\n<p>En achetant 1 pi\u00e8ce, vous recevez 1 m\u00e8tre courant de tissu (100 cm x 137 cm).<br \/>\nLargeur du tissu : 137 cm<\/p>\n<\/div>","protected":false},"excerpt":{"rendered":"<p>NAPPA-TEX cuir synth\u00e9tique de haute qualit\u00e9 L'\u00e9co-cuir est un tissu enduit id\u00e9al pour le rev\u00eatement des voitures, y compris les si\u00e8ges et les c\u00f4t\u00e9s des portes. Caract\u00e9ristiques du produit : \u2714 Tissu Nappa de haute qualit\u00e9 avec une texture lisse \u2714 Lamin\u00e9 sur une mousse de 5 mm d'\u00e9paisseur \u2714 Tissu piqu\u00e9 avec du fil D\u00e9tails : Lorsque vous achetez 1 article, vous recevez 1 m\u00e8tre courant de tissu (100 cm x...<\/p>","protected":false},"featured_media":1077,"comment_status":"closed","ping_status":"closed","template":"","meta":{"_acf_changed":false,"_kad_blocks_custom_css":"","_kad_blocks_head_custom_js":"","_kad_blocks_body_custom_js":"","_kad_blocks_footer_custom_js":"","_kad_post_transparent":"default","_kad_post_title":"","_kad_post_layout":"default","_kad_post_sidebar_id":"","_kad_post_content_style":"default","_kad_post_vertical_padding":"default","_kad_post_feature":"","_kad_post_feature_position":"","_kad_post_header":false,"_kad_post_footer":false,"_kad_post_classname":""},"product_brand":[17],"product_cat":[45],"product_tag":[],"class_list":{"0":"post-1479","1":"product","2":"type-product","3":"status-publish","4":"has-post-thumbnail","6":"product_brand-modeco","7":"product_cat-skory-syntetyczne-pikowane-tkaniny-pikowane","9":"first","10":"instock","11":"purchasable","12":"product-type-simple","13":"entry","14":"content-bg","15":"loop-entry"},"acf":[],"taxonomy_info":{"product_brand":[{"value":17,"label":"MODECO"}],"product_cat":[{"value":45,"label":"SK\u00d3RY SYNTETYCZNE PIKOWANE"}]},"featured_image_src_large":["https:\/\/modeco-sklep.pl\/wp-content\/uploads\/2025\/06\/20250412_152519-1024x683.jpg",1024,683,true],"author_info":[],"comment_info":0,"_links":{"self":[{"href":"https:\/\/modeco-sklep.pl\/fr\/wp-json\/wp\/v2\/product\/1479","targetHints":{"allow":["GET"]}}],"collection":[{"href":"https:\/\/modeco-sklep.pl\/fr\/wp-json\/wp\/v2\/product"}],"about":[{"href":"https:\/\/modeco-sklep.pl\/fr\/wp-json\/wp\/v2\/types\/product"}],"replies":[{"embeddable":true,"href":"https:\/\/modeco-sklep.pl\/fr\/wp-json\/wp\/v2\/comments?post=1479"}],"wp:featuredmedia":[{"embeddable":true,"href":"https:\/\/modeco-sklep.pl\/fr\/wp-json\/wp\/v2\/media\/1077"}],"wp:attachment":[{"href":"https:\/\/modeco-sklep.pl\/fr\/wp-json\/wp\/v2\/media?parent=1479"}],"wp:term":[{"taxonomy":"product_brand","embeddable":true,"href":"https:\/\/modeco-sklep.pl\/fr\/wp-json\/wp\/v2\/product_brand?post=1479"},{"taxonomy":"product_cat","embeddable":true,"href":"https:\/\/modeco-sklep.pl\/fr\/wp-json\/wp\/v2\/product_cat?post=1479"},{"taxonomy":"product_tag","embeddable":true,"href":"https:\/\/modeco-sklep.pl\/fr\/wp-json\/wp\/v2\/product_tag?post=1479"}],"curies":[{"name":"wp","href":"https:\/\/api.w.org\/{rel}","templated":true}]}}