{"id":1476,"date":"2025-06-12T18:08:43","date_gmt":"2025-06-12T18:08:43","guid":{"rendered":"https:\/\/modeco.mywebwork.net\/produkt\/tkanina-na-fotel-black-1\/"},"modified":"2025-10-26T19:27:56","modified_gmt":"2025-10-26T18:27:56","slug":"tissu-pour-fauteuil-noir-1","status":"publish","type":"product","link":"https:\/\/modeco-sklep.pl\/fr\/tkanina-na-fotel-black-1\/","title":{"rendered":"TISSU POUR FAUTEUIL \u2013 BLACK #1"},"content":{"rendered":"<h4>Le tissu automobile Cordiant est un mat\u00e9riau extr\u00eamement durable et esth\u00e9tique destin\u00e9 \u00e0 l'habillage des si\u00e8ges de voiture. Il se caract\u00e9rise par une grande r\u00e9sistance \u00e0 l'abrasion, ce qui garantit une longue dur\u00e9e de vie et un aspect \u00e9l\u00e9gant \u00e0 l'int\u00e9rieur du v\u00e9hicule.<\/h4>\n<h4>Le tissu pr\u00e9sente une structure dense et une surface agr\u00e9able au toucher, qui garantit un confort d'utilisation. Gr\u00e2ce \u00e0 sa souplesse et \u00e0 sa r\u00e9sistance, il s'adapte parfaitement \u00e0 la forme des fauteuils. De plus, le tissu est facile \u00e0 nettoyer et r\u00e9sistant aux rayons UV, ce qui emp\u00eache la d\u00e9coloration.<\/h4>\n<h4>Il convient parfaitement aux voitures particuli\u00e8res et aux utilitaires, garantissant un aspect esth\u00e9tique et un confort d'utilisation.<\/h4>\n<p>Largeur du tissu : 160 cm<\/p>\n<p>Le prix concerne 1 m\u00e8tre lin\u00e9aire (160 cm x 100 cm).<\/p>\n<p>&nbsp;<\/p>","protected":false},"excerpt":{"rendered":"<p>Le tissu automobile Cordiant est un mat\u00e9riau extr\u00eamement durable et esth\u00e9tique destin\u00e9 \u00e0 l'habillage des si\u00e8ges de voiture. Il se caract\u00e9rise par une grande r\u00e9sistance \u00e0 l'abrasion, ce qui lui conf\u00e8re une longue dur\u00e9e de vie et un aspect \u00e9l\u00e9gant \u00e0 l'int\u00e9rieur du v\u00e9hicule. Le tissu a une structure dense et une surface agr\u00e9able au toucher, ce qui garantit un confort d'utilisation. Gr\u00e2ce \u00e0 sa souplesse et \u00e0 sa r\u00e9sistance, il s'adapte parfaitement \u00e0 la forme des si\u00e8ges. De plus, le tissu...<\/p>","protected":false},"featured_media":1072,"comment_status":"closed","ping_status":"closed","template":"","meta":{"_acf_changed":false,"_kad_blocks_custom_css":"","_kad_blocks_head_custom_js":"","_kad_blocks_body_custom_js":"","_kad_blocks_footer_custom_js":"","_kad_post_transparent":"default","_kad_post_title":"","_kad_post_layout":"default","_kad_post_sidebar_id":"","_kad_post_content_style":"default","_kad_post_vertical_padding":"default","_kad_post_feature":"","_kad_post_feature_position":"","_kad_post_header":false,"_kad_post_footer":false,"_kad_post_classname":""},"product_brand":[],"product_cat":[102],"product_tag":[],"class_list":{"0":"post-1476","1":"product","2":"type-product","3":"status-publish","4":"has-post-thumbnail","6":"product_cat-tkaniny-koordynaty","8":"first","9":"instock","10":"purchasable","11":"product-type-simple","12":"entry","13":"content-bg","14":"loop-entry"},"acf":[],"taxonomy_info":{"product_cat":[{"value":102,"label":"TKANINY KOORDYNATY"}]},"featured_image_src_large":["https:\/\/modeco-sklep.pl\/wp-content\/uploads\/2025\/06\/Zrzut-ekranu-2025-03-20-083618-1024x683.jpg",1024,683,true],"author_info":[],"comment_info":0,"_links":{"self":[{"href":"https:\/\/modeco-sklep.pl\/fr\/wp-json\/wp\/v2\/product\/1476","targetHints":{"allow":["GET"]}}],"collection":[{"href":"https:\/\/modeco-sklep.pl\/fr\/wp-json\/wp\/v2\/product"}],"about":[{"href":"https:\/\/modeco-sklep.pl\/fr\/wp-json\/wp\/v2\/types\/product"}],"replies":[{"embeddable":true,"href":"https:\/\/modeco-sklep.pl\/fr\/wp-json\/wp\/v2\/comments?post=1476"}],"wp:featuredmedia":[{"embeddable":true,"href":"https:\/\/modeco-sklep.pl\/fr\/wp-json\/wp\/v2\/media\/1072"}],"wp:attachment":[{"href":"https:\/\/modeco-sklep.pl\/fr\/wp-json\/wp\/v2\/media?parent=1476"}],"wp:term":[{"taxonomy":"product_brand","embeddable":true,"href":"https:\/\/modeco-sklep.pl\/fr\/wp-json\/wp\/v2\/product_brand?post=1476"},{"taxonomy":"product_cat","embeddable":true,"href":"https:\/\/modeco-sklep.pl\/fr\/wp-json\/wp\/v2\/product_cat?post=1476"},{"taxonomy":"product_tag","embeddable":true,"href":"https:\/\/modeco-sklep.pl\/fr\/wp-json\/wp\/v2\/product_tag?post=1476"}],"curies":[{"name":"wp","href":"https:\/\/api.w.org\/{rel}","templated":true}]}}