{"id":1469,"date":"2025-06-12T18:08:37","date_gmt":"2025-06-12T18:08:37","guid":{"rendered":"https:\/\/modeco.mywebwork.net\/produkt\/softex-avon-133-cm-grafitowa\/"},"modified":"2026-02-11T11:31:05","modified_gmt":"2026-02-11T10:31:05","slug":"autocollant-avon-142-cm-anthracite","status":"publish","type":"product","link":"https:\/\/modeco-sklep.pl\/fr\/samoprzylepny-avon-142-cm-antracytowy\/","title":{"rendered":"AUTOCOLLANT AVON (142 CM) - ANTHRACITE"},"content":{"rendered":"<h3>REV\u00caTEMENT AUTO-ADH\u00c9SIF POUR PLAFOND ET C\u00d4T\u00c9S DE VOITURE<\/h3>\n<p data-start=\"0\" data-end=\"243\"><strong data-start=\"0\" data-end=\"26\">Tapis SOFTEX AVON<\/strong> a \u00e9t\u00e9 sp\u00e9cialement con\u00e7u pour la finition int\u00e9rieure des camping-cars, des camionnettes, des bus et des cabines de bateau. Il est id\u00e9al pour transformer les bus en camping-cars et toutes sortes de carrosseries.<\/p>\n<p data-start=\"245\" data-end=\"479\">Le mat\u00e9riel est <strong data-start=\"259\" data-end=\"276\">autocollant<\/strong> - est dot\u00e9 d'une couche adh\u00e9sive prot\u00e9g\u00e9e par un film protecteur pour une installation rapide et pratique. Le rev\u00eatement de sol peut \u00eatre appliqu\u00e9 sur les surfaces suivantes <strong data-start=\"412\" data-end=\"478\">m\u00e9tal, bois et autres substrats convenablement pr\u00e9par\u00e9s<\/strong>.<\/p>\n<p data-start=\"481\" data-end=\"660\">Merci \u00e0 <strong data-start=\"488\" data-end=\"514\">grande flexibilit\u00e9<\/strong> La doublure s'adapte tr\u00e8s bien aux nervures, aux passages de roues et aux formes irr\u00e9guli\u00e8res, tout en \u00e9tant facile \u00e0 former et \u00e0 \u00e9tirer.<\/p>\n<p data-start=\"662\" data-end=\"808\">Il est <strong data-start=\"670\" data-end=\"757\">mat\u00e9riel original utilis\u00e9 par les constructeurs de camping-cars et d'autocars<\/strong>, ce qui confirme sa durabilit\u00e9 et sa haute qualit\u00e9.<\/p>\n<p data-start=\"810\" data-end=\"999\">Le tapis a <strong data-start=\"829\" data-end=\"905\">certification pour l'utilisation dans les v\u00e9hicules d'utilit\u00e9 publique<\/strong>, Il peut donc \u00eatre utilis\u00e9 aussi bien dans un cadre priv\u00e9 que professionnel.<\/p>\n<p>D\u00e9tails du produit :<\/p>\n<p>Largeur du tapis : 142cm<br \/>\n\u00c9paisseur de la moquette : 3mm<\/p>\n<p>Le prix est pour 1 m\u00e8tre courant de moquette<\/p>","protected":false},"excerpt":{"rendered":"<p>Il est id\u00e9al pour transformer les bus, les camping-cars et toutes sortes de carrosseries. Le mat\u00e9riau est auto-adh\u00e9sif - il comporte une couche adh\u00e9sive prot\u00e9g\u00e9e par un film protecteur, ce qui permet une installation rapide et pratique. Le liner peut \u00eatre appliqu\u00e9...<\/p>","protected":false},"featured_media":7530,"comment_status":"closed","ping_status":"closed","template":"","meta":{"_acf_changed":false,"_kad_blocks_custom_css":"","_kad_blocks_head_custom_js":"","_kad_blocks_body_custom_js":"","_kad_blocks_footer_custom_js":"","_kad_post_transparent":"default","_kad_post_title":"","_kad_post_layout":"default","_kad_post_sidebar_id":"","_kad_post_content_style":"default","_kad_post_vertical_padding":"default","_kad_post_feature":"","_kad_post_feature_position":"","_kad_post_header":false,"_kad_post_footer":false,"_kad_post_classname":""},"product_brand":[17],"product_cat":[52],"product_tag":[],"class_list":{"0":"post-1469","1":"product","2":"type-product","3":"status-publish","4":"has-post-thumbnail","6":"product_brand-modeco","7":"product_cat-avon-wykladzina-samoprzylepna","9":"first","10":"instock","11":"purchasable","12":"product-type-simple","13":"entry","14":"content-bg","15":"loop-entry"},"acf":[],"taxonomy_info":{"product_brand":[{"value":17,"label":"MODECO"}],"product_cat":[{"value":52,"label":"SAMOPRZYLEPNE WYK\u0141ADZINY SAMOCHODOWE"}]},"featured_image_src_large":["https:\/\/modeco-sklep.pl\/wp-content\/uploads\/2025\/06\/20260211_111906-1024x768.jpg",1024,768,true],"author_info":[],"comment_info":0,"_links":{"self":[{"href":"https:\/\/modeco-sklep.pl\/fr\/wp-json\/wp\/v2\/product\/1469","targetHints":{"allow":["GET"]}}],"collection":[{"href":"https:\/\/modeco-sklep.pl\/fr\/wp-json\/wp\/v2\/product"}],"about":[{"href":"https:\/\/modeco-sklep.pl\/fr\/wp-json\/wp\/v2\/types\/product"}],"replies":[{"embeddable":true,"href":"https:\/\/modeco-sklep.pl\/fr\/wp-json\/wp\/v2\/comments?post=1469"}],"wp:featuredmedia":[{"embeddable":true,"href":"https:\/\/modeco-sklep.pl\/fr\/wp-json\/wp\/v2\/media\/7530"}],"wp:attachment":[{"href":"https:\/\/modeco-sklep.pl\/fr\/wp-json\/wp\/v2\/media?parent=1469"}],"wp:term":[{"taxonomy":"product_brand","embeddable":true,"href":"https:\/\/modeco-sklep.pl\/fr\/wp-json\/wp\/v2\/product_brand?post=1469"},{"taxonomy":"product_cat","embeddable":true,"href":"https:\/\/modeco-sklep.pl\/fr\/wp-json\/wp\/v2\/product_cat?post=1469"},{"taxonomy":"product_tag","embeddable":true,"href":"https:\/\/modeco-sklep.pl\/fr\/wp-json\/wp\/v2\/product_tag?post=1469"}],"curies":[{"name":"wp","href":"https:\/\/api.w.org\/{rel}","templated":true}]}}