{"id":1453,"date":"2025-06-12T18:08:29","date_gmt":"2025-06-12T18:08:29","guid":{"rendered":"https:\/\/modeco.mywebwork.net\/produkt\/nappa-volvo-black\/"},"modified":"2026-02-20T20:18:58","modified_gmt":"2026-02-20T19:18:58","slug":"nappa-noir-mat","status":"publish","type":"product","link":"https:\/\/modeco-sklep.pl\/fr\/nappa-matt-black\/","title":{"rendered":"OEM NAPPA NOIR MAT (COULEUR 28)"},"content":{"rendered":"<p><span style=\"font-size: 22px;\"><span style=\"line-height: 107%;\"><span style=\"line-height: 107%;\">NAPPA NOIR MAT <\/span><\/span><\/span><\/p>\n<p><span style=\"line-height: 107%;\">Haute r\u00e9sistance \u00e0 l'abrasion<\/span><br \/>\n<span style=\"line-height: 107%;\">100% \u00e9tanche<\/span><br \/>\n<span style=\"line-height: 107%;\">Largeur du tissu : 138 cm<\/span><\/p>\n<p>COULEUR : 28<\/p>\n<p><span style=\"font-size: 18px;\"><span style=\"line-height: 107%;\">Le prix correspond \u00e0 1 m\u00e8tre courant (138 cm x 100 cm).<\/span><br \/>\n<span style=\"line-height: 107%;\">Lorsque vous achetez plusieurs m\u00e8tres, nous envoyons le tissu en un seul morceau, sans le couper.<\/span><\/span><\/p>","protected":false},"excerpt":{"rendered":"<p>NAPPA MATT BLACK Haute r\u00e9sistance \u00e0 l'abrasion 100% imperm\u00e9able Largeur du mat\u00e9riel : 138cm COULEUR : 28 Le prix est pour 1 m\u00e8tre courant ( 138cm x 100cm) Lors de l'achat de plusieurs m\u00e8tres, nous envoyons le mat\u00e9riel en entier, pas de d\u00e9coupe.<\/p>","protected":false},"featured_media":7406,"comment_status":"closed","ping_status":"closed","template":"","meta":{"_acf_changed":false,"_kad_blocks_custom_css":"","_kad_blocks_head_custom_js":"","_kad_blocks_body_custom_js":"","_kad_blocks_footer_custom_js":"","_kad_post_transparent":"default","_kad_post_title":"","_kad_post_layout":"default","_kad_post_sidebar_id":"","_kad_post_content_style":"default","_kad_post_vertical_padding":"default","_kad_post_feature":"","_kad_post_feature_position":"","_kad_post_header":false,"_kad_post_footer":false,"_kad_post_classname":""},"product_brand":[17],"product_cat":[58,166,156],"product_tag":[],"class_list":{"0":"post-1453","1":"product","2":"type-product","3":"status-publish","4":"has-post-thumbnail","6":"product_brand-modeco","7":"product_cat-skory-syntetyczne-skaje","8":"product_cat-skaje-samochodowe-oem-czarne","9":"product_cat-oem-black-colours","11":"first","12":"instock","13":"purchasable","14":"product-type-simple","15":"entry","16":"content-bg","17":"loop-entry"},"acf":[],"taxonomy_info":{"product_brand":[{"value":17,"label":"MODECO"}],"product_cat":[{"value":58,"label":"SKAJE SAMOCHODOWE"},{"value":166,"label":"OEM SKAJ BLACK"},{"value":156,"label":"OEM SKAJ COLOURS"}]},"featured_image_src_large":["https:\/\/modeco-sklep.pl\/wp-content\/uploads\/2025\/06\/28-1024x768.jpg",1024,768,true],"author_info":[],"comment_info":0,"_links":{"self":[{"href":"https:\/\/modeco-sklep.pl\/fr\/wp-json\/wp\/v2\/product\/1453","targetHints":{"allow":["GET"]}}],"collection":[{"href":"https:\/\/modeco-sklep.pl\/fr\/wp-json\/wp\/v2\/product"}],"about":[{"href":"https:\/\/modeco-sklep.pl\/fr\/wp-json\/wp\/v2\/types\/product"}],"replies":[{"embeddable":true,"href":"https:\/\/modeco-sklep.pl\/fr\/wp-json\/wp\/v2\/comments?post=1453"}],"wp:featuredmedia":[{"embeddable":true,"href":"https:\/\/modeco-sklep.pl\/fr\/wp-json\/wp\/v2\/media\/7406"}],"wp:attachment":[{"href":"https:\/\/modeco-sklep.pl\/fr\/wp-json\/wp\/v2\/media?parent=1453"}],"wp:term":[{"taxonomy":"product_brand","embeddable":true,"href":"https:\/\/modeco-sklep.pl\/fr\/wp-json\/wp\/v2\/product_brand?post=1453"},{"taxonomy":"product_cat","embeddable":true,"href":"https:\/\/modeco-sklep.pl\/fr\/wp-json\/wp\/v2\/product_cat?post=1453"},{"taxonomy":"product_tag","embeddable":true,"href":"https:\/\/modeco-sklep.pl\/fr\/wp-json\/wp\/v2\/product_tag?post=1453"}],"curies":[{"name":"wp","href":"https:\/\/api.w.org\/{rel}","templated":true}]}}