{"id":1452,"date":"2025-06-12T18:08:29","date_gmt":"2025-06-12T18:08:29","guid":{"rendered":"https:\/\/modeco.mywebwork.net\/produkt\/mercedes-mb-tex-taupe-bronze-perforowany\/"},"modified":"2026-01-29T22:14:46","modified_gmt":"2026-01-29T21:14:46","slug":"mercedes-mb-tex-taupe-bronze-perfore","status":"publish","type":"product","link":"https:\/\/modeco-sklep.pl\/fr\/mercedes-mb-tex-taupe-bronze-perforowany\/","title":{"rendered":"MERCEDES MB-TEX TAUPE BRONZE \/ PERFOR\u00c9"},"content":{"rendered":"<p><span style=\"font-size: 22px;\"><span style=\"line-height: 107%;\"><span style=\"line-height: 107%;\">MERCEDES MB-TEX <\/span><\/span><\/span><\/p>\n<p><span style=\"font-size: 18px;\">Motif d'estampage original<\/span><\/p>\n<p><span style=\"line-height: 107%;\">Haute r\u00e9sistance \u00e0 l'abrasion<\/span><br \/>\n<span style=\"line-height: 107%;\">100% \u00e9tanche<\/span><br \/>\n<span style=\"line-height: 107%;\">Largeur du tissu : 138 cm<\/span><\/p>\n<p><span style=\"font-size: 18px;\"><span style=\"line-height: 107%;\">Le prix correspond \u00e0 1 m\u00e8tre courant (138 cm x 100 cm).<\/span><br \/>\n<span style=\"line-height: 107%;\">Lorsque vous achetez plusieurs m\u00e8tres, nous envoyons le tissu en un seul morceau, sans le couper.<\/span><\/span><\/p>","protected":false},"excerpt":{"rendered":"<p>MERCEDES MB-TEX Motif original de gaufrage Haute r\u00e9sistance \u00e0 l'abrasion 100% imperm\u00e9able Largeur du tissu : 138cm Le prix est pour 1 m\u00e8tre courant ( 138cm x 100cm) Lors de l'achat de plusieurs m\u00e8tres, nous envoyons le mat\u00e9riel en entier, nous ne le coupons pas.<\/p>","protected":false},"featured_media":1044,"comment_status":"closed","ping_status":"closed","template":"","meta":{"_acf_changed":false,"_kad_blocks_custom_css":"","_kad_blocks_head_custom_js":"","_kad_blocks_body_custom_js":"","_kad_blocks_footer_custom_js":"","_kad_post_transparent":"default","_kad_post_title":"","_kad_post_layout":"default","_kad_post_sidebar_id":"","_kad_post_content_style":"default","_kad_post_vertical_padding":"default","_kad_post_feature":"","_kad_post_feature_position":"","_kad_post_header":false,"_kad_post_footer":false,"_kad_post_classname":""},"product_brand":[17],"product_cat":[58,156],"product_tag":[],"class_list":{"0":"post-1452","1":"product","2":"type-product","3":"status-publish","4":"has-post-thumbnail","6":"product_brand-modeco","7":"product_cat-skory-syntetyczne-skaje","8":"product_cat-oem-black-colours","10":"first","11":"instock","12":"purchasable","13":"product-type-simple","14":"entry","15":"content-bg","16":"loop-entry"},"acf":[],"taxonomy_info":{"product_brand":[{"value":17,"label":"MODECO"}],"product_cat":[{"value":58,"label":"SKAJE SAMOCHODOWE"},{"value":156,"label":"OEM SKAJ COLOURS"}]},"featured_image_src_large":["https:\/\/modeco-sklep.pl\/wp-content\/uploads\/2025\/06\/IMG_20250112_0016-1024x682.jpg",1024,682,true],"author_info":[],"comment_info":0,"_links":{"self":[{"href":"https:\/\/modeco-sklep.pl\/fr\/wp-json\/wp\/v2\/product\/1452","targetHints":{"allow":["GET"]}}],"collection":[{"href":"https:\/\/modeco-sklep.pl\/fr\/wp-json\/wp\/v2\/product"}],"about":[{"href":"https:\/\/modeco-sklep.pl\/fr\/wp-json\/wp\/v2\/types\/product"}],"replies":[{"embeddable":true,"href":"https:\/\/modeco-sklep.pl\/fr\/wp-json\/wp\/v2\/comments?post=1452"}],"wp:featuredmedia":[{"embeddable":true,"href":"https:\/\/modeco-sklep.pl\/fr\/wp-json\/wp\/v2\/media\/1044"}],"wp:attachment":[{"href":"https:\/\/modeco-sklep.pl\/fr\/wp-json\/wp\/v2\/media?parent=1452"}],"wp:term":[{"taxonomy":"product_brand","embeddable":true,"href":"https:\/\/modeco-sklep.pl\/fr\/wp-json\/wp\/v2\/product_brand?post=1452"},{"taxonomy":"product_cat","embeddable":true,"href":"https:\/\/modeco-sklep.pl\/fr\/wp-json\/wp\/v2\/product_cat?post=1452"},{"taxonomy":"product_tag","embeddable":true,"href":"https:\/\/modeco-sklep.pl\/fr\/wp-json\/wp\/v2\/product_tag?post=1452"}],"curies":[{"name":"wp","href":"https:\/\/api.w.org\/{rel}","templated":true}]}}