{"id":1437,"date":"2025-06-12T18:08:29","date_gmt":"2025-06-12T18:08:29","guid":{"rendered":"https:\/\/modeco.mywebwork.net\/produkt\/podsufitka-k869-jasny-szary-audi-vw\/"},"modified":"2025-07-14T23:11:12","modified_gmt":"2025-07-14T21:11:12","slug":"plafond-k869-gris-clair-audi-vw","status":"publish","type":"product","link":"https:\/\/modeco-sklep.pl\/fr\/podsufitka-k869-jasny-szary-audi-vw\/","title":{"rendered":"PLAFONNIER K869 GRIS CLAIR AUDI VW SKODA"},"content":{"rendered":"<p>TISSU AUTOMOBILE POUR LE PLAFOND<\/p>\n<p>Nos tissus pour garnitures de toit proviennent des plus grandes usines europ\u00e9ennes produisant des mat\u00e9riaux pour les constructeurs automobiles.<\/p>\n<p>Les mat\u00e9riaux sont de tr\u00e8s bonne qualit\u00e9 (OEM - premi\u00e8re qualit\u00e9).<br \/>\nLes mat\u00e9riaux sont lamin\u00e9s sur une mousse sp\u00e9ciale d'une \u00e9paisseur d'environ 3-4 mm.<br \/>\nLes mat\u00e9riaux sont flexibles et faciles \u00e0 travailler<br \/>\nLargeur du tissu : 150 cm<\/p>\n<p>Le prix est pour 1 m\u00e8tre courant ( 100 x 150cm)<br \/>\nLors de l'achat de plusieurs m\u00e8tres, nous essayons d'envoyer le mat\u00e9riel en un seul morceau.<\/p>\n<p>Adh\u00e9sif sp\u00e9cial, r\u00e9sistant aux temp\u00e9ratures \u00e9lev\u00e9es, disponible dans notre magasin<\/p>\n<p>Exp\u00e9dition du mat\u00e9riel dans un tube en carton s\u00e9curis\u00e9<\/p>\n<p>&nbsp;<\/p>\n<p>&nbsp;<\/p>\n<h3 style=\"margin: 18px 0px; text-align: left; color: #444444; text-transform: none; line-height: 24px; text-indent: 0px; letter-spacing: normal; font-size: 24px; font-style: normal; font-variant: normal; font-weight: 500; text-decoration: none; word-spacing: 0px; display: block; white-space: normal; box-sizing: border-box; orphans: 2; -webkit-text-stroke-width: 0px; background-color: transparent;\"><\/h3>","protected":false},"excerpt":{"rendered":"<p>TISSU AUTOMOBILE POUR PLAFONDS Les tissus pour plafonds automobiles que nous proposons proviennent des plus grandes usines europ\u00e9ennes produisant des mat\u00e9riaux pour les constructeurs automobiles. Les mat\u00e9riaux sont de tr\u00e8s bonne qualit\u00e9 (OEM \u2013 premi\u00e8re qualit\u00e9). Les mat\u00e9riaux sont lamin\u00e9s sur une mousse sp\u00e9ciale d'une \u00e9paisseur d'environ 3-4 mm. Les mat\u00e9riaux sont souples et faciles \u00e0 travailler. Largeur du mat\u00e9riau : 150 cm. Le prix concerne 1...<\/p>","protected":false},"featured_media":1026,"comment_status":"closed","ping_status":"closed","template":"","meta":{"_acf_changed":false,"_kad_blocks_custom_css":"","_kad_blocks_head_custom_js":"","_kad_blocks_body_custom_js":"","_kad_blocks_footer_custom_js":"","_kad_post_transparent":"","_kad_post_title":"","_kad_post_layout":"","_kad_post_sidebar_id":"","_kad_post_content_style":"","_kad_post_vertical_padding":"","_kad_post_feature":"","_kad_post_feature_position":"","_kad_post_header":false,"_kad_post_footer":false,"_kad_post_classname":""},"product_brand":[17],"product_cat":[33],"product_tag":[],"class_list":{"0":"post-1437","1":"product","2":"type-product","3":"status-publish","4":"has-post-thumbnail","6":"product_brand-modeco","7":"product_cat-tkaniny-dedykowane-oem","9":"first","10":"instock","11":"purchasable","12":"product-type-simple","13":"entry","14":"content-bg","15":"loop-entry"},"acf":[],"taxonomy_info":{"product_brand":[{"value":17,"label":"MODECO"}],"product_cat":[{"value":33,"label":"TKANINY DEDYKOWANE OEM"}]},"featured_image_src_large":["https:\/\/modeco-sklep.pl\/wp-content\/uploads\/2025\/06\/k869-scaled-1024x683.jpg",1024,683,true],"author_info":[],"comment_info":0,"_links":{"self":[{"href":"https:\/\/modeco-sklep.pl\/fr\/wp-json\/wp\/v2\/product\/1437","targetHints":{"allow":["GET"]}}],"collection":[{"href":"https:\/\/modeco-sklep.pl\/fr\/wp-json\/wp\/v2\/product"}],"about":[{"href":"https:\/\/modeco-sklep.pl\/fr\/wp-json\/wp\/v2\/types\/product"}],"replies":[{"embeddable":true,"href":"https:\/\/modeco-sklep.pl\/fr\/wp-json\/wp\/v2\/comments?post=1437"}],"wp:featuredmedia":[{"embeddable":true,"href":"https:\/\/modeco-sklep.pl\/fr\/wp-json\/wp\/v2\/media\/1026"}],"wp:attachment":[{"href":"https:\/\/modeco-sklep.pl\/fr\/wp-json\/wp\/v2\/media?parent=1437"}],"wp:term":[{"taxonomy":"product_brand","embeddable":true,"href":"https:\/\/modeco-sklep.pl\/fr\/wp-json\/wp\/v2\/product_brand?post=1437"},{"taxonomy":"product_cat","embeddable":true,"href":"https:\/\/modeco-sklep.pl\/fr\/wp-json\/wp\/v2\/product_cat?post=1437"},{"taxonomy":"product_tag","embeddable":true,"href":"https:\/\/modeco-sklep.pl\/fr\/wp-json\/wp\/v2\/product_tag?post=1437"}],"curies":[{"name":"wp","href":"https:\/\/api.w.org\/{rel}","templated":true}]}}