{"id":1428,"date":"2025-06-12T18:08:22","date_gmt":"2025-06-12T18:08:22","guid":{"rendered":"https:\/\/modeco.mywebwork.net\/produkt\/klej-h-b-fuller-5l-super-mocny\/"},"modified":"2025-09-30T17:33:23","modified_gmt":"2025-09-30T15:33:23","slug":"colle-h-b-fuller-5-l-super-forte","status":"publish","type":"product","link":"https:\/\/modeco-sklep.pl\/fr\/klej-h-b-fuller-5l-super-mocny\/","title":{"rendered":"Colle H.B. FULLER 5L SUPER GLUE"},"content":{"rendered":"<h1><strong><span style=\"font-size: 20px;\">Colle sp\u00e9ciale SUPER PUISSANTE pour automobiles H.B. FULLER<\/span><\/strong><\/h1>\n<p><span style=\"font-size: 16px;\">\u2013 colle r\u00e9sistante aux temp\u00e9ratures \u00e9lev\u00e9es<\/span><br \/>\n<span style=\"font-size: 16px;\">\u2013 colle \u00e0 tr\u00e8s haute force d'adh\u00e9rence, partout o\u00f9 les colles ordinaires \u00e9chouent <\/span><br \/>\n<span style=\"font-size: 16px;\">\u2013 pour une utilisation dans l'industrie automobile pour le collage des plafonds, des cockpits et des volants de voiture<br \/>\n\u2013 application \u00e0 l'aide d'un pistolet<br \/>\n\u2013 r\u00e9sistant \u00e0 des temp\u00e9ratures \u00e9lev\u00e9es + 130 degr\u00e9s Celsius<\/span><br \/>\n<span style=\"font-size: 16px;\">\u2013 capacit\u00e9 5 L<\/span><\/p>","protected":false},"excerpt":{"rendered":"<p>Colle sp\u00e9ciale SUPER PUISSANTE pour automobiles H.B. FULLER \u2013 colle r\u00e9sistante aux temp\u00e9ratures \u00e9lev\u00e9es \u2013 colle \u00e0 pouvoir adh\u00e9sif extr\u00eamement \u00e9lev\u00e9, utilisable partout o\u00f9 les colles ordinaires \u00e9chouent \u2013 pour une utilisation dans l'industrie automobile pour le collage des garnitures de toit, des tableaux de bord, des volants \u2013 application \u00e0 l'aide d'un pistolet \u2013 r\u00e9sistante \u00e0 des temp\u00e9ratures \u00e9lev\u00e9es + 130 degr\u00e9s Celsius \u2013 capacit\u00e9 5 L<\/p>","protected":false},"featured_media":2177,"comment_status":"closed","ping_status":"closed","template":"","meta":{"_acf_changed":false,"_kad_blocks_custom_css":"","_kad_blocks_head_custom_js":"","_kad_blocks_body_custom_js":"","_kad_blocks_footer_custom_js":"","_kad_post_transparent":"","_kad_post_title":"","_kad_post_layout":"","_kad_post_sidebar_id":"","_kad_post_content_style":"","_kad_post_vertical_padding":"","_kad_post_feature":"","_kad_post_feature_position":"","_kad_post_header":false,"_kad_post_footer":false,"_kad_post_classname":""},"product_brand":[94],"product_cat":[22,18],"product_tag":[],"class_list":{"0":"post-1428","1":"product","2":"type-product","3":"status-publish","4":"has-post-thumbnail","6":"product_brand-hb-fuller","7":"product_cat-klej-do-podsufitek","8":"product_cat-tkaniny-na-podsufitki-samochodowe","10":"first","11":"outofstock","12":"purchasable","13":"product-type-simple","14":"entry","15":"content-bg","16":"loop-entry"},"acf":[],"taxonomy_info":{"product_brand":[{"value":94,"label":"HB FULLER"}],"product_cat":[{"value":22,"label":"KLEJ DO PODSUFITEK"},{"value":18,"label":"TKANINY NA PODSUFITKI"}]},"featured_image_src_large":["https:\/\/modeco-sklep.pl\/wp-content\/uploads\/2025\/06\/adhesivos-fuller-2.jpg",800,533,false],"author_info":[],"comment_info":0,"_links":{"self":[{"href":"https:\/\/modeco-sklep.pl\/fr\/wp-json\/wp\/v2\/product\/1428","targetHints":{"allow":["GET"]}}],"collection":[{"href":"https:\/\/modeco-sklep.pl\/fr\/wp-json\/wp\/v2\/product"}],"about":[{"href":"https:\/\/modeco-sklep.pl\/fr\/wp-json\/wp\/v2\/types\/product"}],"replies":[{"embeddable":true,"href":"https:\/\/modeco-sklep.pl\/fr\/wp-json\/wp\/v2\/comments?post=1428"}],"wp:featuredmedia":[{"embeddable":true,"href":"https:\/\/modeco-sklep.pl\/fr\/wp-json\/wp\/v2\/media\/2177"}],"wp:attachment":[{"href":"https:\/\/modeco-sklep.pl\/fr\/wp-json\/wp\/v2\/media?parent=1428"}],"wp:term":[{"taxonomy":"product_brand","embeddable":true,"href":"https:\/\/modeco-sklep.pl\/fr\/wp-json\/wp\/v2\/product_brand?post=1428"},{"taxonomy":"product_cat","embeddable":true,"href":"https:\/\/modeco-sklep.pl\/fr\/wp-json\/wp\/v2\/product_cat?post=1428"},{"taxonomy":"product_tag","embeddable":true,"href":"https:\/\/modeco-sklep.pl\/fr\/wp-json\/wp\/v2\/product_tag?post=1428"}],"curies":[{"name":"wp","href":"https:\/\/api.w.org\/{rel}","templated":true}]}}