{"id":1422,"date":"2025-06-12T18:08:22","date_gmt":"2025-06-12T18:08:22","guid":{"rendered":"https:\/\/modeco.mywebwork.net\/produkt\/podsufitka-8k351-bezowy-audi-skoda\/"},"modified":"2026-02-04T15:01:45","modified_gmt":"2026-02-04T14:01:45","slug":"plafond-8k351-blanc-casse-audi-skoda","status":"publish","type":"product","link":"https:\/\/modeco-sklep.pl\/fr\/podsufitka-8k351-bezowy-audi-skoda\/","title":{"rendered":"PLAFONNIER 8K351 BEIGE AUDI VW SKODA"},"content":{"rendered":"<p data-start=\"60\" data-end=\"97\"><strong data-start=\"60\" data-end=\"97\">Tissu automobile pour garniture de pavillon<\/strong><\/p>\n<p data-start=\"99\" data-end=\"315\">Nous proposons des tissus automobiles de haute qualit\u00e9 destin\u00e9s au rev\u00eatement des plafonds. Nos mat\u00e9riaux proviennent de fabricants europ\u00e9ens renomm\u00e9s qui fournissent des tissus aux principaux constructeurs automobiles.<\/p>\n<p data-start=\"317\" data-end=\"346\"><strong data-start=\"317\" data-end=\"346\">Caract\u00e9ristiques du produit :<\/strong><\/p>\n<ul data-start=\"347\" data-end=\"506\">\n<li data-start=\"347\" data-end=\"405\">\n<p data-start=\"349\" data-end=\"405\">Mat\u00e9riau de classe OEM (premi\u00e8re qualit\u00e9) \u2013 qualit\u00e9 sup\u00e9rieure<\/p>\n<\/li>\n<li data-start=\"406\" data-end=\"447\">\n<p data-start=\"408\" data-end=\"447\">Lamin\u00e9 avec une mousse d'une \u00e9paisseur d'environ 3 \u00e0 4 mm<\/p>\n<\/li>\n<li data-start=\"448\" data-end=\"478\">\n<p data-start=\"450\" data-end=\"478\">Flexible et facile \u00e0 travailler<\/p>\n<\/li>\n<li data-start=\"479\" data-end=\"506\">\n<p data-start=\"481\" data-end=\"506\">Largeur : environ 150-155 cm<\/p>\n<\/li>\n<\/ul>\n<p data-start=\"508\" data-end=\"533\"><strong data-start=\"508\" data-end=\"533\">Informations compl\u00e9mentaires :<\/strong><\/p>\n<ul data-start=\"534\" data-end=\"673\">\n<li data-start=\"534\" data-end=\"581\">\n<p data-start=\"536\" data-end=\"581\">Le prix s'entend pour 1 m\u00e8tre courant (100 \u00d7 150 cm).<\/p>\n<\/li>\n<li data-start=\"582\" data-end=\"673\">\n<p data-start=\"584\" data-end=\"673\">Lorsque vous achetez une grande quantit\u00e9, le tissu est envoy\u00e9 en un seul morceau (dans la mesure du possible).<\/p>\n<\/li>\n<\/ul>\n<p data-start=\"675\" data-end=\"854\"><strong data-start=\"675\" data-end=\"685\">Important :<\/strong><br data-start=\"685\" data-end=\"688\" \/>Pour la pose du tissu, nous recommandons d'utiliser des colles sp\u00e9cialis\u00e9es pour carrosserie r\u00e9sistantes aux temp\u00e9ratures \u00e9lev\u00e9es. N'utilisez pas de colles standard pour tapisserie.<\/p>\n<p>&nbsp;<\/p>\n<h3 style=\"margin: 18px 0px; text-align: left; color: #444444; text-transform: none; line-height: 24px; text-indent: 0px; letter-spacing: normal; font-size: 24px; font-style: normal; font-variant: normal; font-weight: 500; text-decoration: none; word-spacing: 0px; display: block; white-space: normal; box-sizing: border-box; orphans: 2; -webkit-text-stroke-width: 0px; background-color: transparent;\"><\/h3>","protected":false},"excerpt":{"rendered":"<p>Tissu automobile pour garniture de toit Nous proposons des tissus automobiles de haute qualit\u00e9 destin\u00e9s \u00e0 l'habillage des garnitures de toit. Nos mat\u00e9riaux proviennent de fabricants europ\u00e9ens renomm\u00e9s qui fournissent des tissus aux principaux constructeurs automobiles. Caract\u00e9ristiques du produit : Mat\u00e9riau de classe OEM (premi\u00e8re qualit\u00e9) \u2013 qualit\u00e9 sup\u00e9rieure Lamin\u00e9 avec une mousse d'environ 3-4 mm d'\u00e9paisseur Souple et facile \u00e0 travailler Largeur : environ 150-155 cm Informations suppl\u00e9mentaires : Prix...<\/p>","protected":false},"featured_media":7463,"comment_status":"closed","ping_status":"closed","template":"","meta":{"_acf_changed":false,"_kad_blocks_custom_css":"","_kad_blocks_head_custom_js":"","_kad_blocks_body_custom_js":"","_kad_blocks_footer_custom_js":"","_kad_post_transparent":"default","_kad_post_title":"","_kad_post_layout":"default","_kad_post_sidebar_id":"","_kad_post_content_style":"default","_kad_post_vertical_padding":"default","_kad_post_feature":"","_kad_post_feature_position":"","_kad_post_header":false,"_kad_post_footer":false,"_kad_post_classname":""},"product_brand":[17],"product_cat":[33],"product_tag":[],"class_list":{"0":"post-1422","1":"product","2":"type-product","3":"status-publish","4":"has-post-thumbnail","6":"product_brand-modeco","7":"product_cat-tkaniny-dedykowane-oem","9":"first","10":"instock","11":"purchasable","12":"product-type-simple","13":"entry","14":"content-bg","15":"loop-entry"},"acf":[],"taxonomy_info":{"product_brand":[{"value":17,"label":"MODECO"}],"product_cat":[{"value":33,"label":"TKANINY DEDYKOWANE OEM"}]},"featured_image_src_large":["https:\/\/modeco-sklep.pl\/wp-content\/uploads\/2025\/06\/20260204_143129j-1024x768.jpg",1024,768,true],"author_info":[],"comment_info":0,"_links":{"self":[{"href":"https:\/\/modeco-sklep.pl\/fr\/wp-json\/wp\/v2\/product\/1422","targetHints":{"allow":["GET"]}}],"collection":[{"href":"https:\/\/modeco-sklep.pl\/fr\/wp-json\/wp\/v2\/product"}],"about":[{"href":"https:\/\/modeco-sklep.pl\/fr\/wp-json\/wp\/v2\/types\/product"}],"replies":[{"embeddable":true,"href":"https:\/\/modeco-sklep.pl\/fr\/wp-json\/wp\/v2\/comments?post=1422"}],"wp:featuredmedia":[{"embeddable":true,"href":"https:\/\/modeco-sklep.pl\/fr\/wp-json\/wp\/v2\/media\/7463"}],"wp:attachment":[{"href":"https:\/\/modeco-sklep.pl\/fr\/wp-json\/wp\/v2\/media?parent=1422"}],"wp:term":[{"taxonomy":"product_brand","embeddable":true,"href":"https:\/\/modeco-sklep.pl\/fr\/wp-json\/wp\/v2\/product_brand?post=1422"},{"taxonomy":"product_cat","embeddable":true,"href":"https:\/\/modeco-sklep.pl\/fr\/wp-json\/wp\/v2\/product_cat?post=1422"},{"taxonomy":"product_tag","embeddable":true,"href":"https:\/\/modeco-sklep.pl\/fr\/wp-json\/wp\/v2\/product_tag?post=1422"}],"curies":[{"name":"wp","href":"https:\/\/api.w.org\/{rel}","templated":true}]}}