{"id":1420,"date":"2025-06-12T18:08:22","date_gmt":"2025-06-12T18:08:22","guid":{"rendered":"https:\/\/modeco.mywebwork.net\/produkt\/podsufitka-8k207-ciemny-szary-audi-a4-a5a6-q3-q5-q7\/"},"modified":"2026-01-18T21:51:42","modified_gmt":"2026-01-18T20:51:42","slug":"garniture-de-pavillon-8k207-gris-fonce-audi-a4-a5a6-q3-q5-q7","status":"publish","type":"product","link":"https:\/\/modeco-sklep.pl\/fr\/podsufitka-8k207-ciemny-szary-audi-a4-a5a6-q3-q5-q7\/","title":{"rendered":"SLIM 8K207 GRIS FONC\u00c9 AUDI A4 A5A6 Q3 Q5 Q7"},"content":{"rendered":"<h2><b>TISSU AUTOMOBILE POUR MONTANTS \/ COUVERTURES DE TOIT OUVRANT<\/b><\/h2>\n<p>&nbsp;<\/p>\n<p>Nos tissus pour garnitures de toit proviennent des plus grandes usines europ\u00e9ennes produisant des mat\u00e9riaux pour les constructeurs automobiles.<\/p>\n<p>Les mat\u00e9riaux sont de tr\u00e8s bonne qualit\u00e9 (OEM - premi\u00e8re qualit\u00e9).<br \/>\nMat\u00e9riaux lamin\u00e9s sur un support sp\u00e9cial d'une \u00e9paisseur de 1,5 mm<br \/>\nLes mat\u00e9riaux sont flexibles et faciles \u00e0 travailler<br \/>\nLargeur du tissu : 150 cm<\/p>\n<p>Le prix est pour 1 m\u00e8tre courant ( 100 x 150cm)<br \/>\nLors de l'achat de plusieurs m\u00e8tres, nous essayons d'envoyer le mat\u00e9riel en un seul morceau.<\/p>\n<p>Adh\u00e9sif sp\u00e9cial, r\u00e9sistant aux temp\u00e9ratures \u00e9lev\u00e9es, disponible dans notre magasin<\/p>\n<p>&nbsp;<\/p>\n<h3 style=\"margin: 18px 0px; text-align: left; color: #444444; text-transform: none; line-height: 24px; text-indent: 0px; letter-spacing: normal; font-size: 24px; font-style: normal; font-variant: normal; font-weight: 500; text-decoration: none; word-spacing: 0px; display: block; white-space: normal; box-sizing: border-box; orphans: 2; -webkit-text-stroke-width: 0px; background-color: transparent;\"><\/h3>","protected":false},"excerpt":{"rendered":"<p>TISSU AUTOMOBILE POUR MONTANTS \/ COUVRE-TOIT Les tissus pour plafonds de voiture que nous proposons proviennent des plus grandes usines europ\u00e9ennes produisant des mat\u00e9riaux pour les constructeurs automobiles. Les mat\u00e9riaux sont de tr\u00e8s bonne qualit\u00e9 (OEM \u2013 premi\u00e8re qualit\u00e9). Les mat\u00e9riaux sont lamin\u00e9s sur un support sp\u00e9cial d'une \u00e9paisseur de 1,5 mm. Ils sont souples et faciles \u00e0 travailler. Largeur du mat\u00e9riau : 150 cm. Prix...<\/p>","protected":false},"featured_media":6796,"comment_status":"closed","ping_status":"closed","template":"","meta":{"_acf_changed":false,"_kad_blocks_custom_css":"","_kad_blocks_head_custom_js":"","_kad_blocks_body_custom_js":"","_kad_blocks_footer_custom_js":"","_kad_post_transparent":"default","_kad_post_title":"","_kad_post_layout":"default","_kad_post_sidebar_id":"","_kad_post_content_style":"default","_kad_post_vertical_padding":"default","_kad_post_feature":"","_kad_post_feature_position":"","_kad_post_header":false,"_kad_post_footer":false,"_kad_post_classname":""},"product_brand":[17],"product_cat":[77,18],"product_tag":[],"class_list":{"0":"post-1420","1":"product","2":"type-product","3":"status-publish","4":"has-post-thumbnail","6":"product_brand-modeco","7":"product_cat-tkaniny-bez-pianki-na-slupki","8":"product_cat-tkaniny-na-podsufitki-samochodowe","10":"first","11":"instock","12":"purchasable","13":"product-type-simple","14":"entry","15":"content-bg","16":"loop-entry"},"acf":[],"taxonomy_info":{"product_brand":[{"value":17,"label":"MODECO"}],"product_cat":[{"value":77,"label":"TKANINY BEZ PIANKI ( NA S\u0141UPKI)"},{"value":18,"label":"TKANINY NA PODSUFITKI"}]},"featured_image_src_large":["https:\/\/modeco-sklep.pl\/wp-content\/uploads\/2025\/06\/8K207-1-scaled-1-1024x683.jpg",1024,683,true],"author_info":[],"comment_info":0,"_links":{"self":[{"href":"https:\/\/modeco-sklep.pl\/fr\/wp-json\/wp\/v2\/product\/1420","targetHints":{"allow":["GET"]}}],"collection":[{"href":"https:\/\/modeco-sklep.pl\/fr\/wp-json\/wp\/v2\/product"}],"about":[{"href":"https:\/\/modeco-sklep.pl\/fr\/wp-json\/wp\/v2\/types\/product"}],"replies":[{"embeddable":true,"href":"https:\/\/modeco-sklep.pl\/fr\/wp-json\/wp\/v2\/comments?post=1420"}],"wp:featuredmedia":[{"embeddable":true,"href":"https:\/\/modeco-sklep.pl\/fr\/wp-json\/wp\/v2\/media\/6796"}],"wp:attachment":[{"href":"https:\/\/modeco-sklep.pl\/fr\/wp-json\/wp\/v2\/media?parent=1420"}],"wp:term":[{"taxonomy":"product_brand","embeddable":true,"href":"https:\/\/modeco-sklep.pl\/fr\/wp-json\/wp\/v2\/product_brand?post=1420"},{"taxonomy":"product_cat","embeddable":true,"href":"https:\/\/modeco-sklep.pl\/fr\/wp-json\/wp\/v2\/product_cat?post=1420"},{"taxonomy":"product_tag","embeddable":true,"href":"https:\/\/modeco-sklep.pl\/fr\/wp-json\/wp\/v2\/product_tag?post=1420"}],"curies":[{"name":"wp","href":"https:\/\/api.w.org\/{rel}","templated":true}]}}