{"id":1412,"date":"2025-06-12T18:08:15","date_gmt":"2025-06-12T18:08:15","guid":{"rendered":"https:\/\/modeco.mywebwork.net\/produkt\/podsufitka-k878-szary-z-wyrazna-struktura\/"},"modified":"2025-06-15T07:20:15","modified_gmt":"2025-06-15T07:20:15","slug":"plafond-k878-gris-avec-structure-prononcee","status":"publish","type":"product","link":"https:\/\/modeco-sklep.pl\/fr\/podsufitka-k878-szary-z-wyrazna-struktura\/","title":{"rendered":"PODSUFITKA K878 GRIS AVEC STRUCTURE MARQU\u00c9E"},"content":{"rendered":"<h2><span style=\"font-size:11pt\"><span style=\"line-height:normal\"><span style=\"font-family:\"><b><span style=\"font-size:12.0pt\"><span new=\"New\" style=\"font-family:\"><span style=\"color:#444444\">TISSU AUTOMOBILE POUR LE PLAFOND \u00a0<\/span><\/span><\/span><\/b><\/span><\/span><\/span><\/p>\n<p><span style=\"font-size:11pt\"><span style=\"line-height:normal\"><span style=\"font-family:\"><span style=\"font-size:12.0pt\"><span new=\"New\" style=\"font-family:\"><span style=\"color:#444444\">Nos tissus pour garnitures de toit proviennent des plus grandes usines europ\u00e9ennes produisant des mat\u00e9riaux pour les constructeurs automobiles.<\/p>\n<p>Couleur : Gris<\/p>\n<p>Mat\u00e9riau \u00e9galement disponible sans mousse \u2013 \u00e0 utiliser sur les montants et les volets de toit ouvrant \u2013 <a href=\"http:\/\/modeco-sklep.pl\/fr\/podsufitka-slim-b05-szara-bmw-e36-e38-e39-p-5076.html\/\">ICI<\/a><\/span><\/span><\/span><\/span><\/span><\/span><\/p>\n<p><span style=\"font-size:11pt\"><span style=\"line-height:normal\"><span style=\"font-family:\"><span style=\"font-size:12.0pt\"><span new=\"New\" style=\"font-family:\"><span style=\"color:#444444\">Les mat\u00e9riaux sont de tr\u00e8s bonne qualit\u00e9 (OEM - premi\u00e8re qualit\u00e9).<\/span><\/span><\/span><\/span><\/span><\/span><br \/><span style=\"font-size:11pt\"><span style=\"line-height:normal\"><span style=\"font-family:\"><span style=\"font-size:12.0pt\"><span new=\"New\" style=\"font-family:\"><span style=\"color:#444444\">Les mat\u00e9riaux sont lamin\u00e9s sur une mousse sp\u00e9ciale d'une \u00e9paisseur d'environ 3-4 mm.<\/span><\/span><\/span><\/span><\/span><\/span><br \/><span style=\"font-size:11pt\"><span style=\"line-height:normal\"><span style=\"font-family:\"><span style=\"font-size:12.0pt\"><span new=\"New\" style=\"font-family:\"><span style=\"color:#444444\">Les mat\u00e9riaux sont flexibles et faciles \u00e0 travailler<\/span><\/span><\/span><\/span><\/span><\/span><br \/><span style=\"font-size:11pt\"><span style=\"line-height:normal\"><span style=\"font-family:\"><span style=\"font-size:12.0pt\"><span new=\"New\" style=\"font-family:\"><span style=\"color:#444444\">Largeur du tissu : 150 cm<\/span><\/span><\/span><\/span><\/span><\/span><\/p>\n<p><span style=\"font-size:11pt\"><span style=\"line-height:normal\"><span style=\"font-family:\"><span style=\"font-size:12.0pt\"><span new=\"New\" style=\"font-family:\"><span style=\"color:#444444\">Le prix est pour 1 m\u00e8tre courant ( 100 x 150cm)<\/span><\/span><\/span><\/span><\/span><\/span><br \/><span style=\"font-size:11pt\"><span style=\"line-height:normal\"><span style=\"font-family:\"><span style=\"font-size:12.0pt\"><span new=\"New\" style=\"font-family:\"><span style=\"color:#444444\">Lors de l'achat de plusieurs m\u00e8tres, nous essayons d'envoyer le mat\u00e9riel en un seul morceau.<\/span><\/span><\/span><\/span><\/span><\/span><\/p>\n<p><span style=\"font-size:11pt\"><span style=\"line-height:normal\"><span style=\"font-family:\"><span style=\"font-size:12.0pt\"><span new=\"New\" style=\"font-family:\"><span style=\"color:#444444\">Adh\u00e9sif sp\u00e9cial, r\u00e9sistant aux temp\u00e9ratures \u00e9lev\u00e9es, disponible dans notre magasin<\/span><\/span><\/span><\/span><\/span><\/span><\/h2>\n<h3 style=\"margin: 18px 0px; text-align: left; color: rgb(68, 68, 68); text-transform: none; line-height: 24px; text-indent: 0px; letter-spacing: normal; font-size: 24px; font-style: normal; font-variant: normal; font-weight: 500; text-decoration: none; word-spacing: 0px; display: block; white-space: normal; box-sizing: border-box; orphans: 2; -webkit-text-stroke-width: 0px; background-color: transparent;\">\u00a0<\/h3>","protected":false},"excerpt":{"rendered":"<p>TISSU AUTOMOBILE POUR PLAFONDS   Les tissus pour plafonds automobiles que nous proposons proviennent des plus grandes usines europ\u00e9ennes produisant des mat\u00e9riaux pour les constructeurs automobiles. Couleur : Gris Le tissu est \u00e9galement disponible sans mousse \u2013 pour une utilisation sur les montants et les volets de toit ouvrant \u2013 ICI Les tissus sont de tr\u00e8s bonne qualit\u00e9 (OEM \u2013 premi\u00e8re qualit\u00e9). Les tissus sont lamin\u00e9s sur une...<\/p>","protected":false},"featured_media":1002,"comment_status":"closed","ping_status":"closed","template":"","meta":{"_acf_changed":false,"_kad_blocks_custom_css":"","_kad_blocks_head_custom_js":"","_kad_blocks_body_custom_js":"","_kad_blocks_footer_custom_js":"","_kad_post_transparent":"","_kad_post_title":"","_kad_post_layout":"","_kad_post_sidebar_id":"","_kad_post_content_style":"","_kad_post_vertical_padding":"","_kad_post_feature":"","_kad_post_feature_position":"","_kad_post_header":false,"_kad_post_footer":false,"_kad_post_classname":""},"product_brand":[17],"product_cat":[39,18],"product_tag":[],"class_list":{"0":"post-1412","1":"product","2":"type-product","3":"status-publish","4":"has-post-thumbnail","6":"product_brand-modeco","7":"product_cat-tkaniny-kolekcja-regularna","8":"product_cat-tkaniny-na-podsufitki-samochodowe","10":"first","11":"instock","12":"purchasable","13":"product-type-simple","14":"entry","15":"content-bg","16":"loop-entry"},"acf":[],"taxonomy_info":{"product_brand":[{"value":17,"label":"MODECO"}],"product_cat":[{"value":39,"label":"TKANINY - KOLEKCJA REGULARNA"},{"value":18,"label":"TKANINY NA PODSUFITKI"}]},"featured_image_src_large":["https:\/\/modeco-sklep.pl\/wp-content\/uploads\/2025\/06\/k878-scaled-1024x683.jpg",1024,683,true],"author_info":[],"comment_info":0,"_links":{"self":[{"href":"https:\/\/modeco-sklep.pl\/fr\/wp-json\/wp\/v2\/product\/1412","targetHints":{"allow":["GET"]}}],"collection":[{"href":"https:\/\/modeco-sklep.pl\/fr\/wp-json\/wp\/v2\/product"}],"about":[{"href":"https:\/\/modeco-sklep.pl\/fr\/wp-json\/wp\/v2\/types\/product"}],"replies":[{"embeddable":true,"href":"https:\/\/modeco-sklep.pl\/fr\/wp-json\/wp\/v2\/comments?post=1412"}],"wp:featuredmedia":[{"embeddable":true,"href":"https:\/\/modeco-sklep.pl\/fr\/wp-json\/wp\/v2\/media\/1002"}],"wp:attachment":[{"href":"https:\/\/modeco-sklep.pl\/fr\/wp-json\/wp\/v2\/media?parent=1412"}],"wp:term":[{"taxonomy":"product_brand","embeddable":true,"href":"https:\/\/modeco-sklep.pl\/fr\/wp-json\/wp\/v2\/product_brand?post=1412"},{"taxonomy":"product_cat","embeddable":true,"href":"https:\/\/modeco-sklep.pl\/fr\/wp-json\/wp\/v2\/product_cat?post=1412"},{"taxonomy":"product_tag","embeddable":true,"href":"https:\/\/modeco-sklep.pl\/fr\/wp-json\/wp\/v2\/product_tag?post=1412"}],"curies":[{"name":"wp","href":"https:\/\/api.w.org\/{rel}","templated":true}]}}